{"id":109,"date":"2020-09-21T12:23:03","date_gmt":"2020-09-21T12:23:03","guid":{"rendered":"http:\/\/www.idene.mg.gov.br\/site\/convenios-repasses-e-transferencias\/"},"modified":"2023-07-07T12:34:46","modified_gmt":"2023-07-07T15:34:46","slug":"convenios-repasses-e-transferencias","status":"publish","type":"page","link":"http:\/\/www.idene.mg.gov.br\/site\/convenios-repasses-e-transferencias\/","title":{"rendered":"Conv\u00eanios, Repasses e Transfer\u00eancias"},"content":{"rendered":"<p>Nesta se\u00e7\u00e3o s\u00e3o disponibilizadas informa\u00e7\u00f5es referentes a transfer\u00eancias de recursos p\u00fablicos realizadas pelo Estado por meio de conv\u00eanios de sa\u00edda, termos de colabora\u00e7\u00e3o e fomento, termos de parceria, resolu\u00e7\u00f5es e outros instrumentos cong\u00eaneres com os \u00f3rg\u00e3os ou entidades p\u00fablicas ou entidades privadas sem fins lucrativos.<\/p>\n<p>Acesse os<a href=\"https:\/\/www.transparencia.mg.gov.br\/convenios\/convenios-de-saida\" target=\"_blank\" rel=\"noopener\"> Conv\u00eanios de Sa\u00edda de Recursos <\/a>e termos de colabora\u00e7\u00e3o e fomento dos demais \u00f3rg\u00e3os\/entidades estaduais.<\/p>\n<p>Acesse os <a href=\"http:\/\/www.ppp.mg.gov.br\/\" target=\"_blank\" rel=\"noopener\">Termos de Concess\u00f5es \u2013 PPP<\/a> realizados por meio de Parcerias P\u00fablico-Privadas pelos demais \u00f3rg\u00e3os\/entidades estaduais.<\/p>\n<p><strong>Conv\u00eanio:<\/strong> Acordo firmado por entidades p\u00fablicas de qualquer esp\u00e9cie ou entre elas e organiza\u00e7\u00f5es particulares para realiza\u00e7\u00e3o de objetivos de interesses p\u00fablicos comuns. O Conv\u00eanio \u00e9, por isso mesmo, uma das principais formas de transfer\u00eancia de recursos financeiros de dota\u00e7\u00f5es consignadas nos Or\u00e7amentos Fiscais e da Seguridade Social da Uni\u00e3o para execu\u00e7\u00e3o descentralizada de programa de governo envolvendo interesse comum, em regime de m\u00fatua coopera\u00e7\u00e3o entre os part\u00edcipes.<\/p>\n<p><strong>Contrato de Repasse:<\/strong> Instrumento utilizado pela Uni\u00e3o para transfer\u00eancia de recursos financeiros da Uni\u00e3o para Estados, Distrito Federal ou Munic\u00edpios, por interm\u00e9dio de institui\u00e7\u00e3o ou ag\u00eancia financeira oficial federal, destinados \u00e0 execu\u00e7\u00e3o de programas governamentais.<\/p>\n<p><strong>Termo ou Acordo de Coopera\u00e7\u00e3o T\u00e9cnica e Financeira:<\/strong> Instrumento de descentraliza\u00e7\u00e3o de cr\u00e9ditos or\u00e7ament\u00e1rios e financeiros entre \u00f3rg\u00e3os da administra\u00e7\u00e3o p\u00fablica federal direta, autarquias, funda\u00e7\u00e3o p\u00fablica ou empresa estatal dependentes federais para executar programa de governo envolvendo projeto, atividade, aquisi\u00e7\u00e3o de bens ou evento, mediante portaria ministerial e sem a necessidade de exig\u00eancia de contrapartida.<\/p>\n","protected":false},"excerpt":{"rendered":"<p>Nesta se&ccedil;&atilde;o s&atilde;o disponibilizadas informa&ccedil;&otilde;es referentes a transfer&ecirc;ncias de recursos p&uacute;blicos realizadas pelo Estado por meio de conv&ecirc;nios de sa&iacute;da, termos de colabora&ccedil;&atilde;o e fomento, termos de parceria, resolu&ccedil;&otilde;es e outros instrumentos cong&ecirc;neres com os &oacute;rg&atilde;os ou entidades p&uacute;blicas ou entidades privadas sem fins lucrativos. Acesse os Conv&ecirc;nios de Sa&iacute;da de Recursos e termos de [&hellip;]<\/p>\n","protected":false},"author":1,"featured_media":0,"parent":0,"menu_order":0,"comment_status":"closed","ping_status":"closed","template":"","meta":{"kia_subtitle":"","_FSMCFIC_featured_image_caption":"","_FSMCFIC_featured_image_nocaption":"","_FSMCFIC_featured_image_hide":""},"_links":{"self":[{"href":"http:\/\/www.idene.mg.gov.br\/site\/wp-json\/wp\/v2\/pages\/109"}],"collection":[{"href":"http:\/\/www.idene.mg.gov.br\/site\/wp-json\/wp\/v2\/pages"}],"about":[{"href":"http:\/\/www.idene.mg.gov.br\/site\/wp-json\/wp\/v2\/types\/page"}],"author":[{"embeddable":true,"href":"http:\/\/www.idene.mg.gov.br\/site\/wp-json\/wp\/v2\/users\/1"}],"replies":[{"embeddable":true,"href":"http:\/\/www.idene.mg.gov.br\/site\/wp-json\/wp\/v2\/comments?post=109"}],"version-history":[{"count":2,"href":"http:\/\/www.idene.mg.gov.br\/site\/wp-json\/wp\/v2\/pages\/109\/revisions"}],"predecessor-version":[{"id":4824,"href":"http:\/\/www.idene.mg.gov.br\/site\/wp-json\/wp\/v2\/pages\/109\/revisions\/4824"}],"wp:attachment":[{"href":"http:\/\/www.idene.mg.gov.br\/site\/wp-json\/wp\/v2\/media?parent=109"}],"curies":[{"name":"wp","href":"https:\/\/api.w.org\/{rel}","templated":true}]}}