{"id":110,"date":"2020-09-21T12:47:35","date_gmt":"2020-09-21T12:47:35","guid":{"rendered":"http:\/\/www.idene.mg.gov.br\/site\/concursos-publicos\/"},"modified":"2026-01-30T16:42:15","modified_gmt":"2026-01-30T19:42:15","slug":"concursos-publicos","status":"publish","type":"page","link":"http:\/\/www.idene.mg.gov.br\/site\/concursos-publicos\/","title":{"rendered":"Concursos P\u00fablicos"},"content":{"rendered":"<p>Nesta se\u00e7\u00e3o s\u00e3o disponibilizadas tamb\u00e9m informa\u00e7\u00f5es sobre os concursos p\u00fablicos estaduais, incluindo os do Idene. Atualmente, o Instituto n\u00e3o possui concurso p\u00fablico em andamento.<\/p>\n<p>Acesse os\u00a0<a href=\"https:\/\/www.mg.gov.br\/planejamento\/pagina\/gestao-de-pessoas\/recrutamento-e-selecao\/recrutamento-e-selecao\" target=\"_blank\" rel=\"noopener\">Concursos P\u00fablicos em Andamento<\/a>\u00a0dispon\u00edveis na p\u00e1gina da Secretaria de Estado de Planejamento e Gest\u00e3o.<\/p>\n","protected":false},"excerpt":{"rendered":"<p>Nesta se&ccedil;&atilde;o s&atilde;o disponibilizadas tamb&eacute;m informa&ccedil;&otilde;es sobre os concursos p&uacute;blicos estaduais, incluindo os do Idene. Atualmente, o Instituto n&atilde;o possui concurso p&uacute;blico em andamento. Acesse os&nbsp;Concursos P&uacute;blicos em Andamento&nbsp;dispon&iacute;veis na p&aacute;gina da Secretaria de Estado de Planejamento e Gest&atilde;o.<\/p>\n","protected":false},"author":1,"featured_media":0,"parent":0,"menu_order":0,"comment_status":"closed","ping_status":"closed","template":"","meta":{"kia_subtitle":"","_FSMCFIC_featured_image_caption":"","_FSMCFIC_featured_image_nocaption":"","_FSMCFIC_featured_image_hide":""},"_links":{"self":[{"href":"http:\/\/www.idene.mg.gov.br\/site\/wp-json\/wp\/v2\/pages\/110"}],"collection":[{"href":"http:\/\/www.idene.mg.gov.br\/site\/wp-json\/wp\/v2\/pages"}],"about":[{"href":"http:\/\/www.idene.mg.gov.br\/site\/wp-json\/wp\/v2\/types\/page"}],"author":[{"embeddable":true,"href":"http:\/\/www.idene.mg.gov.br\/site\/wp-json\/wp\/v2\/users\/1"}],"replies":[{"embeddable":true,"href":"http:\/\/www.idene.mg.gov.br\/site\/wp-json\/wp\/v2\/comments?post=110"}],"version-history":[{"count":4,"href":"http:\/\/www.idene.mg.gov.br\/site\/wp-json\/wp\/v2\/pages\/110\/revisions"}],"predecessor-version":[{"id":6115,"href":"http:\/\/www.idene.mg.gov.br\/site\/wp-json\/wp\/v2\/pages\/110\/revisions\/6115"}],"wp:attachment":[{"href":"http:\/\/www.idene.mg.gov.br\/site\/wp-json\/wp\/v2\/media?parent=110"}],"curies":[{"name":"wp","href":"https:\/\/api.w.org\/{rel}","templated":true}]}}