{"id":115,"date":"2022-03-04T11:23:51","date_gmt":"2022-03-04T11:23:51","guid":{"rendered":"http:\/\/www.idene.mg.gov.br\/site\/pregao-eletronico-para-eventual-aquisicao-de-barracas-de-feira-livre-e-balancas-eletronicas\/"},"modified":"2023-07-10T11:26:29","modified_gmt":"2023-07-10T14:26:29","slug":"pregao-eletronico-para-eventual-aquisicao-de-barracas-de-feira-livre-e-balancas-eletronicas","status":"publish","type":"page","link":"http:\/\/www.idene.mg.gov.br\/site\/pregao-eletronico-para-eventual-aquisicao-de-barracas-de-feira-livre-e-balancas-eletronicas\/","title":{"rendered":"Preg\u00e3o eletr\u00f4nico para eventual aquisi\u00e7\u00e3o de barracas de feira livre e balan\u00e7as eletr\u00f4nicas"},"content":{"rendered":"<p>O Instituto de Desenvolvimento do Norte e Nordeste de Minas<br \/>\nGerais (Idene) torna p\u00fablica a realiza\u00e7\u00e3o de licita\u00e7\u00e3o na modalidade preg\u00e3o eletr\u00f4nico do<br \/>\ntipo menor pre\u00e7o, no modo de disputa aberto, em sess\u00e3o p\u00fablica, por meio do<br \/>\nsite <a href=\"http:\/\/www.compras.mg.gov.br\">www.compras.mg.gov.br<\/a>, visando ao registro de pre\u00e7os para eventual aquisi\u00e7\u00e3o<br \/>\nde <strong>Barracas de feira livre e Balan\u00e7as eletr\u00f4nicas<\/strong>, conforme especifica\u00e7\u00f5es,<br \/>\nexig\u00eancias e quantidades estabelecidas no Termo de Refer\u00eancia, nos termos da Lei Federal n\u00b0 10.520, de 17 de Julho de 2002<\/p>\n<p>e da Lei Estadual n\u00b0. 14.167, de 10 de janeiro de 2002 e do Decreto Estadual n\u00b0 48.012, de 22 de julho de 2020 e n\u00ba 46.311 de 16 de setembro de 2013.<\/p>\n<p>Este preg\u00e3o ser\u00e1 amparado pela <strong>Lei Complementar<\/strong> n\u00ba. 123, de 14 de dezembro de<br \/>\n2006 e pelas <strong>Leis Estaduais<\/strong> n\u00ba. 13.994, de 18 de setembro de 2001, n\u00ba. 20.826, de<br \/>\n31 de julho de 2013, pelos <strong>Decretos Estaduais<\/strong> n\u00ba. 45.902, de 27 de janeiro de<br \/>\n2012, n\u00ba 47.437, 26 de junho de 2018, n\u00ba Decreto 47.524, de 6 de novembro de<br \/>\n2018, n\u00ba. 37.924, de 16 de maio de 1996, <strong>n\u00b0 47.834, de 03 de janeiro de 2020<\/strong>,<br \/>\nn\u00b0 46.559, de 16 de julho de 2014, n\u00b0 44.786, de 18 de abril de 2008,<br \/>\npela <strong>Resolu\u00e7\u00e3o SEPLAG<\/strong> n\u00ba. 13, de 07 de fevereiro de 2014 e n\u00ba 93, de 28<br \/>\nnovembro de 2018, pelas <strong>Resolu\u00e7\u00f5es Conjuntas SEPLAG \/ SEF<\/strong> n.\u00ba 3.458, de 22<br \/>\nde julho de 2003 e n\u00ba 8.898 de 14 de junho 2013, pela<strong> Resolu\u00e7\u00e3o Conjunta<\/strong><br \/>\n<strong>SEPLAG\/SEF\/JUCEMG<\/strong> n.\u00ba 9.576, de 6 de julho 2016, aplicando-se subsidiariamente,<br \/>\na<strong> Lei Federal n\u00b0 8.666<\/strong>, de 21 de Junho de 1993, e as condi\u00e7\u00f5es estabelecidas<br \/>\nnesse edital e seus anexos, que dele constituem parte integrante e insepar\u00e1vel para<br \/>\ntodos os efeitos legais.<\/p>\n<p>Confira o edital completo:\u00a0<a href=\"http:\/\/www.idene.mg.gov.br\/site\/wp-content\/uploads\/2023\/07\/Edital_Barracas-1.pdf\" target=\"_blank\" rel=\"noopener\">Edital<\/a><\/p>\n<iframe src=\"\/\/docs.google.com\/viewer?url=http%3A%2F%2Fwww.idene.mg.gov.br%2Fsite%2Fwp-content%2Fuploads%2F2023%2F07%2FEdital_Barracas-1.pdf&hl=pt_BR&embedded=true\" class=\"gde-frame\" style=\"width:100%; height:500px; border: none;\" scrolling=\"no\"><\/iframe>\n<p class=\"gde-text\"><a href=\"http:\/\/www.idene.mg.gov.br\/site\/wp-content\/uploads\/2023\/07\/Edital_Barracas-1.pdf\" class=\"gde-link\">Download (PDF, 658KB)<\/a><\/p>\n<p>Publica\u00e7\u00e3o Dou:\u00a0<a href=\"http:\/\/www.idene.mg.gov.br\/site\/wp-content\/uploads\/2023\/07\/publi._Dou_edital_barracas-1.pdf\" target=\"_blank\" rel=\"noopener\">Publica\u00e7\u00e3o Dou<\/a><\/p>\n<iframe src=\"\/\/docs.google.com\/viewer?url=http%3A%2F%2Fwww.idene.mg.gov.br%2Fsite%2Fwp-content%2Fuploads%2F2023%2F07%2Fpubli._Dou_edital_barracas-1.pdf&hl=pt_BR&embedded=true\" class=\"gde-frame\" style=\"width:100%; height:500px; border: none;\" scrolling=\"no\"><\/iframe>\n<p class=\"gde-text\"><a href=\"http:\/\/www.idene.mg.gov.br\/site\/wp-content\/uploads\/2023\/07\/publi._Dou_edital_barracas-1.pdf\" class=\"gde-link\">Download (PDF, 125KB)<\/a><\/p>\n<p>Publica\u00e7\u00e3o IOF:\u00a0<a href=\"http:\/\/www.idene.mg.gov.br\/site\/wp-content\/uploads\/2023\/07\/publicacao_IOF_edital_barracas-1.pdf\" target=\"_blank\" rel=\"noopener\">Publica\u00e7\u00e3o IOF<\/a><\/p>\n<iframe src=\"\/\/docs.google.com\/viewer?url=http%3A%2F%2Fwww.idene.mg.gov.br%2Fsite%2Fwp-content%2Fuploads%2F2023%2F07%2Fpublicacao_IOF_edital_barracas-1.pdf&hl=pt_BR&embedded=true\" class=\"gde-frame\" style=\"width:100%; height:500px; border: none;\" scrolling=\"no\"><\/iframe>\n<p class=\"gde-text\"><a href=\"http:\/\/www.idene.mg.gov.br\/site\/wp-content\/uploads\/2023\/07\/publicacao_IOF_edital_barracas-1.pdf\" class=\"gde-link\">Download (PDF, 185KB)<\/a><\/p>\n","protected":false},"excerpt":{"rendered":"<p>O Instituto de Desenvolvimento do Norte e Nordeste de Minas Gerais (Idene) torna p&uacute;blica a realiza&ccedil;&atilde;o de licita&ccedil;&atilde;o na modalidade preg&atilde;o eletr&ocirc;nico do tipo menor pre&ccedil;o, no modo de disputa aberto, em sess&atilde;o p&uacute;blica, por meio do site www.compras.mg.gov.br, visando ao registro de pre&ccedil;os para eventual aquisi&ccedil;&atilde;o de Barracas de feira livre e Balan&ccedil;as eletr&ocirc;nicas, [&hellip;]<\/p>\n","protected":false},"author":1,"featured_media":0,"parent":0,"menu_order":0,"comment_status":"closed","ping_status":"closed","template":"","meta":{"kia_subtitle":"","_FSMCFIC_featured_image_caption":"","_FSMCFIC_featured_image_nocaption":"","_FSMCFIC_featured_image_hide":""},"_links":{"self":[{"href":"http:\/\/www.idene.mg.gov.br\/site\/wp-json\/wp\/v2\/pages\/115"}],"collection":[{"href":"http:\/\/www.idene.mg.gov.br\/site\/wp-json\/wp\/v2\/pages"}],"about":[{"href":"http:\/\/www.idene.mg.gov.br\/site\/wp-json\/wp\/v2\/types\/page"}],"author":[{"embeddable":true,"href":"http:\/\/www.idene.mg.gov.br\/site\/wp-json\/wp\/v2\/users\/1"}],"replies":[{"embeddable":true,"href":"http:\/\/www.idene.mg.gov.br\/site\/wp-json\/wp\/v2\/comments?post=115"}],"version-history":[{"count":2,"href":"http:\/\/www.idene.mg.gov.br\/site\/wp-json\/wp\/v2\/pages\/115\/revisions"}],"predecessor-version":[{"id":4974,"href":"http:\/\/www.idene.mg.gov.br\/site\/wp-json\/wp\/v2\/pages\/115\/revisions\/4974"}],"wp:attachment":[{"href":"http:\/\/www.idene.mg.gov.br\/site\/wp-json\/wp\/v2\/media?parent=115"}],"curies":[{"name":"wp","href":"https:\/\/api.w.org\/{rel}","templated":true}]}}