{"id":117,"date":"2022-05-11T14:15:28","date_gmt":"2022-05-11T14:15:28","guid":{"rendered":"http:\/\/www.idene.mg.gov.br\/site\/idene-prepara-licitacao-para-contratacao-de-servicos-de-instalacao-de-sistemas-integrados-de-abastecimento-de-agua-completos-2\/"},"modified":"2023-07-07T13:37:05","modified_gmt":"2023-07-07T16:37:05","slug":"idene-prepara-licitacao-para-contratacao-de-servicos-de-instalacao-de-sistemas-integrados-de-abastecimento-de-agua-completos-2","status":"publish","type":"page","link":"http:\/\/www.idene.mg.gov.br\/site\/idene-prepara-licitacao-para-contratacao-de-servicos-de-instalacao-de-sistemas-integrados-de-abastecimento-de-agua-completos-2\/","title":{"rendered":"Idene prepara licita\u00e7\u00e3o para contrata\u00e7\u00e3o de servi\u00e7os de Instala\u00e7\u00e3o de Sistemas Integrados de Abastecimento de \u00c1gua Completos"},"content":{"rendered":"<p>O INSTITUTO DE DESENVOLVIMENTO DO NORTE E NORDESTE DE MINAS GERAIS &#8211;<br \/>\nIDENE torna p\u00fablica a realiza\u00e7\u00e3o de licita\u00e7\u00e3o na modalidade preg\u00e3o eletr\u00f4nico do tipo<br \/>\nmenor pre\u00e7o, no modo de disputa aberto e fechado, em sess\u00e3o p\u00fablica, por<br \/>\nmeio do site www.compras.mg.gov.br, visando o registro de pre\u00e7os para eventual<br \/>\ncontrata\u00e7\u00e3o de servi\u00e7os de Instala\u00e7\u00e3o de Sistemas Integrados de Abastecimento de<br \/>\n\u00c1gua Completos &#8211; SIAAS, sob demanda, futura e eventual, conforme especifica\u00e7\u00f5es,<br \/>\nexig\u00eancias e quantidades estabelecidas neste documento, nos termos da Lei<br \/>\nFederal n\u00b0 10.520, de 17 de Julho de 2002 e da Lei Estadual n\u00b0. 14.167, de 10 de<br \/>\nJaneiro de 2002 e dos Decretos Estaduais n\u00b0 48.012, de 22 de julho de 2020 e n\u00ba<br \/>\n46.311 de 16 de setembro de 2013.<\/p>\n<p><span style=\"font-family: MetaPro, Tahoma, sans-serif; font-size: 16px;\">Confira o edital completo:<\/span><\/p>\n<p><a href=\"http:\/\/www.idene.mg.gov.br\/site\/wp-content\/uploads\/2023\/07\/Edital-TR-e-anexos.pdf\" target=\"_blank\" rel=\"noopener\">\u00a0<\/a><a href=\"https:\/\/idene.mg.gov.br\/wp\/joomlaimagens\/images\/Edital%20TR%20e%20anexos.pdf\">Edital TR e anexos.pdf<\/a><\/p>\n<iframe src=\"\/\/docs.google.com\/viewer?url=http%3A%2F%2Fwww.idene.mg.gov.br%2Fsite%2Fwp-content%2Fuploads%2F2023%2F07%2FEdital-TR-e-anexos.pdf&hl=pt_BR&embedded=true\" class=\"gde-frame\" style=\"width:100%; height:500px; border: none;\" scrolling=\"no\"><\/iframe>\n<p class=\"gde-text\"><a href=\"http:\/\/www.idene.mg.gov.br\/site\/wp-content\/uploads\/2023\/07\/Edital-TR-e-anexos.pdf\" class=\"gde-link\">Download (PDF, 4.55MB)<\/a><\/p>\n","protected":false},"excerpt":{"rendered":"<p>O INSTITUTO DE DESENVOLVIMENTO DO NORTE E NORDESTE DE MINAS GERAIS &ndash; IDENE torna p&uacute;blica a realiza&ccedil;&atilde;o de licita&ccedil;&atilde;o na modalidade preg&atilde;o eletr&ocirc;nico do tipo menor pre&ccedil;o, no modo de disputa aberto e fechado, em sess&atilde;o p&uacute;blica, por meio do site www.compras.mg.gov.br, visando o registro de pre&ccedil;os para eventual contrata&ccedil;&atilde;o de servi&ccedil;os de Instala&ccedil;&atilde;o de [&hellip;]<\/p>\n","protected":false},"author":1,"featured_media":0,"parent":0,"menu_order":0,"comment_status":"closed","ping_status":"closed","template":"","meta":{"kia_subtitle":"","_FSMCFIC_featured_image_caption":"","_FSMCFIC_featured_image_nocaption":"","_FSMCFIC_featured_image_hide":""},"_links":{"self":[{"href":"http:\/\/www.idene.mg.gov.br\/site\/wp-json\/wp\/v2\/pages\/117"}],"collection":[{"href":"http:\/\/www.idene.mg.gov.br\/site\/wp-json\/wp\/v2\/pages"}],"about":[{"href":"http:\/\/www.idene.mg.gov.br\/site\/wp-json\/wp\/v2\/types\/page"}],"author":[{"embeddable":true,"href":"http:\/\/www.idene.mg.gov.br\/site\/wp-json\/wp\/v2\/users\/1"}],"replies":[{"embeddable":true,"href":"http:\/\/www.idene.mg.gov.br\/site\/wp-json\/wp\/v2\/comments?post=117"}],"version-history":[{"count":2,"href":"http:\/\/www.idene.mg.gov.br\/site\/wp-json\/wp\/v2\/pages\/117\/revisions"}],"predecessor-version":[{"id":4857,"href":"http:\/\/www.idene.mg.gov.br\/site\/wp-json\/wp\/v2\/pages\/117\/revisions\/4857"}],"wp:attachment":[{"href":"http:\/\/www.idene.mg.gov.br\/site\/wp-json\/wp\/v2\/media?parent=117"}],"curies":[{"name":"wp","href":"https:\/\/api.w.org\/{rel}","templated":true}]}}