{"id":118,"date":"2022-05-11T14:24:53","date_gmt":"2022-05-11T14:24:53","guid":{"rendered":"http:\/\/www.idene.mg.gov.br\/site\/edital-de-licitacao-para-contratacao-de-servicos-de-instalacao-de-sistemas-integrados-de-abastecimento-de-agua-completos\/"},"modified":"2023-07-07T12:56:27","modified_gmt":"2023-07-07T15:56:27","slug":"edital-de-licitacao-para-contratacao-de-servicos-de-instalacao-de-sistemas-integrados-de-abastecimento-de-agua-completos","status":"publish","type":"page","link":"http:\/\/www.idene.mg.gov.br\/site\/edital-de-licitacao-para-contratacao-de-servicos-de-instalacao-de-sistemas-integrados-de-abastecimento-de-agua-completos\/","title":{"rendered":"Edital de licita\u00e7\u00e3o para contrata\u00e7\u00e3o de servi\u00e7os de Instala\u00e7\u00e3o de Sistemas Integrados de Abastecimento de \u00c1gua Completos"},"content":{"rendered":"<p>O Instituto de Desenvolvimento do Norte e Nordeste de Minas Gerais (Idene)\u00a0torna p\u00fablica a realiza\u00e7\u00e3o de licita\u00e7\u00e3o na modalidade preg\u00e3o eletr\u00f4nico do tipo\u00a0menor pre\u00e7o, no modo de disputa aberto e fechado, em sess\u00e3o p\u00fablica, por\u00a0meio do site: www.compras.mg.gov.br, visando ao registro de pre\u00e7os para eventual\u00a0contrata\u00e7\u00e3o de servi\u00e7os de Instala\u00e7\u00e3o de Sistemas Integrados de Abastecimento de\u00a0\u00c1gua Completos &#8211; SIAAs, sob demanda, futura e eventual, conforme especifica\u00e7\u00f5es,\u00a0exig\u00eancias e quantidades estabelecidas neste documento, nos termos da Lei\u00a0Federal n\u00b0 10.520, de 17 de Julho de 2002 e da Lei Estadual n\u00b0. 14.167, de 10 de<br \/>\nJaneiro de 2002 e dos Decretos Estaduais n\u00b0 48.012, de 22 de julho de 2020 e n\u00ba\u00a046.311 de 16 de setembro de 2013.<\/p>\n<p>Confira os editais completos:<\/p>\n<p>Sistemas Integrados de Abastecimento de \u00c1gua (SIAAs);<\/p>\n<p><a class=\"wf_file\" href=\"http:\/\/www.idene.mg.gov.br\/site\/wp-content\/uploads\/2023\/07\/Edital-SIAAs-1.pdf\">Edital SIAAs.pdf<\/a><\/p>\n<iframe src=\"\/\/docs.google.com\/viewer?url=http%3A%2F%2Fwww.idene.mg.gov.br%2Fsite%2Fwp-content%2Fuploads%2F2023%2F07%2FEdital-SIAAs-1.pdf&hl=pt_BR&embedded=true\" class=\"gde-frame\" style=\"width:100%; height:500px; border: none;\" scrolling=\"no\"><\/iframe>\n<p class=\"gde-text\"><a href=\"http:\/\/www.idene.mg.gov.br\/site\/wp-content\/uploads\/2023\/07\/Edital-SIAAs-1.pdf\" class=\"gde-link\">Download (PDF, 4.34MB)<\/a><\/p>\n","protected":false},"excerpt":{"rendered":"<p>O Instituto de Desenvolvimento do Norte e Nordeste de Minas Gerais (Idene)&nbsp;torna p&uacute;blica a realiza&ccedil;&atilde;o de licita&ccedil;&atilde;o na modalidade preg&atilde;o eletr&ocirc;nico do tipo&nbsp;menor pre&ccedil;o, no modo de disputa aberto e fechado, em sess&atilde;o p&uacute;blica, por&nbsp;meio do site: www.compras.mg.gov.br, visando ao registro de pre&ccedil;os para eventual&nbsp;contrata&ccedil;&atilde;o de servi&ccedil;os de Instala&ccedil;&atilde;o de Sistemas Integrados de Abastecimento de&nbsp;&Aacute;gua [&hellip;]<\/p>\n","protected":false},"author":1,"featured_media":0,"parent":0,"menu_order":0,"comment_status":"closed","ping_status":"closed","template":"","meta":{"kia_subtitle":"","_FSMCFIC_featured_image_caption":"","_FSMCFIC_featured_image_nocaption":"","_FSMCFIC_featured_image_hide":""},"_links":{"self":[{"href":"http:\/\/www.idene.mg.gov.br\/site\/wp-json\/wp\/v2\/pages\/118"}],"collection":[{"href":"http:\/\/www.idene.mg.gov.br\/site\/wp-json\/wp\/v2\/pages"}],"about":[{"href":"http:\/\/www.idene.mg.gov.br\/site\/wp-json\/wp\/v2\/types\/page"}],"author":[{"embeddable":true,"href":"http:\/\/www.idene.mg.gov.br\/site\/wp-json\/wp\/v2\/users\/1"}],"replies":[{"embeddable":true,"href":"http:\/\/www.idene.mg.gov.br\/site\/wp-json\/wp\/v2\/comments?post=118"}],"version-history":[{"count":2,"href":"http:\/\/www.idene.mg.gov.br\/site\/wp-json\/wp\/v2\/pages\/118\/revisions"}],"predecessor-version":[{"id":4840,"href":"http:\/\/www.idene.mg.gov.br\/site\/wp-json\/wp\/v2\/pages\/118\/revisions\/4840"}],"wp:attachment":[{"href":"http:\/\/www.idene.mg.gov.br\/site\/wp-json\/wp\/v2\/media?parent=118"}],"curies":[{"name":"wp","href":"https:\/\/api.w.org\/{rel}","templated":true}]}}