{"id":121,"date":"2022-12-15T10:38:37","date_gmt":"2022-12-15T10:38:37","guid":{"rendered":"http:\/\/www.idene.mg.gov.br\/site\/acoes\/"},"modified":"2025-09-04T10:47:47","modified_gmt":"2025-09-04T13:47:47","slug":"acoes","status":"publish","type":"page","link":"http:\/\/www.idene.mg.gov.br\/site\/acoes\/","title":{"rendered":"A\u00e7\u00f5es"},"content":{"rendered":"<p><img decoding=\"async\" loading=\"lazy\" class=\"alignnone wp-image-5934 size-full\" src=\"http:\/\/www.idene.mg.gov.br\/site\/wp-content\/uploads\/2025\/09\/Design-sem-nome-7.png\" alt=\"\" width=\"655\" height=\"564\" srcset=\"http:\/\/www.idene.mg.gov.br\/site\/wp-content\/uploads\/2025\/09\/Design-sem-nome-7.png 655w, http:\/\/www.idene.mg.gov.br\/site\/wp-content\/uploads\/2025\/09\/Design-sem-nome-7-300x258.png 300w, http:\/\/www.idene.mg.gov.br\/site\/wp-content\/uploads\/2025\/09\/Design-sem-nome-7-80x69.png 80w\" sizes=\"(max-width: 655px) 100vw, 655px\" \/><\/p>\n<p><strong>Doa\u00e7\u00e3o de tubos e caixas d&#8217;\u00e1gua<\/strong><\/p>\n<p>Aquisi\u00e7\u00e3o e doa\u00e7\u00e3o de itens para o combate \u00e0 escassez h\u00eddrica.<\/p>\n<p><img decoding=\"async\" loading=\"lazy\" class=\"alignnone wp-image-5597\" src=\"http:\/\/www.idene.mg.gov.br\/site\/wp-content\/uploads\/2025\/04\/tratores-1-300x225.jpg\" alt=\"\" width=\"596\" height=\"447\" srcset=\"http:\/\/www.idene.mg.gov.br\/site\/wp-content\/uploads\/2025\/04\/tratores-1-300x225.jpg 300w, http:\/\/www.idene.mg.gov.br\/site\/wp-content\/uploads\/2025\/04\/tratores-1-1030x773.jpg 1030w, http:\/\/www.idene.mg.gov.br\/site\/wp-content\/uploads\/2025\/04\/tratores-1-80x60.jpg 80w, http:\/\/www.idene.mg.gov.br\/site\/wp-content\/uploads\/2025\/04\/tratores-1-768x576.jpg 768w, http:\/\/www.idene.mg.gov.br\/site\/wp-content\/uploads\/2025\/04\/tratores-1-1536x1152.jpg 1536w, http:\/\/www.idene.mg.gov.br\/site\/wp-content\/uploads\/2025\/04\/tratores-1.jpg 1600w\" sizes=\"(max-width: 596px) 100vw, 596px\" \/><\/p>\n<p><strong>Doa\u00e7\u00e3o de Tratores e implementos agr\u00edcolas<\/strong><\/p>\n<p>Aquisi\u00e7\u00e3o e doa\u00e7\u00e3o de bens para fomento do desenvolvimento econ\u00f4mico regional.<\/p>\n<p>&nbsp;<\/p>\n<p><img decoding=\"async\" loading=\"lazy\" class=\"alignnone wp-image-4742 size-full\" src=\"http:\/\/www.idene.mg.gov.br\/site\/wp-content\/uploads\/2023\/07\/Doacao-kit-feira.jpg\" alt=\"\" width=\"300\" height=\"224\" srcset=\"http:\/\/www.idene.mg.gov.br\/site\/wp-content\/uploads\/2023\/07\/Doacao-kit-feira.jpg 300w, http:\/\/www.idene.mg.gov.br\/site\/wp-content\/uploads\/2023\/07\/Doacao-kit-feira-80x60.jpg 80w\" sizes=\"(max-width: 300px) 100vw, 300px\" \/><\/p>\n<p><strong>Doa\u00e7\u00e3o de itens de Kit Feira<\/strong><\/p>\n<p>Aquisi\u00e7\u00e3o e doa\u00e7\u00e3o de bens para fomento do desenvolvimento econ\u00f4mico regional.<\/p>\n<p>&nbsp;<\/p>\n<p><img decoding=\"async\" loading=\"lazy\" class=\"alignnone wp-image-4744 size-full\" src=\"http:\/\/www.idene.mg.gov.br\/site\/wp-content\/uploads\/2023\/07\/Pocos-artesianos.jpg\" alt=\"\" width=\"720\" height=\"960\" srcset=\"http:\/\/www.idene.mg.gov.br\/site\/wp-content\/uploads\/2023\/07\/Pocos-artesianos.jpg 720w, http:\/\/www.idene.mg.gov.br\/site\/wp-content\/uploads\/2023\/07\/Pocos-artesianos-225x300.jpg 225w, http:\/\/www.idene.mg.gov.br\/site\/wp-content\/uploads\/2023\/07\/Pocos-artesianos-60x80.jpg 60w, http:\/\/www.idene.mg.gov.br\/site\/wp-content\/uploads\/2023\/07\/Pocos-artesianos-529x705.jpg 529w, http:\/\/www.idene.mg.gov.br\/site\/wp-content\/uploads\/2023\/07\/Pocos-artesianos-360x480.jpg 360w\" sizes=\"(max-width: 720px) 100vw, 720px\" \/><\/p>\n<p><strong>Po\u00e7os Artesianos e Sistema Simplificado de Abastecimento de \u00c1gua<\/strong><\/p>\n<p>Doa\u00e7\u00e3o de servi\u00e7os visando a seguran\u00e7a h\u00eddrica regional.<\/p>\n<p><strong><img decoding=\"async\" loading=\"lazy\" class=\"alignnone wp-image-4747 size-full\" src=\"http:\/\/www.idene.mg.gov.br\/site\/wp-content\/uploads\/2023\/07\/Sistema-int-abast-agua.jpg\" alt=\"\" width=\"865\" height=\"577\" srcset=\"http:\/\/www.idene.mg.gov.br\/site\/wp-content\/uploads\/2023\/07\/Sistema-int-abast-agua.jpg 865w, http:\/\/www.idene.mg.gov.br\/site\/wp-content\/uploads\/2023\/07\/Sistema-int-abast-agua-300x200.jpg 300w, http:\/\/www.idene.mg.gov.br\/site\/wp-content\/uploads\/2023\/07\/Sistema-int-abast-agua-80x53.jpg 80w, http:\/\/www.idene.mg.gov.br\/site\/wp-content\/uploads\/2023\/07\/Sistema-int-abast-agua-768x512.jpg 768w, http:\/\/www.idene.mg.gov.br\/site\/wp-content\/uploads\/2023\/07\/Sistema-int-abast-agua-705x470.jpg 705w, http:\/\/www.idene.mg.gov.br\/site\/wp-content\/uploads\/2023\/07\/Sistema-int-abast-agua-750x500.jpg 750w\" sizes=\"(max-width: 865px) 100vw, 865px\" \/><\/strong><\/p>\n<p><strong>Sistema Integrado de Abastecimento de \u00c1gua<\/strong><\/p>\n<p>Doa\u00e7\u00e3o de servi\u00e7os visando a seguran\u00e7a h\u00eddrica regional.<\/p>\n<p><img decoding=\"async\" loading=\"lazy\" class=\"alignnone wp-image-4748 size-full\" src=\"http:\/\/www.idene.mg.gov.br\/site\/wp-content\/uploads\/2023\/07\/Kit-fotovoltaico.jpg\" alt=\"\" width=\"795\" height=\"530\" srcset=\"http:\/\/www.idene.mg.gov.br\/site\/wp-content\/uploads\/2023\/07\/Kit-fotovoltaico.jpg 795w, http:\/\/www.idene.mg.gov.br\/site\/wp-content\/uploads\/2023\/07\/Kit-fotovoltaico-300x200.jpg 300w, http:\/\/www.idene.mg.gov.br\/site\/wp-content\/uploads\/2023\/07\/Kit-fotovoltaico-80x53.jpg 80w, http:\/\/www.idene.mg.gov.br\/site\/wp-content\/uploads\/2023\/07\/Kit-fotovoltaico-768x512.jpg 768w, http:\/\/www.idene.mg.gov.br\/site\/wp-content\/uploads\/2023\/07\/Kit-fotovoltaico-705x470.jpg 705w, http:\/\/www.idene.mg.gov.br\/site\/wp-content\/uploads\/2023\/07\/Kit-fotovoltaico-750x500.jpg 750w\" sizes=\"(max-width: 795px) 100vw, 795px\" \/><\/p>\n<p><strong>Kit Fotovoltaico<\/strong><\/p>\n<p>Aux\u00edlio aos munic\u00edpios\/benefici\u00e1rios que n\u00e3o conseguiram realizar a energiza\u00e7\u00e3o dos po\u00e7os instalados.<\/p>\n<div id=\"idbpfpeogbhifooiagnbbdbffplkfcke\"><\/div>\n<div id=\"idbpfpeogbhifooiagnbbdbffplkfcke\"><\/div>\n<div id=\"idbpfpeogbhifooiagnbbdbffplkfcke\"><\/div>\n<div id=\"idbpfpeogbhifooiagnbbdbffplkfcke\"><\/div>\n<div id=\"idbpfpeogbhifooiagnbbdbffplkfcke\"><\/div>\n<div id=\"idbpfpeogbhifooiagnbbdbffplkfcke\"><\/div>\n","protected":false},"excerpt":{"rendered":"<p>Doa&ccedil;&atilde;o de tubos e caixas d&rsquo;&aacute;gua Aquisi&ccedil;&atilde;o e doa&ccedil;&atilde;o de itens para o combate &agrave; escassez h&iacute;drica. Doa&ccedil;&atilde;o de Tratores e implementos agr&iacute;colas Aquisi&ccedil;&atilde;o e doa&ccedil;&atilde;o de bens para fomento do desenvolvimento econ&ocirc;mico regional. &nbsp; Doa&ccedil;&atilde;o de itens de Kit Feira Aquisi&ccedil;&atilde;o e doa&ccedil;&atilde;o de bens para fomento do desenvolvimento econ&ocirc;mico regional. &nbsp; Po&ccedil;os Artesianos [&hellip;]<\/p>\n","protected":false},"author":1,"featured_media":0,"parent":0,"menu_order":0,"comment_status":"closed","ping_status":"closed","template":"","meta":{"kia_subtitle":"","_FSMCFIC_featured_image_caption":"","_FSMCFIC_featured_image_nocaption":"","_FSMCFIC_featured_image_hide":""},"_links":{"self":[{"href":"http:\/\/www.idene.mg.gov.br\/site\/wp-json\/wp\/v2\/pages\/121"}],"collection":[{"href":"http:\/\/www.idene.mg.gov.br\/site\/wp-json\/wp\/v2\/pages"}],"about":[{"href":"http:\/\/www.idene.mg.gov.br\/site\/wp-json\/wp\/v2\/types\/page"}],"author":[{"embeddable":true,"href":"http:\/\/www.idene.mg.gov.br\/site\/wp-json\/wp\/v2\/users\/1"}],"replies":[{"embeddable":true,"href":"http:\/\/www.idene.mg.gov.br\/site\/wp-json\/wp\/v2\/comments?post=121"}],"version-history":[{"count":7,"href":"http:\/\/www.idene.mg.gov.br\/site\/wp-json\/wp\/v2\/pages\/121\/revisions"}],"predecessor-version":[{"id":5936,"href":"http:\/\/www.idene.mg.gov.br\/site\/wp-json\/wp\/v2\/pages\/121\/revisions\/5936"}],"wp:attachment":[{"href":"http:\/\/www.idene.mg.gov.br\/site\/wp-json\/wp\/v2\/media?parent=121"}],"curies":[{"name":"wp","href":"https:\/\/api.w.org\/{rel}","templated":true}]}}