{"id":122,"date":"2022-12-15T11:16:21","date_gmt":"2022-12-15T11:16:21","guid":{"rendered":"http:\/\/www.idene.mg.gov.br\/site\/projetos\/"},"modified":"2023-07-10T12:36:43","modified_gmt":"2023-07-10T15:36:43","slug":"projetos","status":"publish","type":"page","link":"http:\/\/www.idene.mg.gov.br\/site\/projetos\/","title":{"rendered":"Projetos"},"content":{"rendered":"<p><strong>Projetos<\/strong><\/p>\n<p><img decoding=\"async\" loading=\"lazy\" class=\"alignnone wp-image-4997 size-full\" src=\"http:\/\/www.idene.mg.gov.br\/site\/wp-content\/uploads\/2023\/07\/Projeto-Jequitai.jpg\" alt=\"\" width=\"1024\" height=\"602\" srcset=\"http:\/\/www.idene.mg.gov.br\/site\/wp-content\/uploads\/2023\/07\/Projeto-Jequitai.jpg 1024w, http:\/\/www.idene.mg.gov.br\/site\/wp-content\/uploads\/2023\/07\/Projeto-Jequitai-300x176.jpg 300w, http:\/\/www.idene.mg.gov.br\/site\/wp-content\/uploads\/2023\/07\/Projeto-Jequitai-80x47.jpg 80w, http:\/\/www.idene.mg.gov.br\/site\/wp-content\/uploads\/2023\/07\/Projeto-Jequitai-768x452.jpg 768w, http:\/\/www.idene.mg.gov.br\/site\/wp-content\/uploads\/2023\/07\/Projeto-Jequitai-705x414.jpg 705w, http:\/\/www.idene.mg.gov.br\/site\/wp-content\/uploads\/2023\/07\/Projeto-Jequitai-750x441.jpg 750w\" sizes=\"(max-width: 1024px) 100vw, 1024px\" \/><\/p>\n<p><strong>Projeto Hidroagr\u00edcola de Jequita\u00ed \u2013 PHJ<\/strong><\/p>\n<p>Termo de Compromisso N\u00ba 00-008-00\/2011 celebrado com a Companhia de Desenvolvimento dos Vales do S\u00e3o Francisco e do Parna\u00edba (CODEVASF) visando criar as condi\u00e7\u00f5es necess\u00e1rias para que a CODEVASF e o IDENE, desenvolvam uma articula\u00e7\u00e3o entre as institui\u00e7\u00f5es com o objetivo de estabelecer a coopera\u00e7\u00e3o t\u00e9cnica e financeira, atrav\u00e9s da mobiliza\u00e7\u00e3o de recursos humanos e materiais dispon\u00edveis<\/p>\n","protected":false},"excerpt":{"rendered":"<p>Projetos Projeto Hidroagr&iacute;cola de Jequita&iacute; &ndash; PHJ Termo de Compromisso N&ordm; 00-008-00\/2011 celebrado com a Companhia de Desenvolvimento dos Vales do S&atilde;o Francisco e do Parna&iacute;ba (CODEVASF) visando criar as condi&ccedil;&otilde;es necess&aacute;rias para que a CODEVASF e o IDENE, desenvolvam uma articula&ccedil;&atilde;o entre as institui&ccedil;&otilde;es com o objetivo de estabelecer a coopera&ccedil;&atilde;o t&eacute;cnica e financeira, [&hellip;]<\/p>\n","protected":false},"author":1,"featured_media":0,"parent":0,"menu_order":0,"comment_status":"closed","ping_status":"closed","template":"","meta":{"kia_subtitle":"","_FSMCFIC_featured_image_caption":"","_FSMCFIC_featured_image_nocaption":"","_FSMCFIC_featured_image_hide":""},"_links":{"self":[{"href":"http:\/\/www.idene.mg.gov.br\/site\/wp-json\/wp\/v2\/pages\/122"}],"collection":[{"href":"http:\/\/www.idene.mg.gov.br\/site\/wp-json\/wp\/v2\/pages"}],"about":[{"href":"http:\/\/www.idene.mg.gov.br\/site\/wp-json\/wp\/v2\/types\/page"}],"author":[{"embeddable":true,"href":"http:\/\/www.idene.mg.gov.br\/site\/wp-json\/wp\/v2\/users\/1"}],"replies":[{"embeddable":true,"href":"http:\/\/www.idene.mg.gov.br\/site\/wp-json\/wp\/v2\/comments?post=122"}],"version-history":[{"count":2,"href":"http:\/\/www.idene.mg.gov.br\/site\/wp-json\/wp\/v2\/pages\/122\/revisions"}],"predecessor-version":[{"id":4996,"href":"http:\/\/www.idene.mg.gov.br\/site\/wp-json\/wp\/v2\/pages\/122\/revisions\/4996"}],"wp:attachment":[{"href":"http:\/\/www.idene.mg.gov.br\/site\/wp-json\/wp\/v2\/media?parent=122"}],"curies":[{"name":"wp","href":"https:\/\/api.w.org\/{rel}","templated":true}]}}