{"id":128,"date":"2016-12-12T15:12:33","date_gmt":"2016-12-12T15:12:33","guid":{"rendered":"http:\/\/www.idene.mg.gov.br\/site\/?page_id=128"},"modified":"2023-07-07T11:17:26","modified_gmt":"2023-07-07T14:17:26","slug":"apoio-a-agricultura-familiar-distribuicao-de-sementes","status":"publish","type":"page","link":"http:\/\/www.idene.mg.gov.br\/site\/apoio-a-agricultura-familiar-distribuicao-de-sementes\/","title":{"rendered":"Apoio \u00e0 Agricultura Familiar &#8211; Distribui\u00e7\u00e3o de sementes"},"content":{"rendered":"<p><strong>A\u00e7\u00e3o 2018<\/strong><\/p>\n<p>Pedido de sementes e presta\u00e7\u00e3o de contas:<\/p>\n<p>&nbsp;<\/p>\n<ul>\n<li><strong>\u00a0 \u00a0\u00a0<a href=\"https:\/\/idene.mg.gov.br\/wp\/joomlaimagens\/images\/documentos\/Idene\/SEMENTES\/Plano%20de%20Trabalho%20milho%20feijo%20e%20sorgo%20safra%202018-2019.doc\"><strong>Plano de Trabalho &#8211; Semente (<\/strong><strong>Milho, Feij\u00e3o, Sorgo e Capim)<\/strong><\/a><\/strong><\/li>\n<li>\u00a0 \u00a0\u00a0<a href=\"https:\/\/idene.mg.gov.br\/wp\/joomlaimagens\/images\/documentos\/Idene\/SEMENTES\/Recibo%20coletivo%20-%20sementes%20SAFRA%202018-2019.doc\"><strong>Recibo Coletivo<\/strong><\/a><\/li>\n<li><strong>\u00a0\u00a0<a href=\"https:\/\/idene.mg.gov.br\/wp\/joomlaimagens\/images\/documentos\/Idene\/SEMENTES\/Recibo%20individual%20do%20agricultor%20-%20SAFRA%202018-2019.doc\">\u00a0\u00a0Recibo agricultor<\/a><\/strong><\/li>\n<li><strong><a href=\"https:\/\/idene.mg.gov.br\/wp\/joomlaimagens\/images\/documentos\/Idene\/SEMENTES\/Termo%20de%20Cooperacao%20Tecnica-Municipios-SAFRA%202018-2019.doc\">\u00a0 \u00a0 Termo de Coopera\u00e7\u00e3o T\u00e9cnica para prefeituras<\/a><\/strong><\/li>\n<li><strong><a href=\"https:\/\/idene.mg.gov.br\/wp\/joomlaimagens\/images\/documentos\/Idene\/SEMENTES\/Termo%20de%20Cooperao%20Tcnica%20-%20Sindicato%20-%20SAFRA%202018-2019.doc\">\u00a0 \u00a0\u00a0Termo de Coopera\u00e7\u00e3o T\u00e9cnica para entidades<\/a><\/strong><\/li>\n<\/ul>\n<p><strong>A\u00e7\u00e3o 2017<\/strong><\/p>\n<p>Pedido de sementes e presta\u00e7\u00e3o de contas:<\/p>\n<p><strong><a href=\"https:\/\/drive.google.com\/file\/d\/1TJpjGwtyfDKp2PZTvvtgcybKVqq4-DUn\/view?usp=sharing\">\u00a0Projeto Sementes<\/a><\/strong><\/p>\n<ul>\n<li><strong><a href=\"https:\/\/drive.google.com\/file\/d\/15jqLDv877eP9a5xuhnVtioA4xqDRonRs\/view?usp=sharing\">\u00a0\u00a0\u00a0\u00a0<\/a><a href=\"https:\/\/drive.google.com\/file\/d\/15jqLDv877eP9a5xuhnVtioA4xqDRonRs\/view?usp=sharing\">Plano de Trabalho &#8211; Semente (<\/a><\/strong><a href=\"https:\/\/drive.google.com\/file\/d\/15jqLDv877eP9a5xuhnVtioA4xqDRonRs\/view?usp=sharing\"><strong>Milho, Feij\u00e3o E Sorgo<\/strong><strong>)<\/strong><\/a><\/li>\n<li><strong>\u00a0 \u00a0\u00a0<a href=\"https:\/\/drive.google.com\/file\/d\/10obx9OccQEcizK9IOgyjobNm72BetoHQ\/view?usp=sharing\">Recibo Coletivo<\/a><\/strong><\/li>\n<li><strong>\u00a0 \u00a0<a href=\"https:\/\/drive.google.com\/file\/d\/1xAtMdnSw4pr7-gOsNzaA5xMo5AvXuqkT\/view?usp=sharing\">\u00a0Recibo agricultor<\/a><\/strong><\/li>\n<li><strong>\u00a0 \u00a0 <a href=\"https:\/\/drive.google.com\/file\/d\/1TJpjGwtyfDKp2PZTvvtgcybKVqq4-DUn\/view?usp=sharing\">Folder<\/a><\/strong><\/li>\n<\/ul>\n<p><strong>A\u00e7\u00e3o 2016<\/strong><\/p>\n<p><strong>Pedido de sementes e presta\u00e7\u00e3o de contas<\/strong><\/p>\n<ul>\n<li><a href=\"https:\/\/drive.google.com\/file\/d\/0B0SLnZlDDjO9MVZmTzJOLXp3bUU\/view?usp=sharing\"> \u00a0<strong>Plano de Trabalho &#8211; Semente (Milho e Feij\u00e3o)<\/strong><\/a><\/li>\n<li>\u00a0<a href=\"https:\/\/drive.google.com\/file\/d\/0B0SLnZlDDjO9ZmFFMjNEQXVIQ00\/view?usp=sharing\"><strong>Recibo Coletivo<\/strong><\/a><\/li>\n<li>\u00a0<a href=\"https:\/\/drive.google.com\/file\/d\/0B0SLnZlDDjO9WEVfNWNkX0wtSlk\/view?usp=sharing\"><strong>Recibo agricultor<\/strong><\/a><\/li>\n<li>\u00a0<a href=\"https:\/\/drive.google.com\/file\/d\/0B0SLnZlDDjO9TVJKZ1RpZVBvYVk\/view?usp=sharing\"><strong>Relat\u00f3rio de presta\u00e7\u00e3o de contas<\/strong><\/a><\/li>\n<li>\u00a0<strong><a href=\"https:\/\/drive.google.com\/file\/d\/0B0SLnZlDDjO9ZHp5QVBKVUFTc1U\/view?usp=sharing\">Termo de Coopera\u00e7\u00e3o T\u00e9cnica<\/a><\/strong><\/li>\n<\/ul>\n","protected":false},"excerpt":{"rendered":"<p>A&ccedil;&atilde;o 2018 Pedido de sementes e presta&ccedil;&atilde;o de contas: &nbsp; &nbsp; &nbsp;&nbsp;Plano de Trabalho &ndash; Semente (Milho, Feij&atilde;o, Sorgo e Capim) &nbsp; &nbsp;&nbsp;Recibo Coletivo &nbsp;&nbsp;&nbsp;&nbsp;Recibo agricultor &nbsp; &nbsp; Termo de Coopera&ccedil;&atilde;o T&eacute;cnica para prefeituras &nbsp; &nbsp;&nbsp;Termo de Coopera&ccedil;&atilde;o T&eacute;cnica para entidades A&ccedil;&atilde;o 2017 Pedido de sementes e presta&ccedil;&atilde;o de contas: &nbsp;Projeto Sementes &nbsp;&nbsp;&nbsp;&nbsp;Plano de Trabalho [&hellip;]<\/p>\n","protected":false},"author":1,"featured_media":0,"parent":0,"menu_order":0,"comment_status":"closed","ping_status":"closed","template":"","meta":{"kia_subtitle":"","_FSMCFIC_featured_image_caption":"","_FSMCFIC_featured_image_nocaption":"","_FSMCFIC_featured_image_hide":""},"_links":{"self":[{"href":"http:\/\/www.idene.mg.gov.br\/site\/wp-json\/wp\/v2\/pages\/128"}],"collection":[{"href":"http:\/\/www.idene.mg.gov.br\/site\/wp-json\/wp\/v2\/pages"}],"about":[{"href":"http:\/\/www.idene.mg.gov.br\/site\/wp-json\/wp\/v2\/types\/page"}],"author":[{"embeddable":true,"href":"http:\/\/www.idene.mg.gov.br\/site\/wp-json\/wp\/v2\/users\/1"}],"replies":[{"embeddable":true,"href":"http:\/\/www.idene.mg.gov.br\/site\/wp-json\/wp\/v2\/comments?post=128"}],"version-history":[{"count":2,"href":"http:\/\/www.idene.mg.gov.br\/site\/wp-json\/wp\/v2\/pages\/128\/revisions"}],"predecessor-version":[{"id":4760,"href":"http:\/\/www.idene.mg.gov.br\/site\/wp-json\/wp\/v2\/pages\/128\/revisions\/4760"}],"wp:attachment":[{"href":"http:\/\/www.idene.mg.gov.br\/site\/wp-json\/wp\/v2\/media?parent=128"}],"curies":[{"name":"wp","href":"https:\/\/api.w.org\/{rel}","templated":true}]}}