{"id":130,"date":"2017-09-14T14:51:47","date_gmt":"2017-09-14T14:51:47","guid":{"rendered":"http:\/\/www.idene.mg.gov.br\/site\/plano-para-enfrentamento-da-seca\/"},"modified":"2023-07-10T11:02:30","modified_gmt":"2023-07-10T14:02:30","slug":"plano-para-enfrentamento-da-seca","status":"publish","type":"page","link":"http:\/\/www.idene.mg.gov.br\/site\/plano-para-enfrentamento-da-seca\/","title":{"rendered":"Plano para Enfrentamento da Seca"},"content":{"rendered":"<p ><strong><em>EDITAL DE LICITA\u00c7\u00c3O PARA FORNECIMENTO E INSTALA\u00c7\u00c3O DE PADR\u00d5ES<\/em><\/strong><\/p>\n<p ><em>O IDENE, atrav\u00e9s de sua Comiss\u00e3o Permanente de Licita\u00e7\u00e3o, torna p\u00fablico que realizar\u00e1 licita\u00e7\u00e3o na modalidade PREG\u00c3O ELETR\u00d4NICO, Processo n\u00ba. 2421020 000053\/2017. Objeto <\/em>Contrata\u00e7\u00e3o de<em> empresa especializada no <\/em><em><span >Servi\u00e7o f<\/span><\/em><em>ornecimento e instala\u00e7\u00e3o <\/em><em>de 500 (Quinhentos) Padr\u00f5es de Entrada Simplificado \u2015 PES \u2015 altura de 7,00m com ramal de liga\u00e7\u00e3o a\u00e9reo, liga\u00e7\u00e3o de 3 fios, padr\u00e3o de entrada pr\u00e9-fabricado em a\u00e7o, liga\u00e7\u00e3o de uma unidade consumidora com disjuntor bipolar de 60A e interliga\u00e7\u00e3o do conjunto motobomba para energiza\u00e7\u00e3o de po\u00e7os tubulares na \u00e1rea de abrang\u00eancia do <strong>Instituto de Desenvolvimento do Norte e Nordeste de Minas Gerais &#8211; IDENE<\/strong> no estado de Minas <\/em>Gerais. <em>O Edital estar\u00e1 dispon\u00edvel nos sites <\/em><a href=\"http:\/\/www.compras.mg.gov.br\/\"><strong>www.compras.mg.gov.br<\/strong><\/a><em><strong> e <\/strong><\/em><a href=\"http:\/\/www.sedinor.mg.gov.br\/\"><strong>www.idene.mg.gov.br<\/strong><\/a> <em>\u00a0a partir do dia 21\/11\/2017, a partir das 14h30min (hor\u00e1rio de Bras\u00edlia). Data Realiza\u00e7\u00e3o: 01\/12\/2017 \u00e1s 10h30min (hor\u00e1rio de Bras\u00edlia). Para informa\u00e7\u00f5es: (31) 3915-5140 \u2015 <\/em><a href=\"mailto:licitacoes@idene.mg.gov.br\">licitacoes@idene.mg.gov.br<\/a><em> . Assinatura: Pablo Ruas dos Santos \u2015 Pregoeiro.<\/em><\/p>\n<p ><em><a href=\"https:\/\/drive.google.com\/file\/d\/1aYwtNWFJPG9xtqc-YFZZmrQw2E0Xbjx3\/view?usp=sharing\">EDITAL<br \/>\n<\/a><a href=\"https:\/\/drive.google.com\/file\/d\/19CMI1nC8jC3zp8O_v74wwVgRRVvhpP1M\/view?usp=sharing\">PUBLICA\u00c7\u00c3O<\/a><\/em><\/p>\n<p ><em>\u00a0<\/em><\/p>\n<p ><strong><span >RETIFICA\u00c7\u00c3O DE EDITAL DE LICITA\u00c7\u00c3O<\/span><\/strong><\/p>\n<p ><strong><span >PREG\u00c3O ELETR\u00d4NICO N\u00ba 2421020 000026\/2017<\/span><\/strong><\/p>\n<p ><strong><span >PROCESSO DE COMPRA N\u00ba 2421020 000026\/2017<\/span><\/strong><\/p>\n<p  ><strong><span>Regime: Presta\u00e7\u00e3o de servi\u00e7os<\/span><\/strong><\/p>\n<p  ><strong><span  >Tipo: MENOR PRE\u00c7O<\/span><\/strong><\/p>\n<p  ><em>O IDENE, atrav\u00e9s de sua Comiss\u00e3o Permanente de Licita\u00e7\u00e3o, torna p\u00fablico que realizar\u00e1 licita\u00e7\u00e3o na modalidade PREG\u00c3O ELETR\u00d4NICO, Processo n\u00ba. 2421020 000026\/2017. Objeto <\/em><em>Contrata\u00e7\u00e3o de empresa especializada na \u00e1rea de engenharia para execu\u00e7\u00e3o dos servi\u00e7os de loca\u00e7\u00e3o, <\/em><em>perfura\u00e7\u00e3o, constru\u00e7\u00e3o, equipagem, an\u00e1lise f\u00edsico, qu\u00edmica e bacteriol\u00f3gica da \u00e1gua e licenciamento ambiental de duzentos e dez (210) po\u00e7os tubulares profundos com profundidades estimadas em at\u00e9 150 metros, em \u00e1reas de rochas cristalinas e\/ou sedimentares na \u00e1rea de abrang\u00eancia do\u00a0<strong>IDENE<\/strong> no Estado de Minas Gerais no \u00e2mbito da Estrat\u00e9gia do Plano para Enfrentamento da Seca<\/em><em>. <\/em><em>O Edital estar\u00e1 dispon\u00edvel nos sites <\/em><em><strong><a href=\"http:\/\/www.compras.mg.gov.br\">www.compras.mg.gov.br<\/a> e <a href=\"http:\/\/www.sedinor.mg.gov.br\">www.idene.mg.gov.br<\/a> <\/strong><\/em><em> a partir do dia 19\/09\/2017, a partir das 14h30min (hor\u00e1rio de Bras\u00edlia). Data Realiza\u00e7\u00e3o: 02\/10\/2017 \u00e1s 10h00min (hor\u00e1rio de Bras\u00edlia). Para informa\u00e7\u00f5es: (31) 3915-5140 \u2015 <a href=\"mailto:licitacoes@idene.mg.gov.br\">licitacoes@idene.mg.gov.br<\/a> . Assinatura: Pablo Ruas dos Santos \u2015 Pregoeiro.<\/em><\/p>\n<p  ><a href=\"https:\/\/drive.google.com\/file\/d\/0B0SLnZlDDjO9YjBZRkJtNDFXUjg\/view?usp=sharing\">EDITAL &#8211; RETIFICA\u00c7\u00c3O<\/a><\/p>\n<p  ><a href=\"https:\/\/drive.google.com\/file\/d\/0B0SLnZlDDjO9MmVnaWwxN3ZXRWM\/view?usp=sharing\">PUBLICA\u00c7\u00c3O &#8211; RETIFICA\u00c7\u00c3O<\/a><\/p>\n<p  ><strong><span  >\u00a0<\/span><\/strong><\/p>\n<p  ><strong><span >EDITAL DE LICITA\u00c7\u00c3O<\/span><\/strong><\/p>\n<p  ><strong><span  >PREG\u00c3O ELETR\u00d4NICO N\u00ba 2421020 000026\/2017<\/span><\/strong><\/p>\n<p  ><strong><span  >PROCESSO DE COMPRA N\u00ba 2421020 000026\/2017<\/span><\/strong><\/p>\n<p  ><strong><span  >Regime: Presta\u00e7\u00e3o de servi\u00e7os<\/span><\/strong><\/p>\n<p ><strong><span >Tipo: MENOR PRE\u00c7O<\/span><\/strong><\/p>\n<p ><em>O IDENE, por meio de sua Comiss\u00e3o Permanente de Licita\u00e7\u00e3o, torna p\u00fablico que realizar\u00e1 licita\u00e7\u00e3o na modalidade PREG\u00c3O ELETR\u00d4NICO, Processo n\u00ba. 2421020 000026\/2017. Objeto <\/em><em>Contrata\u00e7\u00e3o de empresa especializada na \u00e1rea de engenharia para execu\u00e7\u00e3o dos servi\u00e7os de loca\u00e7\u00e3o, <\/em><em>perfura\u00e7\u00e3o, constru\u00e7\u00e3o, equipagem, an\u00e1lise f\u00edsico, qu\u00edmica e bacteriol\u00f3gica da \u00e1gua e licenciamento ambiental de duzentos e dez (210) po\u00e7os tubulares profundos com profundidades estimadas em at\u00e9 150 metros, em \u00e1reas de rochas cristalinas e\/ou sedimentares na \u00e1rea de abrang\u00eancia do\u00a0<strong>IDENE<\/strong> no Estado de Minas Gerais no \u00e2mbito da Estrat\u00e9gia do Plano para Enfrentamento da Seca<\/em><em>. <\/em><em>O Edital estar\u00e1 dispon\u00edvel nos sites <\/em><em><strong><a href=\"http:\/\/www.compras.mg.gov.br\/\">www.compras.mg.gov.br<\/a> e <a href=\"http:\/\/www.sedinor.mg.gov.br\/\">www.idene.mg.gov.br<\/a><\/strong><\/em><em>. Data Realiza\u00e7\u00e3o: 27\/09\/2017 \u00e1s 10h00min (hor\u00e1rio de Bras\u00edlia). Para informa\u00e7\u00f5es: (31) 3915-5140 \u2015 <a href=\"mailto:licitacoes@idene.mg.gov.br\">licitacoes@idene.mg.gov.br<\/a> . Assinatura: Pablo Ruas dos Santos \u2015 Pregoeiro.<\/em><\/p>\n<p ><a href=\"https:\/\/drive.google.com\/file\/d\/0B0SLnZlDDjO9UUlDaEZybHRHWE0\/view?usp=sharing\">EDITAL DE LICITA\u00c7\u00c3O<\/a><\/p>\n<p ><a href=\"https:\/\/drive.google.com\/file\/d\/0B0SLnZlDDjO9V19ELWFoVmJEVXc\/view?usp=sharing\">PUBLICA\u00c7\u00c3O DE EDITAL<\/a><\/p>\n","protected":false},"excerpt":{"rendered":"<p>EDITAL DE LICITA&Ccedil;&Atilde;O PARA FORNECIMENTO E INSTALA&Ccedil;&Atilde;O DE PADR&Otilde;ES O IDENE, atrav&eacute;s de sua Comiss&atilde;o Permanente de Licita&ccedil;&atilde;o, torna p&uacute;blico que realizar&aacute; licita&ccedil;&atilde;o na modalidade PREG&Atilde;O ELETR&Ocirc;NICO, Processo n&ordm;. 2421020 000053\/2017. Objeto Contrata&ccedil;&atilde;o de empresa especializada no Servi&ccedil;o fornecimento e instala&ccedil;&atilde;o de 500 (Quinhentos) Padr&otilde;es de Entrada Simplificado &#8213; PES &#8213; altura de 7,00m com [&hellip;]<\/p>\n","protected":false},"author":1,"featured_media":0,"parent":0,"menu_order":0,"comment_status":"closed","ping_status":"closed","template":"","meta":{"kia_subtitle":"","_FSMCFIC_featured_image_caption":"","_FSMCFIC_featured_image_nocaption":"","_FSMCFIC_featured_image_hide":""},"_links":{"self":[{"href":"http:\/\/www.idene.mg.gov.br\/site\/wp-json\/wp\/v2\/pages\/130"}],"collection":[{"href":"http:\/\/www.idene.mg.gov.br\/site\/wp-json\/wp\/v2\/pages"}],"about":[{"href":"http:\/\/www.idene.mg.gov.br\/site\/wp-json\/wp\/v2\/types\/page"}],"author":[{"embeddable":true,"href":"http:\/\/www.idene.mg.gov.br\/site\/wp-json\/wp\/v2\/users\/1"}],"replies":[{"embeddable":true,"href":"http:\/\/www.idene.mg.gov.br\/site\/wp-json\/wp\/v2\/comments?post=130"}],"version-history":[{"count":4,"href":"http:\/\/www.idene.mg.gov.br\/site\/wp-json\/wp\/v2\/pages\/130\/revisions"}],"predecessor-version":[{"id":4958,"href":"http:\/\/www.idene.mg.gov.br\/site\/wp-json\/wp\/v2\/pages\/130\/revisions\/4958"}],"wp:attachment":[{"href":"http:\/\/www.idene.mg.gov.br\/site\/wp-json\/wp\/v2\/media?parent=130"}],"curies":[{"name":"wp","href":"https:\/\/api.w.org\/{rel}","templated":true}]}}