{"id":131,"date":"2019-07-29T00:00:00","date_gmt":"2019-07-29T00:00:00","guid":{"rendered":"http:\/\/www.idene.mg.gov.br\/site\/informacoes-classificadas-e-desclassificadas\/"},"modified":"2026-04-08T14:25:29","modified_gmt":"2026-04-08T17:25:29","slug":"informacoes-classificadas-e-desclassificadas","status":"publish","type":"page","link":"http:\/\/www.idene.mg.gov.br\/site\/informacoes-classificadas-e-desclassificadas\/","title":{"rendered":"Informa\u00e7\u00f5es classificadas e desclassificadas"},"content":{"rendered":"<p>Espa\u00e7o reservado para a divulga\u00e7\u00e3o das informa\u00e7\u00f5es sigilosas que s\u00e3o classificadas pelos \u00f3rg\u00e3os e entidades quanto ao grau do sigilo, definido no art. 24 da Lei n\u00ba 12.527\/2011, em cumprimento ao Decreto Federal n\u00ba 7.724\/2012 e ao Decreto Estadual n\u00ba 45.969\/12. Devem ser disponibilizadas todas as informa\u00e7\u00f5es classificadas em cada grau de sigilo e aquelas desclassificadas nos \u00faltimos 12 meses.<\/p>\n<p>Nos \u00faltimos 12 meses, o\u00a0Instituto de Desenvolvimento do Norte e Nordeste de Minas Gerais (Idene) n\u00e3o teve informa\u00e7\u00f5es classificadas ou desclassificadas nos graus de sigilo: reservada, secreta e ultrassecreta, definidos no Art. 24 da Lei n\u00ba 12.527\/2011 (Lei de Acesso \u00e0 Informa\u00e7\u00e3o). <span style=\"color: #000000;\">Data desta informa\u00e7\u00e3o: 08\/04\/2026.<\/span><\/p>\n","protected":false},"excerpt":{"rendered":"<p>Espa&ccedil;o reservado para a divulga&ccedil;&atilde;o das informa&ccedil;&otilde;es sigilosas que s&atilde;o classificadas pelos &oacute;rg&atilde;os e entidades quanto ao grau do sigilo, definido no art. 24 da Lei n&ordm; 12.527\/2011, em cumprimento ao Decreto Federal n&ordm; 7.724\/2012 e ao Decreto Estadual n&ordm; 45.969\/12. Devem ser disponibilizadas todas as informa&ccedil;&otilde;es classificadas em cada grau de sigilo e aquelas [&hellip;]<\/p>\n","protected":false},"author":1,"featured_media":0,"parent":0,"menu_order":0,"comment_status":"closed","ping_status":"closed","template":"","meta":{"kia_subtitle":"","_FSMCFIC_featured_image_caption":"","_FSMCFIC_featured_image_nocaption":"","_FSMCFIC_featured_image_hide":""},"_links":{"self":[{"href":"http:\/\/www.idene.mg.gov.br\/site\/wp-json\/wp\/v2\/pages\/131"}],"collection":[{"href":"http:\/\/www.idene.mg.gov.br\/site\/wp-json\/wp\/v2\/pages"}],"about":[{"href":"http:\/\/www.idene.mg.gov.br\/site\/wp-json\/wp\/v2\/types\/page"}],"author":[{"embeddable":true,"href":"http:\/\/www.idene.mg.gov.br\/site\/wp-json\/wp\/v2\/users\/1"}],"replies":[{"embeddable":true,"href":"http:\/\/www.idene.mg.gov.br\/site\/wp-json\/wp\/v2\/comments?post=131"}],"version-history":[{"count":5,"href":"http:\/\/www.idene.mg.gov.br\/site\/wp-json\/wp\/v2\/pages\/131\/revisions"}],"predecessor-version":[{"id":6196,"href":"http:\/\/www.idene.mg.gov.br\/site\/wp-json\/wp\/v2\/pages\/131\/revisions\/6196"}],"wp:attachment":[{"href":"http:\/\/www.idene.mg.gov.br\/site\/wp-json\/wp\/v2\/media?parent=131"}],"curies":[{"name":"wp","href":"https:\/\/api.w.org\/{rel}","templated":true}]}}