{"id":138,"date":"2022-12-15T14:25:21","date_gmt":"2022-12-15T14:25:21","guid":{"rendered":"http:\/\/www.idene.mg.gov.br\/site\/perguntas-frequentes\/"},"modified":"2023-07-07T15:29:11","modified_gmt":"2023-07-07T18:29:11","slug":"perguntas-frequentes","status":"publish","type":"page","link":"http:\/\/www.idene.mg.gov.br\/site\/perguntas-frequentes\/","title":{"rendered":"Perguntas Frequentes"},"content":{"rendered":"<h1 style=\"text-align: justify;\">Perguntas Frequentes<\/h1>\n<div>\n<p style=\"text-align: justify;\"><strong style=\"text-indent: -18pt;\">1.<span style=\"font: 7pt 'Times New Roman';\">\u00a0\u00a0\u00a0\u00a0\u00a0\u00a0 <\/span><\/strong><strong style=\"text-indent: -18pt;\">Quando o Idene foi criado e com qual objetivo?<\/strong><\/p>\n<p style=\"text-align: justify;\">\n<\/div>\n<p style=\"text-align: justify;\">O Instituto de Desenvolvimento do Norte e Nordeste de Minas Gerais (Idene) \u00e9 uma autarquia do Governo do Estado de Minas Gerais, criado pela Lei 14.171, de 15 de janeiro de 2002. A Lei de cria\u00e7\u00e3o do Idene determina que o Instituto tem por finalidade promover o desenvolvimento econ\u00f4mico e social das regi\u00f5es Norte e Nordeste do Estado.<\/p>\n<p style=\"text-align: justify;\"><strong>2.<span style=\"font: 7pt 'Times New Roman';\">\u00a0\u00a0\u00a0\u00a0\u00a0\u00a0 <\/span><\/strong><strong>Qual o n\u00famero de munic\u00edpios e as regi\u00f5es que integram a \u00e1rea de abrang\u00eancia do Idene atualmente?<\/strong><\/p>\n<p style=\"text-align: justify;\">Atualmente 265 munic\u00edpios comp\u00f5em a \u00e1rea de abrang\u00eancia do Idene.<\/p>\n<p style=\"text-align: justify;\"><strong>3.<span style=\"font: 7pt 'Times New Roman';\">\u00a0\u00a0\u00a0\u00a0\u00a0\u00a0 <\/span><\/strong><strong>Como \u00e9 a estrutura de atendimento aos munic\u00edpios? Al\u00e9m da sede em Belo Horizonte, de que forma os munic\u00edpios podem ser atendidos nas suas regi\u00f5es?<\/strong><\/p>\n<p style=\"text-align: justify;\">Para al\u00e9m da sede do Idene, que se localiza no 8\u00ba andar do Pr\u00e9dio Gerais da Cidade Administrativa de Minas Gerais, h\u00e1 09 Coordena\u00e7\u00f5es Regionais espalhadas pela nossa \u00e1rea de abrang\u00eancia:<\/p>\n<p style=\"text-align: justify;\">&#8211; Coordena\u00e7\u00e3o Regional De Jequitinhonha<\/p>\n<p style=\"text-align: justify;\">&#8211; Coordena\u00e7\u00e3o Regional De Ara\u00e7ua\u00ed<\/p>\n<p style=\"text-align: justify;\">&#8211; Coordena\u00e7\u00e3o Regional De Te\u00f3filo Otoni<\/p>\n<p style=\"text-align: justify;\">&#8211; Coordena\u00e7\u00e3o Regional De Governador Valadares<\/p>\n<p style=\"text-align: justify;\">&#8211; Coordena\u00e7\u00e3o Regional De Diamantina<\/p>\n<p>&#8211; Coordena\u00e7\u00e3o Regional De Salinas<\/p>\n<p style=\"text-align: justify;\">&#8211; Coordena\u00e7\u00e3o Regional De Jana\u00faba<\/p>\n<p style=\"text-align: justify;\">&#8211; Coordena\u00e7\u00e3o Regional De Janu\u00e1ria<\/p>\n<p style=\"text-align: justify;\">&#8211; Coordena\u00e7\u00e3o Regional De Montes Claros<\/p>\n<p style=\"text-align: justify;\">O respons\u00e1vel por cada coordena\u00e7\u00e3o e seus meios de contato podem ser encontrados neste <a href=\"2016-02-24-20-29-47\/idene\">link<\/a>.<\/p>\n<p style=\"text-align: justify;\"><strong>4.<span style=\"font: 7pt 'Times New Roman';\">\u00a0\u00a0\u00a0\u00a0\u00a0\u00a0 <\/span><\/strong><strong>Quais s\u00e3o os principais projetos do Idene no que diz respeito ao desafio da garantia da seguran\u00e7a h\u00eddrica?<\/strong><\/p>\n<p style=\"text-align: justify;\">O Idene trabalha constantemente para a proposta de solu\u00e7\u00f5es h\u00eddricas nos munic\u00edpios envolvidos, principalmente por meio de a\u00e7\u00f5es como doa\u00e7\u00f5es de tubos e caixas d\u2019\u00e1gua, doa\u00e7\u00f5es de po\u00e7os artesianos, de Sistemas Integrados de Abastecimento de \u00c1gua (SIAAs) e de Sistemas Coletivos de Abastecimento de \u00c1gua (SCAAs), al\u00e9m de desenvolver o Projeto Hidroagr\u00edcola de Jequita\u00ed e o Programa \u00c1gua para Todos.<\/p>\n<p style=\"text-align: justify;\"><strong style=\"text-indent: -18pt;\">5.<span style=\"font: 7pt 'Times New Roman';\">\u00a0\u00a0\u00a0\u00a0\u00a0\u00a0 <\/span><\/strong><strong style=\"text-indent: -18pt;\">Quais as a\u00e7\u00f5es do Idene para a promo\u00e7\u00e3o do desenvolvimento socioecon\u00f4mico em seus munic\u00edpios?<\/strong><\/p>\n<p style=\"text-align: justify;\">O Idene promove a inser\u00e7\u00e3o produtiva por meio de doa\u00e7\u00f5es de barracas, balan\u00e7as e jalecos a serem utilizados em feiras livres, fomenta a produ\u00e7\u00e3o local atrav\u00e9s de doa\u00e7\u00f5es de implementos agr\u00edcolas, e fortalece a economia local pelo <span style=\"color: black;\">apoio \u00e0s feiras, ao artesanato e ao desenvolvimento de pequenos empreendedores atrav\u00e9s de sua inser\u00e7\u00e3o no processo de compras de diversos fornecedores.<\/span><\/p>\n<p style=\"text-align: justify;\"><strong style=\"text-indent: -18pt;\">6.<span style=\"font: 7pt 'Times New Roman';\">\u00a0\u00a0\u00a0\u00a0\u00a0\u00a0 <\/span><\/strong><strong style=\"text-indent: -18pt;\">Quais s\u00e3o os resultados alcan\u00e7ados pelo Idene?<\/strong><\/p>\n<p style=\"text-align: justify;\">Entre 2019 e os primeiros meses de 2022, o Idene atendeu 45 munic\u00edpios com a entrega de SIAAs, 55 munic\u00edpios com a entrega de po\u00e7os artesianos e 15 munic\u00edpios com a entrega de SCAAs, al\u00e9m de 226 munic\u00edpios com a doa\u00e7\u00e3o de itens de seguran\u00e7a h\u00eddrica e desenvolvimento socioecon\u00f4mico.<\/p>\n<p style=\"text-align: justify;\"><strong>7.<span style=\"font: 7pt 'Times New Roman';\">\u00a0\u00a0\u00a0\u00a0\u00a0\u00a0 <\/span><\/strong><strong>Qual a diferen\u00e7a entre SIAAs e SCAAs?<\/strong><\/p>\n<p style=\"text-align: justify;\">Ambos SIAAs e SCAAs s\u00e3o sistemas de abastecimento de \u00e1gua, de modo que o Sistema Coletivo de Abastecimento de \u00c1gua (SCAA) \u00e9 disponibilizado em um local para compartilhamento das fam\u00edlias e o Sistema Integrado de Abastecimento de \u00c1gua (SIAA) disponibiliza um reservat\u00f3rio para cada resid\u00eancia, atendendo diretamente cada morador.<\/p>\n<div id=\"idbpfpeogbhifooiagnbbdbffplkfcke\"><\/div>\n<div id=\"idbpfpeogbhifooiagnbbdbffplkfcke\"><\/div>\n<div id=\"idbpfpeogbhifooiagnbbdbffplkfcke\"><\/div>\n<div id=\"idbpfpeogbhifooiagnbbdbffplkfcke\"><\/div>\n","protected":false},"excerpt":{"rendered":"<p>Perguntas Frequentes 1.&nbsp;&nbsp;&nbsp;&nbsp;&nbsp;&nbsp; Quando o Idene foi criado e com qual objetivo? O Instituto de Desenvolvimento do Norte e Nordeste de Minas Gerais (Idene) &eacute; uma autarquia do Governo do Estado de Minas Gerais, criado pela Lei 14.171, de 15 de janeiro de 2002. A Lei de cria&ccedil;&atilde;o do Idene determina que o Instituto tem [&hellip;]<\/p>\n","protected":false},"author":1,"featured_media":0,"parent":0,"menu_order":0,"comment_status":"closed","ping_status":"closed","template":"","meta":{"kia_subtitle":"","_FSMCFIC_featured_image_caption":"","_FSMCFIC_featured_image_nocaption":"","_FSMCFIC_featured_image_hide":""},"_links":{"self":[{"href":"http:\/\/www.idene.mg.gov.br\/site\/wp-json\/wp\/v2\/pages\/138"}],"collection":[{"href":"http:\/\/www.idene.mg.gov.br\/site\/wp-json\/wp\/v2\/pages"}],"about":[{"href":"http:\/\/www.idene.mg.gov.br\/site\/wp-json\/wp\/v2\/types\/page"}],"author":[{"embeddable":true,"href":"http:\/\/www.idene.mg.gov.br\/site\/wp-json\/wp\/v2\/users\/1"}],"replies":[{"embeddable":true,"href":"http:\/\/www.idene.mg.gov.br\/site\/wp-json\/wp\/v2\/comments?post=138"}],"version-history":[{"count":2,"href":"http:\/\/www.idene.mg.gov.br\/site\/wp-json\/wp\/v2\/pages\/138\/revisions"}],"predecessor-version":[{"id":4945,"href":"http:\/\/www.idene.mg.gov.br\/site\/wp-json\/wp\/v2\/pages\/138\/revisions\/4945"}],"wp:attachment":[{"href":"http:\/\/www.idene.mg.gov.br\/site\/wp-json\/wp\/v2\/media?parent=138"}],"curies":[{"name":"wp","href":"https:\/\/api.w.org\/{rel}","templated":true}]}}