{"id":140,"date":"2017-08-02T17:01:33","date_gmt":"2017-08-02T17:01:33","guid":{"rendered":"http:\/\/www.idene.mg.gov.br\/site\/legislacao-vigente-idene\/"},"modified":"2023-07-07T14:00:06","modified_gmt":"2023-07-07T17:00:06","slug":"legislacao-vigente-idene","status":"publish","type":"page","link":"http:\/\/www.idene.mg.gov.br\/site\/legislacao-vigente-idene\/","title":{"rendered":"Legisla\u00e7\u00e3o Vigente &#8211; Idene"},"content":{"rendered":"<p>Legisla\u00e7\u00e3o Vigente<\/p>\n<p><a href=\"https:\/\/www.almg.gov.br\/legislacao-mineira\/LEI\/14171\/2002\/\" target=\"_blank\" rel=\"noopener\">Lei n\u00ba 14.171\/2002<\/a> &#8211; Cria o Instituto de Desenvolvimento do Norte e Nordeste de Minas Gerais \u2013 IDENE<\/p>\n<p><a href=\"https:\/\/www.almg.gov.br\/legislacao-mineira\/texto\/DEC\/47834\/2020\/\" target=\"_blank\" rel=\"noopener\">Decreto 47.834\/2020<\/a> \u2013 Cont\u00e9m o Regulamento do Instituto de Desenvolvimento do Norte e Nordeste de Minas Gerais.<\/p>\n<p><a href=\"https:\/\/www.almg.gov.br\/consulte\/legislacao\/completa\/completa.html?tipo=LEI&amp;num=23304&amp;comp=&amp;ano=2019\" target=\"_blank\" rel=\"noopener\">Lei n\u00ba 23.304\/2019<\/a> &#8211; Estabelece a estrutura org\u00e2nica do Poder Executivo do Estado.<\/p>\n<p>Lei 18.692\/2009 \u2013 Uniformiza os crit\u00e9rios de gest\u00e3o e execu\u00e7\u00e3o para transfer\u00eancia gratuita de bens, valores ou benef\u00edcios por \u00f3rg\u00e3os e entidades da administra\u00e7\u00e3o p\u00fablica estadual, compreendidos no \u00e2mbito dos programas sociais que especifica.<\/p>\n<p><a href=\"https:\/\/www.almg.gov.br\/consulte\/legislacao\/completa\/completa.html?tipo=LEI&amp;num=22781&amp;comp=&amp;ano=2017\" target=\"_blank\" rel=\"noopener\">Lei 22.781\/2017<\/a> &#8211; Altera a <a href=\"https:\/\/www.almg.gov.br\/consulte\/legislacao\/completa\/completa.html?num=18692&amp;ano=2009&amp;tipo=LEI\">Lei n\u00ba 18.692\/2009<\/a> que uniformiza os crit\u00e9rios de gest\u00e3o e execu\u00e7\u00e3o para transfer\u00eancia gratuita de bens, valores ou benef\u00edcios por \u00f3rg\u00e3os e entidades da administra\u00e7\u00e3o p\u00fablica estadual, compreendidos no \u00e2mbito dos programas sociais que especifica.<\/p>\n<p><a href=\"https:\/\/www.almg.gov.br\/consulte\/legislacao\/completa\/completa.html?tipo=LEI&amp;num=21940&amp;comp=&amp;ano=2015\" target=\"_blank\" rel=\"noopener\">Lei 21.940\/2015<\/a> &#8211; Altera a <a href=\"https:\/\/www.almg.gov.br\/consulte\/legislacao\/completa\/completa.html?num=18692&amp;ano=2009&amp;tipo=LEI\" target=\"_blank\" rel=\"noopener\">Lei n\u00ba 18.692\/2009<\/a> que uniformiza os crit\u00e9rios de gest\u00e3o e execu\u00e7\u00e3o para transfer\u00eancia gratuita de bens, valores ou benef\u00edcios por \u00f3rg\u00e3os e entidades da administra\u00e7\u00e3o p\u00fablica estadual, compreendidos no \u00e2mbito dos programas sociais que especifica<\/p>\n<p><a href=\"https:\/\/www.almg.gov.br\/consulte\/legislacao\/completa\/completa.html?tipo=LEI&amp;num=22812&amp;comp=&amp;ano=2017\" target=\"_blank\" rel=\"noopener\">Lei 22.812, de 29\/12\/2017<\/a> &#8211; Define prazo para o donat\u00e1rio de bens doados pelo Estado.<\/p>\n<p><a href=\"https:\/\/www.almg.gov.br\/consulte\/legislacao\/completa\/completa.html?tipo=DEC&amp;num=46671&amp;comp=&amp;ano=2014\" target=\"_blank\" rel=\"noopener\">Decreto 46.671\/2014<\/a>\u2013 Cria a comiss\u00e3o estadual para o desenvolvimento sustent\u00e1vel dos povos e comunidades tradicionais de Minas Gerais<\/p>\n<p><a href=\"https:\/\/www.almg.gov.br\/consulte\/legislacao\/completa\/completa.html?tipo=DEC&amp;num=46512&amp;comp=&amp;ano=2014\" target=\"_blank\" rel=\"noopener\">Decreto 46.511\/2014<\/a> &#8211; Altera o Decreto n\u00ba 45.872, de 30 de dezembro de 2011, que institui, no \u00e2mbito do estado, o Programa \u00c1gua &#8211; \u00c1GUA PARA TODOS.<\/p>\n<p><a href=\"https:\/\/www.almg.gov.br\/consulte\/legislacao\/completa\/completa.html?tipo=DEC&amp;num=46541&amp;comp=&amp;ano=2014\" target=\"_blank\" rel=\"noopener\">Decreto 46.541\/2014<\/a> \u2013 Altera o <a href=\"https:\/\/www.almg.gov.br\/consulte\/legislacao\/completa\/completa.html?tipo=DEC&amp;num=44029&amp;comp=&amp;ano=2005\" target=\"_blank\" rel=\"noopener\">Decreto n\u00ba 44.029\/2005<\/a> que institui o Comit\u00ea gestor estadual para a crian\u00e7a e adolescente do semi\u00e1rido mineiro.<\/p>\n<p><a href=\"https:\/\/www.almg.gov.br\/consulte\/legislacao\/completa\/completa.html?tipo=DEC&amp;num=46416&amp;comp=&amp;ano=2013\" target=\"_blank\" rel=\"noopener\">Decreto 46.416\/2013<\/a> &#8211; Altera o <a href=\"https:\/\/www.almg.gov.br\/consulte\/legislacao\/completa\/completa.html?tipo=DEC&amp;num=44097&amp;comp=&amp;ano=2005\" target=\"_blank\" rel=\"noopener\">Decreto n\u00ba 44.097\/2005<\/a> que institui Programa de Combate \u00e0 Pobreza Rural \u2013 PCPR \u2013 em munic\u00edpios do Norte de Minas e dos Vales do Jequitinhonha e do Mucuri.<\/p>\n<p><a href=\"https:\/\/www.almg.gov.br\/consulte\/legislacao\/completa\/completa.html?tipo=DEC&amp;num=45872&amp;comp=&amp;ano=2011\" target=\"_blank\" rel=\"noopener\">Decreto 45.872\/2011<\/a> \u2013 Institui, no \u00e2mbito do Estado, o Programa \u00c1gua para Todos<\/p>\n<p><a href=\"https:\/\/www.almg.gov.br\/consulte\/legislacao\/completa\/completa.html?tipo=LEI&amp;num=18404&amp;comp=&amp;ano=2009\" target=\"_blank\" rel=\"noopener\">Lei 18.404\/2009<\/a>\u2013 Disp\u00f5e sobre a Pol\u00edtica Estadual de Est\u00edmulo \u00e0 Constru\u00e7\u00e3o de barragens para o Desenvolvimento Econ\u00f4mico do Norte e Nordeste de Minas Gerais<\/p>\n<p><a href=\"https:\/\/www.almg.gov.br\/consulte\/legislacao\/completa\/completa.html?tipo=DEC&amp;num=44748&amp;comp=&amp;ano=2008\" target=\"_blank\" rel=\"noopener\">Decreto 44.748\/2008<\/a> \u2013 Autoriza AGE a assumir a representa\u00e7\u00e3o judicial do IDENE.<\/p>\n<p><a href=\"https:\/\/www.almg.gov.br\/consulte\/legislacao\/completa\/completa.html?tipo=DEC&amp;num=44550&amp;comp=&amp;ano=2007\" target=\"_blank\" rel=\"noopener\">Decreto 44.550\/2007<\/a> \u2013 Disp\u00f5e sobre condi\u00e7\u00f5es gerais para o credenciamento de latic\u00ednios e cooperativas pelo IDENE no \u00e2mbito do Programa Leite pela Vida.<\/p>\n<p><a href=\"https:\/\/www.almg.gov.br\/legislacao-mineira\/DNE\/352\/2021\/\" target=\"_blank\" rel=\"noopener\">Decreto com numera\u00e7\u00e3o especial 352, de 19\/08\/2021<\/a> &#8211; Declara de utilidade p\u00fablica, para desapropria\u00e7\u00e3o de pleno dom\u00ednio, terreno necess\u00e1rio ao reassentamento dos atingidos pela forma\u00e7\u00e3o do reservat\u00f3rio d\u00b4\u00e1gua do Sistema de Barragens Jequita\u00ed I e II, nos Munic\u00edpios de Claro dos Po\u00e7\u00f5es, Francisco Dumont e Jequita\u00ed.<\/p>\n","protected":false},"excerpt":{"rendered":"<p>Legisla&ccedil;&atilde;o Vigente Lei n&ordm; 14.171\/2002 &ndash; Cria o Instituto de Desenvolvimento do Norte e Nordeste de Minas Gerais &ndash; IDENE Decreto 47.834\/2020 &ndash; Cont&eacute;m o Regulamento do Instituto de Desenvolvimento do Norte e Nordeste de Minas Gerais. Lei n&ordm; 23.304\/2019 &ndash; Estabelece a estrutura org&acirc;nica do Poder Executivo do Estado. Lei 18.692\/2009 &ndash; Uniformiza os [&hellip;]<\/p>\n","protected":false},"author":1,"featured_media":0,"parent":0,"menu_order":0,"comment_status":"closed","ping_status":"closed","template":"","meta":{"kia_subtitle":"","_FSMCFIC_featured_image_caption":"","_FSMCFIC_featured_image_nocaption":"","_FSMCFIC_featured_image_hide":""},"_links":{"self":[{"href":"http:\/\/www.idene.mg.gov.br\/site\/wp-json\/wp\/v2\/pages\/140"}],"collection":[{"href":"http:\/\/www.idene.mg.gov.br\/site\/wp-json\/wp\/v2\/pages"}],"about":[{"href":"http:\/\/www.idene.mg.gov.br\/site\/wp-json\/wp\/v2\/types\/page"}],"author":[{"embeddable":true,"href":"http:\/\/www.idene.mg.gov.br\/site\/wp-json\/wp\/v2\/users\/1"}],"replies":[{"embeddable":true,"href":"http:\/\/www.idene.mg.gov.br\/site\/wp-json\/wp\/v2\/comments?post=140"}],"version-history":[{"count":2,"href":"http:\/\/www.idene.mg.gov.br\/site\/wp-json\/wp\/v2\/pages\/140\/revisions"}],"predecessor-version":[{"id":4872,"href":"http:\/\/www.idene.mg.gov.br\/site\/wp-json\/wp\/v2\/pages\/140\/revisions\/4872"}],"wp:attachment":[{"href":"http:\/\/www.idene.mg.gov.br\/site\/wp-json\/wp\/v2\/media?parent=140"}],"curies":[{"name":"wp","href":"https:\/\/api.w.org\/{rel}","templated":true}]}}