{"id":141,"date":"2017-08-03T14:25:27","date_gmt":"2017-08-03T14:25:27","guid":{"rendered":"http:\/\/www.idene.mg.gov.br\/site\/programas-e-acoes-idene\/"},"modified":"2023-07-10T12:33:58","modified_gmt":"2023-07-10T15:33:58","slug":"programas-e-acoes-idene","status":"publish","type":"page","link":"http:\/\/www.idene.mg.gov.br\/site\/programas-e-acoes-idene\/","title":{"rendered":"Programas e A\u00e7\u00f5es &#8211; Idene"},"content":{"rendered":"<p><strong>IDENE<\/strong><\/p>\n<p><strong>0701 &#8211; APOIO \u00c0 ADMINISTRA\u00c7\u00c3O P\u00daBLICA<\/strong><\/p>\n<p><strong>OBJETIVO:<\/strong> DESENVOLVER A\u00c7\u00d5ES ADMINISTRATIVAS E FINANCEIRAS VISANDO A GARANTIR RECURSOS HUMANOS, MATERIAIS, FINANCEIROS, T\u00c9CNICOS E INSTITUCIONAIS NECESS\u00c1RIOS \u00c0 EXECU\u00c7\u00c3O DAS POL\u00cdTICAS P\u00daBLICAS A CARGO DO ESTADO DE MINAS GERAIS.<\/p>\n<p><strong>ESTRAT\u00c9GIA DE IMPLEMENTA\u00c7\u00c3O:<\/strong> PROMOVER O ADEQUADO ACOMPANHAMENTO DAS DESPESAS DE ADMINISTRATIVAS, DE FORMA A VIABILIZAR A EXECU\u00c7\u00c3O DAS POL\u00cdTICAS P\u00daBLICAS A CARGO DO ESTADO DE MINAS GERAIS, PROVENDO OS RECURSOS NECESS\u00c1RIOS AO CUMPRIMENTO DOS OBJETIVOS INSTITUCIONAIS.<\/p>\n<p><strong>A\u00c7\u00d5ES:<\/strong><\/p>\n<p><strong>2001 &#8211; DIRE\u00c7\u00c3O SUPERIOR<\/strong><\/p>\n<p><a href=\"https:\/\/www.sigplan.mg.gov.br\/v3\/RelatoriosPPAG4\/RegionalizacaoAcaoEstatico.asp?hPRGAno=2017&amp;hPRGCod=0701&amp;hTipo=A&amp;hACACodPPA=01087\" target=\"_blank\" rel=\"noopener\">Saiba mais&#8230;<\/a><\/p>\n<p><strong>2002 &#8211; PLANEJAMENTO, GEST\u00c3O E FINAN\u00c7AS<\/strong><\/p>\n<p><a href=\"https:\/\/www.sigplan.mg.gov.br\/v3\/RelatoriosPPAG4\/RegionalizacaoAcaoEstatico.asp?hPRGAno=2017&amp;hPRGCod=0701&amp;hTipo=A&amp;hACACodPPA=01108\" target=\"_blank\" rel=\"noopener\">Saiba mais&#8230;<\/a><\/p>\n<p><strong>2417 &#8211; REMUNERA\u00c7\u00c3O DE PESSOAL ATIVO E ENCARGOS SOCIAIS<\/strong><\/p>\n<p><a href=\"https:\/\/www.sigplan.mg.gov.br\/v3\/RelatoriosPPAG4\/RegionalizacaoAcaoEstatico.asp?hPRGAno=2017&amp;hPRGCod=0701&amp;hTipo=A&amp;hACACodPPA=01126\" target=\"_blank\" rel=\"noopener\">Saiba mais&#8230;<\/a><\/p>\n<p>&#8212;&#8212;&#8212;&#8212;&#8212;&#8212;&#8212;&#8212;&#8212;&#8212;&#8212;&#8212;&#8212;&#8212;&#8212;&#8212;&#8212;&#8212;&#8212;&#8212;&#8212;&#8212;&#8212;&#8212;&#8212;&#8212;&#8212;&#8212;&#8212;&#8212;&#8212;&#8212;&#8212;&#8212;&#8212;&#8212;&#8212;&#8212;&#8212;<\/p>\n<p><strong>PROGRAMA DE DESENVOLVIMENTO DO NORTE E NORDESTE<\/strong><\/p>\n<p><strong>OBJETIVO:<\/strong> CONTRIBUIR COM A\u00c7\u00d5ES DE APOIO \u00c0 GERA\u00c7\u00c3O DE RENDA, NA PERSPECTIVA DA PROMO\u00c7\u00c3O DE TRABALHO, RENDA E REDU\u00c7\u00c3O DA VULNERABILIDADE DA POPULA\u00c7\u00c3O POBRE DO NORTE E NORDESTE DE MINAS GERAIS, A PARTIR DE A\u00c7\u00d5ES QUE LEVEM \u00c0 DINAMIZA\u00c7\u00c3O DA ECONOMIA DA REGI\u00c3O E AO FORTALECIMENTO DA BASE SOCIAL, ORGANIZANDO A SOCIEDADE CIVIL, PROMOVENDO A COORDENA\u00c7\u00c3O E A COOPERA\u00c7\u00c3O ENTRE OS ATORES LOCAIS, E BUSCANDO ALTERNATIVAS DE ABSOR\u00c7\u00c3O DE M\u00c3O DE OBRA, DE FORMA A EVITAR A MIGRA\u00c7\u00c3O LABORAL.<\/p>\n<p><strong>ESTRAT\u00c9GIA DE IMPLEMENTA\u00c7\u00c3O:<\/strong> A ESTRAT\u00c9GIA DE IMPLEMENTA\u00c7\u00c3O DO PROGRAMA SER\u00c1 ESTRUTURADA DA SEGUINTE FORMA: CONGREGAR E COORDENAR A\u00c7\u00d5ES DAS DIVERSAS INSTITUI\u00c7\u00d5ES QUE ATUAM NA PROMO\u00c7\u00c3O DO DESENVOLVIMENTO NO NORTE E NORDESTE DO ESTADO; FINANCIAMENTO DE ATIVIDADES PRODUTIVAS LOCAIS, APOIO A COMUNIDADES QUE NECESSITAM DE EQUIPAMENTOS\/INSTALA\u00c7\u00d5ES PARA O DESENVOLVIMENTO DE ATIVIDADES PRODUTIVAS, AGREGA\u00c7\u00c3O DE VALOR AS CADEIAS PRODUTIVAS EXISTENTES E A PROMO\u00c7\u00c3O DA INTEGRA\u00c7\u00c3O TERRITORIAL E SUSTENTABILIDADE SOCIOECON\u00d4MICA.<\/p>\n<p><strong>A\u00c7\u00d5ES:<\/strong><\/p>\n<p><strong>4367 &#8211; APOIO \u00c0 AGRICULTURA FAMILIAR NO NORTE E NORDESTE<\/strong><\/p>\n<p><a href=\"https:\/\/www.sigplan.mg.gov.br\/v3\/RelatoriosPPAG4\/RegionalizacaoAcaoEstatico.asp?hPRGAno=2017&amp;hPRGCod=0152&amp;hTipo=A&amp;hACACodPPA=07879\" target=\"_blank\" rel=\"noopener\">Saiba mais&#8230;<\/a><\/p>\n<p><strong>4368 &#8211; POTENCIALIZA\u00c7\u00c3O DAS VOCA\u00c7\u00d5ES REGIONAIS DO NORTE E NORDESTE DE MINAS GERAIS<\/strong><\/p>\n<p><a href=\"https:\/\/www.sigplan.mg.gov.br\/v3\/RelatoriosPPAG4\/RegionalizacaoAcaoEstatico.asp?hPRGAno=2017&amp;hPRGCod=0152&amp;hTipo=A&amp;hACACodPPA=07880\" target=\"_blank\" rel=\"noopener\">Saiba mais&#8230;<\/a><\/p>\n<p>&#8212;&#8212;&#8212;&#8212;&#8212;&#8212;&#8212;&#8212;&#8212;&#8212;&#8212;&#8212;&#8212;&#8212;&#8212;&#8212;&#8212;&#8212;&#8212;&#8212;&#8212;&#8212;&#8212;&#8212;&#8212;&#8212;&#8212;&#8212;&#8212;&#8212;&#8212;&#8212;&#8212;&#8212;&#8212;&#8212;&#8212;&#8212;&#8212;<\/p>\n<p><strong>0129 &#8211; LEITE PELA VIDA<\/strong><\/p>\n<p><strong>OBJETIVO:<\/strong> PROMOVER O FORTALECIMENTO DA CADEIA PRODUTIVA DO LEITE, POR MEIO DA GERA\u00c7\u00c3O DE RENDA E DA GARANTIA DE PRE\u00c7O DO LEITE PRODUZIDO PELO AGRICULTOR FAMILIAR, AL\u00c9M DE CONTRIBUIR PARA A DIMINUI\u00c7\u00c3O DA VULNERABILIDADE SOCIAL COM O COMBATE \u00c0 FOME E \u00c0 DESNUTRI\u00c7\u00c3O NA \u00c1REA DE ABRANG\u00caNCIA DO IDENE.<\/p>\n<p><strong>ESTRAT\u00c9GIA DE IMPLEMENTA\u00c7\u00c3O:<\/strong> O PROGRAMA APRESENTA TR\u00caS FASES DISTINTAS E COMPLEMENTARES, A SABER: AQUISI\u00c7\u00c3O, BENEFICIAMENTO\/DISTRIBUI\u00c7\u00c3O E ENTREGA. A PRIMEIRA CONSISTE EM ADQUIRIR O LEITE JUNTO AO PEQUENO PRODUTOR LEITEIRO CADASTRADO NO PRONAF, A SEGUNDA EM BENEFICIAR O LEITE ADQUIRIDO JUNTO AO LATIC\u00cdNIO DA REGI\u00c3O QUE FAZ O RECOLHIMENTO, E SUA DISTRIBUI\u00c7\u00c3O PARA OS PONTOS DE ENTREGA, E A TERCEIRA QUE CONSISTE NA ENTREGA POR UM AGENTE P\u00daBLICO DO IDENE PARA OS BENEFICI\u00c1RIOS DO PROGRAMA.<\/p>\n<p><strong>A\u00c7\u00d5ES:<\/strong><\/p>\n<p>2069 &#8211; AQUISI\u00c7\u00c3O DE LEITE DA AGRICULTURA FAMILIAR<br \/>\n<a href=\"https:\/\/www.sigplan.mg.gov.br\/v3\/RelatoriosPPAG4\/RegionalizacaoAcaoEstatico.asp?hPRGAno=2017&amp;hPRGCod=0129&amp;hTipo=A&amp;hACACodPPA=07794\" target=\"_blank\" rel=\"noopener\">Saiba mais&#8230;<\/a><\/p>\n<p>4315 &#8211; BENEFICIAMENTO E DISTRIBUI\u00c7\u00c3O DE LEITE ADQUIRIDO JUNTO \u00c0 AGRICULTURA FAMILIAR<br \/>\n<a href=\"https:\/\/www.sigplan.mg.gov.br\/v3\/RelatoriosPPAG4\/RegionalizacaoAcaoEstatico.asp?hPRGAno=2017&amp;hPRGCod=0129&amp;hTipo=A&amp;hACACodPPA=07795\" target=\"_blank\" rel=\"noopener\">Saiba mais&#8230;<\/a><\/p>\n<p>4316 &#8211; ENTREGA DE LEITE BENEFICIADO ADQUIRIDO JUNTO \u00c0 AGRICULTURA FAMILIAR<br \/>\n<a href=\"https:\/\/www.sigplan.mg.gov.br\/v3\/RelatoriosPPAG4\/RegionalizacaoAcaoEstatico.asp?hPRGAno=2017&amp;hPRGCod=0129&amp;hTipo=A&amp;hACACodPPA=07796\" target=\"_blank\" rel=\"noopener\">Saiba mais&#8230;<\/a><\/p>\n<p>&#8212;&#8212;&#8212;&#8212;&#8212;&#8212;&#8212;&#8212;&#8212;&#8212;&#8212;&#8212;&#8212;&#8212;&#8212;&#8212;&#8212;&#8212;&#8212;&#8212;&#8212;&#8212;&#8212;&#8212;&#8212;&#8212;&#8212;&#8212;&#8212;&#8212;&#8212;&#8212;&#8212;&#8212;&#8212;&#8212;&#8212;&#8212;&#8212;<\/p>\n<p><strong>0702 &#8211; OBRIGA\u00c7\u00d5ES ESPECIAIS<\/strong><\/p>\n<p><strong>OBJETIVO:<\/strong> REALIZAR DESPESAS OBRIGAT\u00d3RIAS DECORRENTES DE COMANDOS CONSTITUCIONAIS OU LEGAIS EM RELA\u00c7\u00c3O \u00c0S QUAIS N\u00c3O SE POSSA ASSOCIAR UM BEM OU SERVI\u00c7O A SER GERADO NO PROCESSO PRODUTIVO CORRENTE, TAIS COMO D\u00cdVIDAS, RESSARCIMENTOS, INDENIZA\u00c7\u00d5ES, TRANSFER\u00caNCIAS CONSTITUCIONAIS A MUNIC\u00cdPIOS, PAGAMENTO DE PROVENTOS DE INATIVOS E OUTRAS AFINS.<\/p>\n<p><strong>ESTRAT\u00c9GIA DE IMPLEMENTA\u00c7\u00c3O:<\/strong> REALIZAR O EMPENHO DAS TRANSFER\u00caNCIAS AOS MUNIC\u00cdPIOS, PRECAT\u00d3RIOS E DEMAIS DESPESAS EM OBEDI\u00caNCIA AO APARATO LEGAL.<\/p>\n<p><strong>A\u00c7\u00d5ES:<\/strong><\/p>\n<p><strong>7004 &#8211; PRECAT\u00d3RIOS E SENTEN\u00c7AS JUDICI\u00c1RIAS<\/strong><\/p>\n<p><a href=\"https:\/\/www.sigplan.mg.gov.br\/v3\/RelatoriosPPAG4\/RegionalizacaoAcaoEstatico.asp?hPRGAno=2017&amp;hPRGCod=0702&amp;hTipo=A&amp;hACACodPPA=01141\">Saiba mais&#8230;<\/a><\/p>\n<p>&#8212;&#8212;&#8212;&#8212;&#8212;&#8212;&#8212;&#8212;&#8212;&#8212;&#8212;&#8212;&#8212;&#8212;&#8212;&#8212;&#8212;&#8212;&#8212;&#8212;&#8212;&#8212;&#8212;&#8212;&#8212;&#8212;&#8212;&#8212;&#8212;&#8212;&#8212;&#8212;&#8212;&#8212;&#8212;&#8212;&#8212;&#8212;&#8212;<\/p>\n<p><strong>0122 &#8211; \u00c1GUA PARA TODOS &#8211; UNIVERSALIZA\u00c7\u00c3O DO ACESSO E USO DA \u00c1GUA<\/strong><\/p>\n<p><strong>OBJETIVO:<\/strong> PROMOVER A UNIVERSALIZA\u00c7\u00c3O DO ACESSO E USO DA \u00c1GUA PARA CONSUMO HUMANO E PARA A PRODU\u00c7\u00c3O DE ALIMENTOS E MINIMIZAR OS EFEITOS DA BAIXA PRECIPITA\u00c7\u00c3O COM ALTO EVAPOTRANSPIRA\u00c7\u00c3O ADEQUANDO AS FORMAS DE ABASTECIMENTO EXISTENTES AO CONTEXTO CLIM\u00c1TICO DA REGI\u00c3O.<\/p>\n<p><strong>ESTRAT\u00c9GIA DE IMPLEMENTA\u00c7\u00c3O:<\/strong> O PROGRAMA FOCA EM DOIS GRANDES EIXOS: \u00c1GUA PARA CONSUMO PARA AQUELES QUE N\u00c3O T\u00caM ACESSO A \u00c1GUA E \u00c1GUA PARA PRODU\u00c7\u00c3O PARA AQUELES QUE J\u00c1 T\u00caM ACESSO A \u00c1GUA DE CONSUMO. A MANEIRA DE INTERVEN\u00c7\u00c3O VARIA DE ACORDO COM A PULVERIZA\u00c7\u00c3O DA POPULA\u00c7\u00c3O ATENDIDA. ASSIM, PARA AS POPULA\u00c7\u00d5ES QUE N\u00c3O TEM ACESSO A \u00c1GUA PARA CONSUMO E S\u00c3O PULVERIZADAS SE INTERV\u00caM POR MEIO DA IMPLANTA\u00c7\u00c3O DE CISTERNAS PARA CONSUMO, AQUELES EM QUE A POPULA\u00c7\u00c3O N\u00c3O \u00c9 DISPERSA SE INTERV\u00caM POR MEIO DA IMPLANTA\u00c7\u00c3O DE SISTEMA SIMPLIFICADO DE ABASTECIMENTO. QUANDO A POPULA\u00c7\u00c3O TEM \u00c1GUA PARA CONSUMO E N\u00c3O TEM \u00c1GUA PARA PRODU\u00c7\u00c3O SE INTERV\u00caM POR MEIO DA IMPLANTA\u00c7\u00c3O DE SISTEMA DE BARRAGINHAS E BARREIROS. AL\u00c9M DISSO O PROGRAMA COORDENA A\u00c7\u00d5ES QUE BUSCAM MINIMIZAR OS EFEITOS DA BAIXA PRECIPITA\u00c7\u00c3O COM ALTO EVAPOTRANSPIRA\u00c7\u00c3O ADEQUANDO AS FORMAS DE ABASTECIMENTO EXISTENTES AO CONTEXTO CLIM\u00c1TICO DA REGI\u00c3O.<\/p>\n<p><strong>A\u00c7\u00d5ES:<\/strong><\/p>\n<p><strong>1056 &#8211; IMPLANTA\u00c7\u00c3O DE BARRAGINHAS OU PEQUENA BARRAGEM<\/strong><br \/>\n<a href=\"https:\/\/www.sigplan.mg.gov.br\/v3\/RelatoriosPPAG4\/RegionalizacaoAcaoEstatico.asp?hPRGAno=2017&amp;hPRGCod=0122&amp;hTipo=A&amp;hACACodPPA=07778\">Saiba mais&#8230;<\/a><\/p>\n<p><strong>1057 &#8211; IMPLANTA\u00c7\u00c3O DE BARRAMENTOS<\/strong><\/p>\n<p><a href=\"https:\/\/www.sigplan.mg.gov.br\/v3\/RelatoriosPPAG4\/RegionalizacaoAcaoEstatico.asp?hPRGAno=2017&amp;hPRGCod=0122&amp;hTipo=A&amp;hACACodPPA=07784\">Saiba mais&#8230;<\/a><\/p>\n<p><strong>1059 &#8211; IMPLANTA\u00c7\u00c3O DE CISTERNA DE CONSUMO<\/strong><\/p>\n<p><a href=\"https:\/\/www.sigplan.mg.gov.br\/v3\/RelatoriosPPAG4\/RegionalizacaoAcaoEstatico.asp?hPRGAno=2017&amp;hPRGCod=0122&amp;hTipo=A&amp;hACACodPPA=07787\">Saiba mais&#8230;<\/a><\/p>\n<p><strong>1060 &#8211; IMPALANTA\u00c7\u00c3O DE SISTEMA SIMPLIFICADO DE ABASTECIMENTO DE \u00c1GUA<\/strong><\/p>\n<p><a href=\"https:\/\/www.sigplan.mg.gov.br\/v3\/RelatoriosPPAG4\/RegionalizacaoAcaoEstatico.asp?hPRGAno=2017&amp;hPRGCod=0122&amp;hTipo=A&amp;hACACodPPA=07790\">Saiba mais&#8230;<\/a><\/p>\n<p><strong>1061 &#8211; COMPLEMENTA\u00c7\u00c3O DA BARRAGEM EM MATO VERDE<\/strong><\/p>\n<p><a href=\"https:\/\/www.sigplan.mg.gov.br\/v3\/RelatoriosPPAG4\/RegionalizacaoAcaoEstatico.asp?hPRGAno=2017&amp;hPRGCod=0122&amp;hTipo=A&amp;hACACodPPA=07791\">Saiba mais&#8230;<\/a><\/p>\n<p><strong>1062 &#8211; AMPLIA\u00c7\u00c3O DO SISTEMA DE ABASTECIMENTO DE \u00c1GUA DE MONTES CLAROS<\/strong><\/p>\n<p><a href=\"https:\/\/www.sigplan.mg.gov.br\/v3\/RelatoriosPPAG4\/RegionalizacaoAcaoEstatico.asp?hPRGAno=2017&amp;hPRGCod=0122&amp;hTipo=A&amp;hACACodPPA=07792\">Saiba mais&#8230;<\/a><\/p>\n<p>&#8212;&#8212;&#8212;&#8212;&#8212;&#8212;&#8212;&#8212;&#8212;&#8212;&#8212;&#8212;&#8212;&#8212;&#8212;&#8212;&#8212;&#8212;&#8212;&#8212;&#8212;&#8212;&#8212;&#8212;&#8212;&#8212;&#8212;&#8212;&#8212;&#8212;&#8212;&#8212;&#8212;&#8212;&#8212;&#8212;&#8212;&#8212;&#8212;<\/p>\n<p><strong>0701 &#8211; APOIO \u00c0 ADMINISTRA\u00c7\u00c3O P\u00daBLICA<\/strong><\/p>\n<p><strong>OBJETIVO:<\/strong>\u00c2 DESENVOLVER A\u00c7\u00d5ES ADMINISTRATIVAS E FINANCEIRAS VISANDO A GARANTIR RECURSOS HUMANOS, MATERIAIS, FINANCEIROS, T\u00c9CNICOS E INSTITUCIONAIS NECESS\u00c1RIOS \u00c0 EXECU\u00c7\u00c3O DAS POL\u00cdTICAS P\u00daBLICAS A CARGO DO ESTADO DE MINAS GERAIS.<\/p>\n<p><strong>ESTRAT\u00c9GIA DE IMPLEMENTA\u00c7\u00c3O:<\/strong> PROMOVER O ADEQUADO ACOMPANHAMENTO DAS DESPESAS DE ADMINISTRATIVAS, DE FORMA A VIABILIZAR A EXECU\u00c7\u00c3O DAS POL\u00cdTICAS P\u00daBLICAS A CARGO DO ESTADO DE MINAS GERAIS, PROVENDO OS RECURSOS NECESS\u00c1RIOS AO CUMPRIMENTO DOS OBJETIVOS INSTITUCIONAIS.<\/p>\n<p><strong>A\u00c7\u00d5ES:<\/strong><\/p>\n<p><strong>2002 &#8211; Planejamento, Gest\u00e3o e Finan\u00e7as<\/strong><br \/>\n<a href=\"https:\/\/www.sigplan.mg.gov.br\/v3\/RelatoriosPPAG4\/RegionalizacaoAcaoEstatico.asp?hPRGAno=2017&amp;hPRGCod=0701&amp;hTipo=A&amp;hACACodPPA=06686\">Saiba mais&#8230;<\/a><\/p>\n<p><strong>2417 &#8211; REMUNERA\u00c7\u00c3O DE PESSOAL ATIVO E ENCARGOS SOCIAIS<\/strong><\/p>\n<p><a href=\"https:\/\/www.sigplan.mg.gov.br\/v3\/RelatoriosPPAG4\/RegionalizacaoAcaoEstatico.asp?hPRGAno=2017&amp;hPRGCod=0701&amp;hTipo=A&amp;hACACodPPA=06099\">Saiba mais&#8230;<\/a><\/p>\n<p>&#8212;&#8212;&#8212;&#8212;&#8212;&#8212;&#8212;&#8212;&#8212;&#8212;&#8212;&#8212;&#8212;&#8212;&#8212;&#8212;&#8212;&#8212;&#8212;&#8212;&#8212;&#8212;&#8212;&#8212;&#8212;&#8212;&#8212;&#8212;&#8212;&#8212;&#8212;&#8212;&#8212;&#8212;&#8212;&#8212;&#8212;&#8212;&#8212;<\/p>\n<p><strong>0139 &#8211; BRASIL ALFABETIZADO<\/strong><\/p>\n<p>OBJETIVO: ALFABETIZAR E ENCAMINHAR PARA A CONTINUIDADE DO ENSINO A POPULA\u00c7\u00c3O ANALFABETA COM 15 (QUINZE) ANOS OU MAIS QUE RESIDE NA \u00c1REA DE ABRANG\u00caNCIA DO IDENE, PROMOVENDO O ACESSO \u00c0 EDUCA\u00c7\u00c3O COMO DIREITO DE TODOS, EM QUALQUER MOMENTO DA VIDA.<\/p>\n<p>ESTRAT\u00c9GIA DE IMPLEMENTA\u00c7\u00c3O: DADO O CEN\u00c1RIO DE ELEVADO ANALFABETISMO NA REGI\u00c3O DE ABRANG\u00caNCIA DO IDENE E A DIFICULDADE DE ACESSO AOS MEIOS EDUCACIONAIS POR PARTE DA POPULA\u00c7\u00c3O ANALFABETA DESSA REGI\u00c3O, O PROGRAMA BRASIL ALFABETIZADO VISA OFERECER A ESSA POPULA\u00c7\u00c3O AULAS DE ALFABETIZA\u00c7\u00c3O COM DURA\u00c7\u00c3O DE 08 (OITO) MESES, SENDO A CARGA HOR\u00c1RIA DE 10 (DEZ) HORAS SEMANAIS, TOTALIZANDO CERCA DE 320 (TREZENTAS E VINTE) HORAS. ESSAS AULAS S\u00c3O MINISTRADAS POR PESSOAS QUE POSSUEM, NO M\u00cdNIMO, CERTIFICADO DE CONCLUS\u00c3O DE N\u00cdVEL M\u00c9DIO, COM CAPACIDADE PARA DESEMPENHAR TODAS AS ATIVIDADES ESSENCIAIS AOS ALFABETIZADORES. AS TURMAS, SE DE ZONA RURAL, DEVEM TER O M\u00cdNIMO DE 07 (SETE) E M\u00c1XIMO DE 25 (VINTE E CINCO) ALFABETIZANDOS E, SE DE ZONA URBANA, M\u00cdNIMO DE 14 (QUATORZE) E M\u00c1XIMO DE 25 (VINTE E CINCO) ALFABETIZANDOS. TODAS AS TURMAS DEVEM SER ACOMPANHADAS POR ALFABETIZADORES-COORDENADORES DE TURMAS, EM ASSESSORAMENTO T\u00c9CNICO AOS ALFABETIZADORES E ALFABETIZANDOS. OS ALFABETIZADORES-COORDENADORES DE TURMAS DEVEM ESTAR PELO MENOS CURSANDO O ENSINO SUPERIOR OU J\u00c1 CONCLU\u00cdDO. CADA ALFABETIZADOR-COORDENADOR DE TURMAS DEVE COORDENAR DE 05 (CINCO) A 09 (NOVE) TURMAS DE ALFABETIZA\u00c7\u00c3O ATIVAS, ACOMPANHANDO O DESENVOLVIMENTO DO TRABALHO DE ALFABETIZA\u00c7\u00c3O POR MEIO DE VISITAS SEMANAIS A CADA UMA DAS TURMAS \u00c0S QUAIS ESTEJA VINCULADO, PRODUZINDO UM REGISTRO PARA CADA VISITA BEM COMO REALIZANDO PLANT\u00d5ES PEDAG\u00d3GICOS JUNTO AOS ALFABETIZADORES E TRADUTORES INT\u00c9RPRETES DE LIBRAS SOB SUA COORDENA\u00c7\u00c3O. OS TRADUTORES INT\u00c9RPRETES DE LIBRAS DEVEM POSSUIR FORMA\u00c7\u00c3O DE N\u00cdVEL M\u00c9DIO E CERTIFICA\u00c7\u00c3O OBTIDA POR MEIO DO PROGRAMA NACIONAL DE PROFICI\u00caNCIA EM LIBRAS (PROLIBRAS) OU GRADUA\u00c7\u00c3O LETRAS\/LIBRAS BACHARELADO OU AINDA FORMA\u00c7\u00c3O EM N\u00cdVEL DE P\u00d3S-GRADUA\u00c7\u00c3O EM LIBRAS EM CURSO AUTORIZADO PELO MEC OFERECIDO POR INSTITUI\u00c7\u00c3O DE ENSINO SUPERIOR DEVIDAMENTE RECONHECIDA E DEVER\u00c1 ESTAR VINCULADO A UMA TURMA ATIVA NA QUAL HAJA PELO MENOS 1 (UM) DEFICIENTE AUDITIVO, USU\u00c1RIO DE LIBRAS.<\/p>\n<p><strong>A\u00c7\u00d5ES:<\/strong><\/p>\n<p><strong>1065 &#8211; ALFABETIZA\u00c7\u00c3O DE JOVENS E ADULTOS<\/strong><br \/>\n<a href=\"https:\/\/www.sigplan.mg.gov.br\/v3\/RelatoriosPPAG4\/RegionalizacaoAcaoEstatico.asp?hPRGAno=2017&amp;hPRGCod=0139&amp;hTipo=A&amp;hACACodPPA=07809\">Saiba mais&#8230;<\/a><\/p>\n<p><strong>1066 &#8211; MONITORAMENTO DO ALFABETIZADOR E COORDENADOR-ALFABETIZADOR DE TURMAS<\/strong><\/p>\n<p><a href=\"https:\/\/www.sigplan.mg.gov.br\/v3\/RelatoriosPPAG4\/RegionalizacaoAcaoEstatico.asp?hPRGAno=2017&amp;hPRGCod=0139&amp;hTipo=A&amp;hACACodPPA=07810\">Saiba mais&#8230;<\/a><\/p>\n","protected":false},"excerpt":{"rendered":"<p>IDENE 0701 &ndash; APOIO &Agrave; ADMINISTRA&Ccedil;&Atilde;O P&Uacute;BLICA OBJETIVO: DESENVOLVER A&Ccedil;&Otilde;ES ADMINISTRATIVAS E FINANCEIRAS VISANDO A GARANTIR RECURSOS HUMANOS, MATERIAIS, FINANCEIROS, T&Eacute;CNICOS E INSTITUCIONAIS NECESS&Aacute;RIOS &Agrave; EXECU&Ccedil;&Atilde;O DAS POL&Iacute;TICAS P&Uacute;BLICAS A CARGO DO ESTADO DE MINAS GERAIS. ESTRAT&Eacute;GIA DE IMPLEMENTA&Ccedil;&Atilde;O: PROMOVER O ADEQUADO ACOMPANHAMENTO DAS DESPESAS DE ADMINISTRATIVAS, DE FORMA A VIABILIZAR A EXECU&Ccedil;&Atilde;O DAS POL&Iacute;TICAS [&hellip;]<\/p>\n","protected":false},"author":1,"featured_media":0,"parent":0,"menu_order":0,"comment_status":"closed","ping_status":"closed","template":"","meta":{"kia_subtitle":"","_FSMCFIC_featured_image_caption":"","_FSMCFIC_featured_image_nocaption":"","_FSMCFIC_featured_image_hide":""},"_links":{"self":[{"href":"http:\/\/www.idene.mg.gov.br\/site\/wp-json\/wp\/v2\/pages\/141"}],"collection":[{"href":"http:\/\/www.idene.mg.gov.br\/site\/wp-json\/wp\/v2\/pages"}],"about":[{"href":"http:\/\/www.idene.mg.gov.br\/site\/wp-json\/wp\/v2\/types\/page"}],"author":[{"embeddable":true,"href":"http:\/\/www.idene.mg.gov.br\/site\/wp-json\/wp\/v2\/users\/1"}],"replies":[{"embeddable":true,"href":"http:\/\/www.idene.mg.gov.br\/site\/wp-json\/wp\/v2\/comments?post=141"}],"version-history":[{"count":4,"href":"http:\/\/www.idene.mg.gov.br\/site\/wp-json\/wp\/v2\/pages\/141\/revisions"}],"predecessor-version":[{"id":4992,"href":"http:\/\/www.idene.mg.gov.br\/site\/wp-json\/wp\/v2\/pages\/141\/revisions\/4992"}],"wp:attachment":[{"href":"http:\/\/www.idene.mg.gov.br\/site\/wp-json\/wp\/v2\/media?parent=141"}],"curies":[{"name":"wp","href":"https:\/\/api.w.org\/{rel}","templated":true}]}}