{"id":29,"date":"2013-05-16T11:56:46","date_gmt":"2013-05-16T11:56:46","guid":{"rendered":"http:\/\/www.idene.mg.gov.br\/site\/acessibilidade\/"},"modified":"2024-11-19T15:31:25","modified_gmt":"2024-11-19T18:31:25","slug":"acessibilidade","status":"publish","type":"page","link":"http:\/\/www.idene.mg.gov.br\/site\/acessibilidade\/","title":{"rendered":"Acessibilidade"},"content":{"rendered":"<p><strong>Tamanho do texto:<\/strong><\/p>\n<p>Aumentar Letra<br \/>\nDiminuir Letra<br \/>\nReinicia o tamanho normal das letras<\/p>\n<p><strong>Contraste:<\/strong><\/p>\n<p>Alto Contraste<br \/>\nContraste Padr\u00e3o<\/p>\n<p><strong>Teclas de acesso<\/strong><\/p>\n<p>Teclas de acesso s\u00e3o um recurso de navega\u00e7\u00e3o que permitem a voc\u00ea navegar neste web site com o seu teclado.<br \/>\nInforma\u00e7\u00f5es mais detalhadas sobre as teclas de acesso podem ser encontradas em Diretrizes de Acessibilidade do W3C.<\/p>\n<p><strong>Teclas de acesso dispon\u00edveis<\/strong><\/p>\n<p>Este site usa uma configura\u00e7\u00e3o de teclas de acesso descritas abaixo:<\/p>\n<table style=\"width: 148px; height: 181px;\" border=\"0\">\n<tbody>\n<tr>\n<td>0<\/td>\n<td>Menu<\/td>\n<\/tr>\n<tr>\n<td>1<\/td>\n<td>Conte\u00fado<\/td>\n<\/tr>\n<tr>\n<td>2<\/td>\n<td>Aumentar Letra<\/td>\n<\/tr>\n<tr>\n<td>3<\/td>\n<td>Diminuir Letra<\/td>\n<\/tr>\n<tr>\n<td>4<\/td>\n<td>Maior Contraste<\/td>\n<\/tr>\n<tr>\n<td>5<\/td>\n<td>Menor Contraste<\/td>\n<\/tr>\n<tr>\n<td>6<\/td>\n<td>Ajuda<\/td>\n<\/tr>\n<tr>\n<td>7<\/td>\n<td>Mapa do S\u00edtio<\/td>\n<\/tr>\n<tr>\n<td>8<\/td>\n<td>Fale Conosco<\/td>\n<\/tr>\n<tr>\n<td>9<\/td>\n<td>Busca<\/td>\n<\/tr>\n<\/tbody>\n<\/table>\n<p><strong>A navega\u00e7\u00e3o da tecla TAB<\/strong><\/p>\n<p>Ordem definida para as teclas de atalho<\/p>\n<table style=\"width: 271px; height: 398px;\" border=\"0\">\n<tbody>\n<tr>\n<td><strong>Sequ\u00eancia<\/strong><\/td>\n<td><strong>Posicionamento<\/strong><\/td>\n<\/tr>\n<tr>\n<td>1<\/td>\n<td>Atalho para o menu<\/td>\n<\/tr>\n<tr>\n<td>2<\/td>\n<td>Atalho para o conte\u00fado<\/td>\n<\/tr>\n<tr>\n<td>3<\/td>\n<td>Acessibilidade<\/td>\n<\/tr>\n<tr>\n<td>4<\/td>\n<td>Aumentar letra<\/td>\n<\/tr>\n<tr>\n<td>5<\/td>\n<td>Diminuir letra<\/td>\n<\/tr>\n<tr>\n<td>6<\/td>\n<td>Maior contraste<\/td>\n<\/tr>\n<tr>\n<td>7<\/td>\n<td>Menor contraste<\/td>\n<\/tr>\n<tr>\n<td>8<\/td>\n<td>Ajuda<\/td>\n<\/tr>\n<tr>\n<td>9<\/td>\n<td>Mapa do s\u00edtio<\/td>\n<\/tr>\n<tr>\n<td>10<\/td>\n<td>Fale Conosco<\/td>\n<\/tr>\n<tr>\n<td>11<\/td>\n<td>Campo de busca<\/td>\n<\/tr>\n<tr>\n<td>12<\/td>\n<td>Bot\u00e3o de busca<\/td>\n<\/tr>\n<tr>\n<td>13<\/td>\n<td>Portal de Governo<\/td>\n<\/tr>\n<tr>\n<td>14<\/td>\n<td>Item inicial do menu<\/td>\n<\/tr>\n<tr>\n<td>15<\/td>\n<td>Item 2 do menu<\/td>\n<\/tr>\n<tr>\n<td>&#8230;<\/td>\n<td>\u00a0&#8230;<\/td>\n<\/tr>\n<tr>\n<td>x<\/td>\n<td>Conte\u00fado<\/td>\n<\/tr>\n<tr>\n<td>x + 1<\/td>\n<td>Conte\u00fado 2<\/td>\n<\/tr>\n<tr>\n<td>x + &#8230;<\/td>\n<td>&#8230; Conte\u00fado &#8230;<\/td>\n<\/tr>\n<tr>\n<td>y<\/td>\n<td>Aspectos legais<\/td>\n<\/tr>\n<\/tbody>\n<\/table>\n<p><strong style=\"line-height: 1.5em;\">Usando teclas de acesso em navegadores diferentes<\/strong><\/p>\n<p>Internet Explorer 5+ (Windows)<br \/>\nSegure pressionada a tecla Alt e pressione o n\u00famero ou letra da sua tecla de acesso, libere ambas as teclas e pressione ENTER.<\/p>\n<p>Firefox, Mozilla e Netscape 7+ (Windows)<br \/>\nSegure pressionada a tecla Alt + Shift e pressione o n\u00famero ou letra da sua tecla de acesso.<\/p>\n<p>Firefox, Mozilla e Netscape 7+ (Mac OS X)<br \/>\nSegure pressionada a tecla Ctrl e pressione o n\u00famero ou letra da sua tecla de acesso.<\/p>\n<p>Safari e Omniweb (Mac OS X)<br \/>\nSegure pressionada a tecla Ctrl e pressione o n\u00famero ou letra da sua tecla de acesso.<\/p>\n<p>Konqueror (Linux)<br \/>\nPressione e solte a tecla Ctrl e ent\u00e3o pressione o n\u00famero ou letra da sua tecla de acesso.<\/p>\n<p>Internet Explorer 4 (Windows)<br \/>\nSegure pressionada a tecla Alt e pressione o n\u00famero ou letra da sua tecla de acesso.<\/p>\n<p>Internet Explorer 5+ (Mac)<br \/>\nSegure pressionada a tecla Ctrl e pressione o n\u00famero ou letra da sua tecla de acesso.<\/p>\n<p>Internet Explorer 4.5 (Mac)<br \/>\nAs teclas de acesso n\u00e3o s\u00e3o suportadas, por favor use um navegador diferente.<\/p>\n<p>Netscape 6 e mais recentes (Todas as plataformas)<br \/>\nAs teclas de acesso n\u00e3o s\u00e3o suportadas, por favor use um navegador diferente.<\/p>\n","protected":false},"excerpt":{"rendered":"<p>Tamanho do texto: Aumentar Letra Diminuir Letra Reinicia o tamanho normal das letras Contraste: Alto Contraste Contraste Padr&atilde;o Teclas de acesso Teclas de acesso s&atilde;o um recurso de navega&ccedil;&atilde;o que permitem a voc&ecirc; navegar neste web site com o seu teclado. Informa&ccedil;&otilde;es mais detalhadas sobre as teclas de acesso podem ser encontradas em Diretrizes de [&hellip;]<\/p>\n","protected":false},"author":1,"featured_media":0,"parent":0,"menu_order":0,"comment_status":"closed","ping_status":"closed","template":"","meta":{"kia_subtitle":"","_FSMCFIC_featured_image_caption":"","_FSMCFIC_featured_image_nocaption":"","_FSMCFIC_featured_image_hide":""},"_links":{"self":[{"href":"http:\/\/www.idene.mg.gov.br\/site\/wp-json\/wp\/v2\/pages\/29"}],"collection":[{"href":"http:\/\/www.idene.mg.gov.br\/site\/wp-json\/wp\/v2\/pages"}],"about":[{"href":"http:\/\/www.idene.mg.gov.br\/site\/wp-json\/wp\/v2\/types\/page"}],"author":[{"embeddable":true,"href":"http:\/\/www.idene.mg.gov.br\/site\/wp-json\/wp\/v2\/users\/1"}],"replies":[{"embeddable":true,"href":"http:\/\/www.idene.mg.gov.br\/site\/wp-json\/wp\/v2\/comments?post=29"}],"version-history":[{"count":4,"href":"http:\/\/www.idene.mg.gov.br\/site\/wp-json\/wp\/v2\/pages\/29\/revisions"}],"predecessor-version":[{"id":5240,"href":"http:\/\/www.idene.mg.gov.br\/site\/wp-json\/wp\/v2\/pages\/29\/revisions\/5240"}],"wp:attachment":[{"href":"http:\/\/www.idene.mg.gov.br\/site\/wp-json\/wp\/v2\/media?parent=29"}],"curies":[{"name":"wp","href":"https:\/\/api.w.org\/{rel}","templated":true}]}}