{"id":31,"date":"2013-05-24T12:54:44","date_gmt":"2013-05-24T12:54:44","guid":{"rendered":"http:\/\/www.idene.mg.gov.br\/site\/duvidas-frequentes\/"},"modified":"2023-07-07T12:46:36","modified_gmt":"2023-07-07T15:46:36","slug":"duvidas-frequentes","status":"publish","type":"page","link":"http:\/\/www.idene.mg.gov.br\/site\/duvidas-frequentes\/","title":{"rendered":"D\u00favidas Frequentes"},"content":{"rendered":"<p><strong>AJUDANDO A ACESSAR E VISUALIZAR<\/strong><\/p>\n<p>Este site foi desenvolvido para ser acessado a partir dos navegadores usuais. Melhores resultados s\u00e3o obtidos utilizando o Chrome, Firefox ou Internet Explorer 8.0 ou superior.<\/p>\n<p><strong>AJUDANDO A NAVEGAR<\/strong><\/p>\n<p>S\u00e3o 2 (duas) as op\u00e7\u00f5es de navega\u00e7\u00e3o: escolha a mais confort\u00e1vel para voc\u00ea. Al\u00e9m do menu principal (todo o tempo no mesmo local), voc\u00ea pode utilizar o mapa do site, para uma navega\u00e7\u00e3o mais objetiva e direta.<\/p>\n<p><strong>AJUDANDO A ESCOLHER <\/strong><\/p>\n<p>O conte\u00fado est\u00e1 organizado de acordo com o Menu Principal e seus submenus. A escolha da informa\u00e7\u00e3o ser\u00e1 por ele ou pelo campo busca(lado direito superior) onde voc\u00ea poder\u00e1 digitar a palavra ou express\u00e3o e clicar na palavra BUSCAR. Ser\u00e3o retornados links contendo o texto pesquisado.<\/p>\n<p><strong>AJUDANDO A SE LOCALIZAR<\/strong><\/p>\n<p>Utilize o<em> pathway<\/em> ou<em> breadcrumb<\/em>\u00a0ou seja \u201cmigalhas de p\u00e3o\u201d (quase sempre no canto superior esquerdo da tela). Ali est\u00e3o os menus e submenus que voc\u00ea percorreu desde a p\u00e1gina inicial.<\/p>\n<p><strong>AJUDANDO A SE INFORMAR <\/strong><\/p>\n<p>A p\u00e1gina de abertura do s\u00edtio (inicial) j\u00e1 abre com a Not\u00edcia Principal atualizada. As not\u00edcias anteriores s\u00e3o armazenadas em um Banco de Not\u00edcias de f\u00e1cil acesso e consulta.<\/p>\n<p><strong>AJUDANDO A TIRAR D\u00daVIDAS<\/strong><\/p>\n<p>O menu D\u00favidas Freq\u00fcentes ou simplesmente D\u00favidas est\u00e1 dispon\u00edvel com diversas perguntas e respostas para auxili\u00e1-lo. Caso ainda permane\u00e7a a d\u00favida voc\u00ea pode utilizar o Fale Conosco para envi\u00e1-la. Uma orienta\u00e7\u00e3o no prazo de 48 horas ser\u00e1 devolvida para o seu e-mail.<\/p>\n","protected":false},"excerpt":{"rendered":"<p>AJUDANDO A ACESSAR E VISUALIZAR Este site foi desenvolvido para ser acessado a partir dos navegadores usuais. Melhores resultados s&atilde;o obtidos utilizando o Chrome, Firefox ou Internet Explorer 8.0 ou superior. AJUDANDO A NAVEGAR S&atilde;o 2 (duas) as op&ccedil;&otilde;es de navega&ccedil;&atilde;o: escolha a mais confort&aacute;vel para voc&ecirc;. Al&eacute;m do menu principal (todo o tempo no [&hellip;]<\/p>\n","protected":false},"author":1,"featured_media":0,"parent":0,"menu_order":0,"comment_status":"closed","ping_status":"closed","template":"","meta":{"kia_subtitle":"","_FSMCFIC_featured_image_caption":"","_FSMCFIC_featured_image_nocaption":"","_FSMCFIC_featured_image_hide":""},"_links":{"self":[{"href":"http:\/\/www.idene.mg.gov.br\/site\/wp-json\/wp\/v2\/pages\/31"}],"collection":[{"href":"http:\/\/www.idene.mg.gov.br\/site\/wp-json\/wp\/v2\/pages"}],"about":[{"href":"http:\/\/www.idene.mg.gov.br\/site\/wp-json\/wp\/v2\/types\/page"}],"author":[{"embeddable":true,"href":"http:\/\/www.idene.mg.gov.br\/site\/wp-json\/wp\/v2\/users\/1"}],"replies":[{"embeddable":true,"href":"http:\/\/www.idene.mg.gov.br\/site\/wp-json\/wp\/v2\/comments?post=31"}],"version-history":[{"count":1,"href":"http:\/\/www.idene.mg.gov.br\/site\/wp-json\/wp\/v2\/pages\/31\/revisions"}],"predecessor-version":[{"id":4836,"href":"http:\/\/www.idene.mg.gov.br\/site\/wp-json\/wp\/v2\/pages\/31\/revisions\/4836"}],"wp:attachment":[{"href":"http:\/\/www.idene.mg.gov.br\/site\/wp-json\/wp\/v2\/media?parent=31"}],"curies":[{"name":"wp","href":"https:\/\/api.w.org\/{rel}","templated":true}]}}