{"id":32,"date":"2013-05-24T15:19:47","date_gmt":"2013-05-24T15:19:47","guid":{"rendered":"http:\/\/www.idene.mg.gov.br\/site\/aspectos-legais-e-responsabilidades\/"},"modified":"2013-05-24T15:19:47","modified_gmt":"2013-05-24T15:19:47","slug":"aspectos-legais-e-responsabilidades","status":"publish","type":"page","link":"http:\/\/www.idene.mg.gov.br\/site\/aspectos-legais-e-responsabilidades\/","title":{"rendered":"Aspectos legais e responsabilidades"},"content":{"rendered":"<p>A publica\u00e7\u00e3o e a manuten\u00e7\u00e3o dos conte\u00fados s\u00e3o realizadas pela assessoria de Comunica\u00e7\u00e3o Social do SEDINOR .<\/p>\n<p>As compet\u00eancias relacionadas \u00e0 gest\u00e3o e manuten\u00e7\u00e3o do s\u00edtio est\u00e3o disciplinadas na Resolu\u00e7\u00e3o Seplag n\u00ba 79.<\/p>\n<p>As informa\u00e7\u00f5es e servi\u00e7os disponibilizados, bem como sua atualiza\u00e7\u00e3o e manuten\u00e7\u00e3o, s\u00e3o de inteira responsabilidade, da unidade respons\u00e1vel.<\/p>\n<p>Qualquer informa\u00e7\u00e3o solicitada ser\u00e1 mantida em sigilo no banco de dados do <em>site<\/em>. Quando for necess\u00e1ria a identifica\u00e7\u00e3o do usu\u00e1rio, este se compromete a enviar informa\u00e7\u00f5es ver\u00eddicas e completas para o atendimento de sua demanda.<\/p>\n<p>Qualquer informa\u00e7\u00e3o ou servi\u00e7o existente no s\u00edtio, em parte ou no todo, poder\u00e1, a qualquer tempo, ser alterado ou exclu\u00eddo sem pr\u00e9vio aviso.<\/p>\n<p>Todo o conte\u00fado do s\u00edtio eletr\u00f4nico \u00e9 de propriedade da Secretaria de Estado de Governo, ou possui autoriza\u00e7\u00e3o para sua publica\u00e7\u00e3o\/veicula\u00e7\u00e3o.<\/p>\n<p>Qualquer conte\u00fado (imagens, fotos, textos, tabelas, arquivos, etc.) desde que identificado \u00e0 fonte e atribu\u00eddo o cr\u00e9dito, podem ser reutilizados.<\/p>\n<p>As marcas presentes no <em>site<\/em> s\u00e3o de propriedade do Governo do Estado de Minas Gerais, sendo proibida sua reprodu\u00e7\u00e3o, c\u00f3pia ou modifica\u00e7\u00e3o sem expressa autoriza\u00e7\u00e3o do Governo do Estado de Minas Gerais.<\/p>\n","protected":false},"excerpt":{"rendered":"<p>A publica&ccedil;&atilde;o e a manuten&ccedil;&atilde;o dos conte&uacute;dos s&atilde;o realizadas pela assessoria de Comunica&ccedil;&atilde;o Social do SEDINOR . As compet&ecirc;ncias relacionadas &agrave; gest&atilde;o e manuten&ccedil;&atilde;o do s&iacute;tio est&atilde;o disciplinadas na Resolu&ccedil;&atilde;o Seplag n&ordm; 79. As informa&ccedil;&otilde;es e servi&ccedil;os disponibilizados, bem como sua atualiza&ccedil;&atilde;o e manuten&ccedil;&atilde;o, s&atilde;o de inteira responsabilidade, da unidade respons&aacute;vel. Qualquer informa&ccedil;&atilde;o solicitada ser&aacute; [&hellip;]<\/p>\n","protected":false},"author":1,"featured_media":0,"parent":0,"menu_order":0,"comment_status":"closed","ping_status":"closed","template":"","meta":{"kia_subtitle":"","_FSMCFIC_featured_image_caption":"","_FSMCFIC_featured_image_nocaption":"","_FSMCFIC_featured_image_hide":""},"_links":{"self":[{"href":"http:\/\/www.idene.mg.gov.br\/site\/wp-json\/wp\/v2\/pages\/32"}],"collection":[{"href":"http:\/\/www.idene.mg.gov.br\/site\/wp-json\/wp\/v2\/pages"}],"about":[{"href":"http:\/\/www.idene.mg.gov.br\/site\/wp-json\/wp\/v2\/types\/page"}],"author":[{"embeddable":true,"href":"http:\/\/www.idene.mg.gov.br\/site\/wp-json\/wp\/v2\/users\/1"}],"replies":[{"embeddable":true,"href":"http:\/\/www.idene.mg.gov.br\/site\/wp-json\/wp\/v2\/comments?post=32"}],"version-history":[{"count":1,"href":"http:\/\/www.idene.mg.gov.br\/site\/wp-json\/wp\/v2\/pages\/32\/revisions"}],"predecessor-version":[{"id":4780,"href":"http:\/\/www.idene.mg.gov.br\/site\/wp-json\/wp\/v2\/pages\/32\/revisions\/4780"}],"wp:attachment":[{"href":"http:\/\/www.idene.mg.gov.br\/site\/wp-json\/wp\/v2\/media?parent=32"}],"curies":[{"name":"wp","href":"https:\/\/api.w.org\/{rel}","templated":true}]}}