{"id":4612,"date":"2023-07-06T12:03:42","date_gmt":"2023-07-06T15:03:42","guid":{"rendered":"http:\/\/www.idene.mg.gov.br\/site\/?page_id=4612"},"modified":"2026-01-28T17:32:30","modified_gmt":"2026-01-28T20:32:30","slug":"sigcon-saida","status":"publish","type":"page","link":"http:\/\/www.idene.mg.gov.br\/site\/sigcon-saida\/","title":{"rendered":"SIGCON-Saida"},"content":{"rendered":"<p>Atrav\u00e9s dos links abaixo \u00e9 poss\u00edvel realizar a solicita\u00e7\u00e3o ou renova\u00e7\u00e3o de senha para acesso ao Sistema de Gest\u00e3o de Conv\u00eanios &#8211; M\u00f3dulo Sa\u00edda (Sigcon-Sa\u00edda). O Sigcon-Sa\u00edda foi criado pelo Decreto n\u00ba 44.424, de 21 de dezembro de 2006 e alterado pelo Decreto 44.574 de 23\/07\/2007. \u00c9 de compet\u00eancia da Secretaria de Estado de Governo (Segov), o controle dos conv\u00eanios de repasse de recursos oriundos do Tesouro Estadual. Desta forma, o Sistema foi criado a partir da necessidade de se informatizar o processo de concess\u00e3o da Nota de Autoriza\u00e7\u00e3o Pr\u00e9via para celebra\u00e7\u00e3o dos conv\u00eanios, bem como de se consolidar informa\u00e7\u00f5es gerenciais para o fomento das atividades de articula\u00e7\u00e3o pol\u00edtica.<\/p>\n<p>O SIGCON-Sa\u00edda encontra-se em constante expans\u00e3o, com o objetivo de captar informa\u00e7\u00f5es gerenciais das mais diversas modalidades de repasse de recursos.<\/p>\n<p>Para o envio do pedido de solicita\u00e7\u00e3o ou renova\u00e7\u00e3o dever\u00e1 ser preenchido um formul\u00e1rio digital. O pedido ser\u00e1 respondido pela coordena\u00e7\u00e3o do Sigcon-Sa\u00edda via e-mail.<\/p>\n<p><strong>Documentos necess\u00e1rios:<\/strong><br \/>\nPara Solicita\u00e7\u00e3o:<\/p>\n<p>Cadastro nacional de pessoa jur\u00eddica<\/p>\n<p>CNPJ;<br \/>\nCadastro de pessoa f\u00edsica<\/p>\n<p>CPF (do representante legal e do respons\u00e1vel pelo preenchimento do formul\u00e1rio).<br \/>\nPara renova\u00e7\u00e3o:<\/p>\n<p>Cadastro nacional de pessoa jur\u00eddica &#8211; CNPJ.<\/p>\n<p><strong>Valor:<\/strong><br \/>\nGratuito<\/p>\n<p><strong>\u00d3rg\u00e3o respons\u00e1vel: <a href=\"https:\/\/sigconsaida.mg.gov.br\/contatos\/\" target=\"_blank\" rel=\"noopener\">Clique aqui<\/a><\/strong><\/p>\n<p><strong>Links:<\/strong><br \/>\n<a href=\"https:\/\/www.convenios.mg.gov.br\/sigcon\/index.jsp\" target=\"_blank\" rel=\"noopener\">Clique aqui para acessar o s\u00edtio eletr\u00f4nico do Sigcon-Sa\u00edda.<\/a><\/p>\n<p>Avaliar este Servi\u00e7o<\/p>\n<p><strong>Locais onde o servi\u00e7o \u00e9 prestado:<\/strong><\/p>\n<ul class=\"cities\">\n<li><a href=\"http:\/\/www.idene.mg.gov.br\/cidadao\/servicos\/sigcon-saida#\" target=\"_blank\" rel=\"noopener\" data-city=\"belo-horizonte\" data-letter=\"B\">Belo Horizonte<\/a><\/li>\n<\/ul>\n<div class=\"intros\">\n<div class=\"intro\">\n<p><strong>Lista de Munic\u00edpios<\/strong><\/p>\n<p>&nbsp;<\/p>\n<\/div>\n<\/div>\n<h2 class=\"title\">Coordena\u00e7\u00e3o do Sistema de Gest\u00e3o de Conv\u00eanios &#8211; Sigcon-Sa\u00edda<\/h2>\n<div class=\"info\">\n<h3 class=\"title\">P\u00e1gina na Internet<\/h3>\n<p><a href=\"https:\/\/www.governo.mg.gov.br\/\" target=\"_blank\" rel=\"noopener\">www.governo.mg.gov.br<\/a><\/p>\n<\/div>\n<div class=\"info\">\n<h3 class=\"title\">Endere\u00e7o<\/h3>\n<address><span class=\"rua\">Rodovia Prefeito Am\u00e9rico Gianetti, 4001 &#8211; Serra Verde<\/span><span class=\"bairro-cidade\">1\u00ba andar do Edif\u00edcio Gerais &#8211; Cidade Administrativa &#8211; Belo Horizonte<\/span><span class=\"cep\">CEP 31630-901<\/span><a class=\"mapa\" href=\"http:\/\/maps.google.com.br\/maps?hl=pt-BR&amp;view=map&amp;f=d&amp;daddr=Rodovia+Prefeito+Am%C3%A9rico+Gianetti,+4001+-+Serra+Verde,+Belo+Horizonte+-+MG,+31630-901&amp;sa=X\" target=\"blanck\" rel=\"noopener\">Como chegar<\/a><\/address>\n<p>Telefone<\/p>\n<\/div>\n<div class=\"info\">\n<p>(31) 3915 0104<\/p>\n<\/div>\n<div class=\"info\">\n<h3 class=\"title\">Contato<\/h3>\n<p><a href=\"mailto:sigcon.saida@governo.mg.gov.br\">sigcon.saida@governo.mg.gov.br<\/a><\/p>\n<\/div>\n<div class=\"info\">\n<h3 class=\"title\">Vincula\u00e7\u00e3o<\/h3>\n<p><a class=\"empresaLink\" href=\"http:\/\/mg.gov.br\/governomg\/portal\/s\/governomg\/1491-1491\/5794\/5040\" target=\"_blank\" rel=\"noopener\">Secretaria de Estado de Governo &#8211; Segov<\/a><\/p>\n<\/div>\n<p>&nbsp;<\/p>\n","protected":false},"excerpt":{"rendered":"<p>Atrav&eacute;s dos links abaixo &eacute; poss&iacute;vel realizar a solicita&ccedil;&atilde;o ou renova&ccedil;&atilde;o de senha para acesso ao Sistema de Gest&atilde;o de Conv&ecirc;nios &ndash; M&oacute;dulo Sa&iacute;da (Sigcon-Sa&iacute;da). O Sigcon-Sa&iacute;da foi criado pelo Decreto n&ordm; 44.424, de 21 de dezembro de 2006 e alterado pelo Decreto 44.574 de 23\/07\/2007. &Eacute; de compet&ecirc;ncia da Secretaria de Estado de Governo [&hellip;]<\/p>\n","protected":false},"author":2,"featured_media":0,"parent":0,"menu_order":0,"comment_status":"closed","ping_status":"closed","template":"","meta":{"kia_subtitle":"","_FSMCFIC_featured_image_caption":"","_FSMCFIC_featured_image_nocaption":"","_FSMCFIC_featured_image_hide":""},"_links":{"self":[{"href":"http:\/\/www.idene.mg.gov.br\/site\/wp-json\/wp\/v2\/pages\/4612"}],"collection":[{"href":"http:\/\/www.idene.mg.gov.br\/site\/wp-json\/wp\/v2\/pages"}],"about":[{"href":"http:\/\/www.idene.mg.gov.br\/site\/wp-json\/wp\/v2\/types\/page"}],"author":[{"embeddable":true,"href":"http:\/\/www.idene.mg.gov.br\/site\/wp-json\/wp\/v2\/users\/2"}],"replies":[{"embeddable":true,"href":"http:\/\/www.idene.mg.gov.br\/site\/wp-json\/wp\/v2\/comments?post=4612"}],"version-history":[{"count":14,"href":"http:\/\/www.idene.mg.gov.br\/site\/wp-json\/wp\/v2\/pages\/4612\/revisions"}],"predecessor-version":[{"id":6092,"href":"http:\/\/www.idene.mg.gov.br\/site\/wp-json\/wp\/v2\/pages\/4612\/revisions\/6092"}],"wp:attachment":[{"href":"http:\/\/www.idene.mg.gov.br\/site\/wp-json\/wp\/v2\/media?parent=4612"}],"curies":[{"name":"wp","href":"https:\/\/api.w.org\/{rel}","templated":true}]}}