{"id":4632,"date":"2023-07-06T12:15:08","date_gmt":"2023-07-06T15:15:08","guid":{"rendered":"http:\/\/www.idene.mg.gov.br\/site\/?page_id=4632"},"modified":"2026-01-28T09:44:21","modified_gmt":"2026-01-28T12:44:21","slug":"celebracao-de-convenios-2","status":"publish","type":"page","link":"http:\/\/www.idene.mg.gov.br\/site\/celebracao-de-convenios-2\/","title":{"rendered":"Celebra\u00e7\u00e3o de Conv\u00eanios"},"content":{"rendered":"<p>A Subsecretaria de Assuntos Municipais (Subseam) \u00e9 a respons\u00e1vel pela celebra\u00e7\u00e3o de conv\u00eanios da Secretaria de Estado de Governo, cujos recursos s\u00e3o oriundos do Programa de Apoio ao Desenvolvimento Municipal (Padem).<\/p>\n<p>Para cadastrar o plano de trabalho de conv\u00eanios no <a href=\"https:\/\/sigconsaida.mg.gov.br\/\" target=\"_blank\" rel=\"noopener\">Sistema de Gest\u00e3o de Conv\u00eanios &#8211; M\u00f3dulo Sa\u00edda \/ Servi\u00e7os Continuados (Sigcon-Sa\u00edda)<\/a>, o proponente interessado deve ser cadastrado no <a href=\"https:\/\/www.portalcagec.mg.gov.br\/\" target=\"_blank\" rel=\"noopener\">Cadastro Geral de Convenentes do Estado &#8211; (Cagec)<\/a>.<\/p>\n<p><a href=\"http:\/\/www.idene.mg.gov.br\/site\/instrucao-para-celebracao-termo-aditivo-2\/\">Instru\u00e7\u00f5es para Celebra\u00e7\u00e3o de Termo Aditivo<\/a><\/p>\n","protected":false},"excerpt":{"rendered":"<p>A Subsecretaria de Assuntos Municipais (Subseam) &eacute; a respons&aacute;vel pela celebra&ccedil;&atilde;o de conv&ecirc;nios da Secretaria de Estado de Governo, cujos recursos s&atilde;o oriundos do Programa de Apoio ao Desenvolvimento Municipal (Padem). Para cadastrar o plano de trabalho de conv&ecirc;nios no Sistema de Gest&atilde;o de Conv&ecirc;nios &ndash; M&oacute;dulo Sa&iacute;da \/ Servi&ccedil;os Continuados (Sigcon-Sa&iacute;da), o proponente interessado [&hellip;]<\/p>\n","protected":false},"author":2,"featured_media":0,"parent":0,"menu_order":0,"comment_status":"closed","ping_status":"closed","template":"","meta":{"kia_subtitle":"","_FSMCFIC_featured_image_caption":"","_FSMCFIC_featured_image_nocaption":"","_FSMCFIC_featured_image_hide":""},"_links":{"self":[{"href":"http:\/\/www.idene.mg.gov.br\/site\/wp-json\/wp\/v2\/pages\/4632"}],"collection":[{"href":"http:\/\/www.idene.mg.gov.br\/site\/wp-json\/wp\/v2\/pages"}],"about":[{"href":"http:\/\/www.idene.mg.gov.br\/site\/wp-json\/wp\/v2\/types\/page"}],"author":[{"embeddable":true,"href":"http:\/\/www.idene.mg.gov.br\/site\/wp-json\/wp\/v2\/users\/2"}],"replies":[{"embeddable":true,"href":"http:\/\/www.idene.mg.gov.br\/site\/wp-json\/wp\/v2\/comments?post=4632"}],"version-history":[{"count":4,"href":"http:\/\/www.idene.mg.gov.br\/site\/wp-json\/wp\/v2\/pages\/4632\/revisions"}],"predecessor-version":[{"id":6091,"href":"http:\/\/www.idene.mg.gov.br\/site\/wp-json\/wp\/v2\/pages\/4632\/revisions\/6091"}],"wp:attachment":[{"href":"http:\/\/www.idene.mg.gov.br\/site\/wp-json\/wp\/v2\/media?parent=4632"}],"curies":[{"name":"wp","href":"https:\/\/api.w.org\/{rel}","templated":true}]}}