{"id":4642,"date":"2023-07-06T12:29:13","date_gmt":"2023-07-06T15:29:13","guid":{"rendered":"http:\/\/www.idene.mg.gov.br\/site\/?page_id=4642"},"modified":"2023-07-06T12:30:28","modified_gmt":"2023-07-06T15:30:28","slug":"prestacao-de-contas-de-convenios-2","status":"publish","type":"page","link":"http:\/\/www.idene.mg.gov.br\/site\/prestacao-de-contas-de-convenios-2\/","title":{"rendered":"Presta\u00e7\u00e3o de Contas de Conv\u00eanios"},"content":{"rendered":"<p>A Subsecretaria de Assuntos Municipais \u00e9 a respons\u00e1vel pelos conv\u00eanios da Secretaria de Governo, nos recursos do Programa de Apoio ao Desenvolvimento Municipal (Padem). Os documentos de roteiros para Presta\u00e7\u00e3o de Contas de conv\u00eanios para munic\u00edpios e entidades est\u00e3o disponibilizados por meio de downloads no final da p\u00e1gina. Em caso de devolu\u00e7\u00e3o de saldo de conv\u00eanio, deve-se realizar a emiss\u00e3o do DAE que pode ser acessado nesse<a href=\"http:\/\/www.idene.mg.gov.br\/site\/instrucoes-para-emissao-de-dae-2\/\"> link.<\/a><\/p>\n","protected":false},"excerpt":{"rendered":"<p>A Subsecretaria de Assuntos Municipais &eacute; a respons&aacute;vel pelos conv&ecirc;nios da Secretaria de Governo, nos recursos do Programa de Apoio ao Desenvolvimento Municipal (Padem). Os documentos de roteiros para Presta&ccedil;&atilde;o de Contas de conv&ecirc;nios para munic&iacute;pios e entidades est&atilde;o disponibilizados por meio de downloads no final da p&aacute;gina. Em caso de devolu&ccedil;&atilde;o de saldo de [&hellip;]<\/p>\n","protected":false},"author":2,"featured_media":0,"parent":0,"menu_order":0,"comment_status":"closed","ping_status":"closed","template":"","meta":{"kia_subtitle":"","_FSMCFIC_featured_image_caption":"","_FSMCFIC_featured_image_nocaption":"","_FSMCFIC_featured_image_hide":""},"_links":{"self":[{"href":"http:\/\/www.idene.mg.gov.br\/site\/wp-json\/wp\/v2\/pages\/4642"}],"collection":[{"href":"http:\/\/www.idene.mg.gov.br\/site\/wp-json\/wp\/v2\/pages"}],"about":[{"href":"http:\/\/www.idene.mg.gov.br\/site\/wp-json\/wp\/v2\/types\/page"}],"author":[{"embeddable":true,"href":"http:\/\/www.idene.mg.gov.br\/site\/wp-json\/wp\/v2\/users\/2"}],"replies":[{"embeddable":true,"href":"http:\/\/www.idene.mg.gov.br\/site\/wp-json\/wp\/v2\/comments?post=4642"}],"version-history":[{"count":2,"href":"http:\/\/www.idene.mg.gov.br\/site\/wp-json\/wp\/v2\/pages\/4642\/revisions"}],"predecessor-version":[{"id":4979,"href":"http:\/\/www.idene.mg.gov.br\/site\/wp-json\/wp\/v2\/pages\/4642\/revisions\/4979"}],"wp:attachment":[{"href":"http:\/\/www.idene.mg.gov.br\/site\/wp-json\/wp\/v2\/media?parent=4642"}],"curies":[{"name":"wp","href":"https:\/\/api.w.org\/{rel}","templated":true}]}}