{"id":49,"date":"2013-06-21T11:39:40","date_gmt":"2013-06-21T11:39:40","guid":{"rendered":"http:\/\/www.idene.mg.gov.br\/site\/decretos\/"},"modified":"2023-07-07T12:40:28","modified_gmt":"2023-07-07T15:40:28","slug":"decretos","status":"publish","type":"page","link":"http:\/\/www.idene.mg.gov.br\/site\/decretos\/","title":{"rendered":"Decretos"},"content":{"rendered":"<p><a href=\"https:\/\/idene.mg.gov.br\/wp\/joomlaimagens\/images\/decretos\/decreto43601.doc\">Decreto 43.601 \/ 2003<\/a><\/p>\n<p><a href=\"https:\/\/idene.mg.gov.br\/wp\/joomlaimagens\/images\/decretos\/decreto43874.doc\">Decreto 43.874 \/ 2004<\/a><\/p>\n<p><a href=\"https:\/\/idene.mg.gov.br\/wp\/joomlaimagens\/images\/decretos43921.doc\">Decreto 43.921 \/ 2004<\/a><\/p>\n<p><a href=\"https:\/\/idene.mg.gov.br\/wp\/joomlaimagens\/images\/decretos\/decreto%2044424.doc\">Decreto 44.424 \/ 2006<\/a><\/p>\n<ul>\n<li>Data: 21\/12\/2006<\/li>\n<li>Disp\u00f5e sobre a organiza\u00e7\u00e3o e a estrutura da Administra\u00e7\u00e3o P\u00fablica do Poder Executivo do estado e d\u00e1 outras provid\u00eancias.<\/li>\n<\/ul>\n<p><a href=\"https:\/\/idene.mg.gov.br\/wp\/joomlaimagens\/images\/decretos\/decreto44574.doc\">Decreto 44.574 \/ 2007<\/a><\/p>\n<ul>\n<li>Data: 23\/07\/2007<\/li>\n<li>Altera o decreto n\u00b0 44.424, de 21 de dezembro de 2006, que disp\u00f5e sobre o Sistema de Gest\u00e3o de Conv\u00eanios, portarias e contratos do estado de Minas Gerais &#8211; SIGCON-MG, no \u00e2mbito do Poder Executivo.<\/li>\n<\/ul>\n<p><a href=\"https:\/\/idene.mg.gov.br\/wp\/joomlaimagens\/images\/decretos\/decreto45055\">Decreto 45.055 \/ 2009<\/a><\/p>\n<ul>\n<li>Data: 10\/03\/2009<\/li>\n<li>Disp\u00f5e sobre delega\u00e7\u00e3o de compet\u00eancia ao Secret\u00e1rio de Estado de Governo e d\u00e1 outras provid\u00eancias.<\/li>\n<\/ul>\n<p><a href=\"https:\/\/idene.mg.gov.br\/wp\/joomlaimagens\/images\/decretos\/decreto45536.doc\">Decreto 45.536 \/ 2011<\/a><\/p>\n<ul>\n<li>Data: 27\/01\/2011<\/li>\n<li>Disp\u00f5es sobre a estrutura org\u00e2nica da administra\u00e7\u00e3o p\u00fablica do poder executivo do estado de Minas Gerais.<\/li>\n<\/ul>\n<p><a href=\"https:\/\/idene.mg.gov.br\/wp\/joomlaimagens\/images\/decretos\/decreto45766.doc\">Decreto 45.766 \/ 2011<\/a><\/p>\n<ul>\n<li>Data: 04\/11\/2011<\/li>\n<li>Disp\u00f5e sobre a organiza\u00e7\u00e3o da Secretaria de Estado de Governo de Minas Gerais.<\/li>\n<\/ul>\n","protected":false},"excerpt":{"rendered":"<p>Decreto 43.601 \/ 2003 Decreto 43.874 \/ 2004 Decreto 43.921 \/ 2004 Decreto 44.424 \/ 2006 Data: 21\/12\/2006 Disp&otilde;e sobre a organiza&ccedil;&atilde;o e a estrutura da Administra&ccedil;&atilde;o P&uacute;blica do Poder Executivo do estado e d&aacute; outras provid&ecirc;ncias. Decreto 44.574 \/ 2007 Data: 23\/07\/2007 Altera o decreto n&deg; 44.424, de 21 de dezembro de 2006, que [&hellip;]<\/p>\n","protected":false},"author":1,"featured_media":0,"parent":0,"menu_order":0,"comment_status":"closed","ping_status":"closed","template":"","meta":{"kia_subtitle":"","_FSMCFIC_featured_image_caption":"","_FSMCFIC_featured_image_nocaption":"","_FSMCFIC_featured_image_hide":""},"_links":{"self":[{"href":"http:\/\/www.idene.mg.gov.br\/site\/wp-json\/wp\/v2\/pages\/49"}],"collection":[{"href":"http:\/\/www.idene.mg.gov.br\/site\/wp-json\/wp\/v2\/pages"}],"about":[{"href":"http:\/\/www.idene.mg.gov.br\/site\/wp-json\/wp\/v2\/types\/page"}],"author":[{"embeddable":true,"href":"http:\/\/www.idene.mg.gov.br\/site\/wp-json\/wp\/v2\/users\/1"}],"replies":[{"embeddable":true,"href":"http:\/\/www.idene.mg.gov.br\/site\/wp-json\/wp\/v2\/comments?post=49"}],"version-history":[{"count":2,"href":"http:\/\/www.idene.mg.gov.br\/site\/wp-json\/wp\/v2\/pages\/49\/revisions"}],"predecessor-version":[{"id":4828,"href":"http:\/\/www.idene.mg.gov.br\/site\/wp-json\/wp\/v2\/pages\/49\/revisions\/4828"}],"wp:attachment":[{"href":"http:\/\/www.idene.mg.gov.br\/site\/wp-json\/wp\/v2\/media?parent=49"}],"curies":[{"name":"wp","href":"https:\/\/api.w.org\/{rel}","templated":true}]}}