{"id":5020,"date":"2019-08-30T14:14:58","date_gmt":"2019-08-30T17:14:58","guid":{"rendered":"http:\/\/www.idene.mg.gov.br\/site\/?page_id=5020"},"modified":"2023-07-10T14:26:27","modified_gmt":"2023-07-10T17:26:27","slug":"forca-tarefa-portaria-e-diagnostico-de-acoes-criticas","status":"publish","type":"page","link":"http:\/\/www.idene.mg.gov.br\/site\/forca-tarefa-portaria-e-diagnostico-de-acoes-criticas\/","title":{"rendered":"For\u00e7a-Tarefa: Portaria e Diagn\u00f3stico de A\u00e7\u00f5es Cr\u00edticas"},"content":{"rendered":"<h2 class=\"title\">Diagn\u00f3stico de a\u00e7\u00f5es cr\u00edticas<\/h2>\n<p><iframe src=\"\/\/docs.google.com\/viewer?url=http%3A%2F%2Fwww.idene.mg.gov.br%2Fsite%2Fwp-content%2Fuploads%2F2023%2F07%2F01-FORCA-TAREFA-IDENE-Relatorio-Executivo.pdf&hl=pt_BR&embedded=true\" class=\"gde-frame\" style=\"width:100%; height:500px; border: none;\" scrolling=\"no\"><\/iframe>\n<p class=\"gde-text\"><a href=\"http:\/\/www.idene.mg.gov.br\/site\/wp-content\/uploads\/2023\/07\/01-FORCA-TAREFA-IDENE-Relatorio-Executivo.pdf\" class=\"gde-link\">Download (PDF, 768KB)<\/a><\/p><br \/>\n<iframe src=\"\/\/docs.google.com\/viewer?url=http%3A%2F%2Fwww.idene.mg.gov.br%2Fsite%2Fwp-content%2Fuploads%2F2023%2F07%2FPortaria_006-2019-ForcaTarefa-IDENE-Publicacao.pdf&hl=pt_BR&embedded=true\" class=\"gde-frame\" style=\"width:100%; height:500px; border: none;\" scrolling=\"no\"><\/iframe>\n<p class=\"gde-text\"><a href=\"http:\/\/www.idene.mg.gov.br\/site\/wp-content\/uploads\/2023\/07\/Portaria_006-2019-ForcaTarefa-IDENE-Publicacao.pdf\" class=\"gde-link\">Download (PDF, 2.56MB)<\/a><\/p><\/p>\n","protected":false},"excerpt":{"rendered":"<p>Diagn&oacute;stico de a&ccedil;&otilde;es cr&iacute;ticas<\/p>\n","protected":false},"author":1,"featured_media":5021,"parent":0,"menu_order":0,"comment_status":"closed","ping_status":"closed","template":"","meta":{"kia_subtitle":"","_FSMCFIC_featured_image_caption":"","_FSMCFIC_featured_image_nocaption":"","_FSMCFIC_featured_image_hide":""},"_links":{"self":[{"href":"http:\/\/www.idene.mg.gov.br\/site\/wp-json\/wp\/v2\/pages\/5020"}],"collection":[{"href":"http:\/\/www.idene.mg.gov.br\/site\/wp-json\/wp\/v2\/pages"}],"about":[{"href":"http:\/\/www.idene.mg.gov.br\/site\/wp-json\/wp\/v2\/types\/page"}],"author":[{"embeddable":true,"href":"http:\/\/www.idene.mg.gov.br\/site\/wp-json\/wp\/v2\/users\/1"}],"replies":[{"embeddable":true,"href":"http:\/\/www.idene.mg.gov.br\/site\/wp-json\/wp\/v2\/comments?post=5020"}],"version-history":[{"count":2,"href":"http:\/\/www.idene.mg.gov.br\/site\/wp-json\/wp\/v2\/pages\/5020\/revisions"}],"predecessor-version":[{"id":5039,"href":"http:\/\/www.idene.mg.gov.br\/site\/wp-json\/wp\/v2\/pages\/5020\/revisions\/5039"}],"wp:featuredmedia":[{"embeddable":true,"href":"http:\/\/www.idene.mg.gov.br\/site\/wp-json\/wp\/v2\/media\/5021"}],"wp:attachment":[{"href":"http:\/\/www.idene.mg.gov.br\/site\/wp-json\/wp\/v2\/media?parent=5020"}],"curies":[{"name":"wp","href":"https:\/\/api.w.org\/{rel}","templated":true}]}}