{"id":5233,"date":"2024-10-02T06:23:17","date_gmt":"2024-10-02T09:23:17","guid":{"rendered":"http:\/\/www.idene.mg.gov.br\/site\/?page_id=5233"},"modified":"2024-10-02T06:25:59","modified_gmt":"2024-10-02T09:25:59","slug":"paa-leite","status":"publish","type":"page","link":"http:\/\/www.idene.mg.gov.br\/site\/paa-leite\/","title":{"rendered":"PAA Leite"},"content":{"rendered":"<h1 class=\"title\">Programa de Aquisi\u00e7\u00e3o de Alimentos &#8211; Modalidade Leite<\/h1>\n<p>&nbsp;<\/p>\n<h1>O que \u00e9?<\/h1>\n<p>&nbsp;<\/p>\n<p>O Programa de Aquisi\u00e7\u00e3o de Alimentos &#8211; Leite, \u00e9 institu\u00eddo pela Lei N\u00ba 14.628\/2023, e regulamentado por normativas estabelecidas pelo Grupo Gestor do Programa de Aquisi\u00e7\u00e3o de Alimentos. O programa tem o objetivo de contribuir para a alimenta\u00e7\u00e3o de fam\u00edlias em situa\u00e7\u00e3o de vulnerabilidade social, por meio da distribui\u00e7\u00e3o gratuita do leite. Visa ainda incentivar a produ\u00e7\u00e3o desse item pelos agricultores familiares para fortalecer o setor produtivo local e a agricultura familiar, integrando o produto aos demais ciclos de abastecimento do programa.<\/p>\n<p>No estado de Minas Gerais o Programa pretende atender a \u00e1rea de abrang\u00eancia do Instituto de Desenvolvimento do Norte e Nordeste de Minas Gerais (Idene). Em n\u00edvel federal, o Programa de Aquisi\u00e7\u00e3o de Alimentos atende os estados da regi\u00e3o Nordeste do Brasil, todos inclu\u00eddos na \u00e1rea da Sudene.<\/p>\n<h1>Em que consiste o projeto?<\/h1>\n<p>O Idene, contrata organiza\u00e7\u00f5es da agricultura familiar e latic\u00ednios respons\u00e1veis por recepcionar, coletar, pasteurizar, embalar e transportar o leite para os pontos de distribui\u00e7\u00e3o e entidades socioassitenciais dos munic\u00edpios atendidos. As organiza\u00e7\u00f5es fornecedoras s\u00e3o credenciadas por meio de um Edital de Chamamento P\u00fablico, para contrata\u00e7\u00e3o de organiza\u00e7\u00f5es fornecedoras de leite no \u00e2mbito do PAA-Leite.<\/p>\n<p>J\u00e1 as pessoas que ir\u00e3o receber o leite, denominadas \u201cbenefici\u00e1rios consumidoras\u201d, indiv\u00edduos em situa\u00e7\u00e3o de inseguran\u00e7a alimentar e nutricional, aqueles atendidos pela rede socioassistencial, pelos equipamentos de alimenta\u00e7\u00e3o e nutri\u00e7\u00e3o, pelas demais a\u00e7\u00f5es de alimenta\u00e7\u00e3o e de nutri\u00e7\u00e3o financiadas pelo Poder P\u00fablico, aqueles atendidos pela rede p\u00fablica de ensino e de sa\u00fade. Para distribui\u00e7\u00e3o do leite a indiv\u00edduos em situa\u00e7\u00e3o de inseguran\u00e7a alimentar e nutricional \u00e9 necess\u00e1rio o registro no Cad\u00danico, com prioridade \u00e0queles com o perfil do Bolsa Fam\u00edlia. (Resolu\u00e7\u00e3o GGPAA N\u00ba 82\/2020)<\/p>\n<h1>Qual a contribui\u00e7\u00e3o do projeto?<\/h1>\n<p><strong>O Programa de Aquisi\u00e7\u00e3o de Alimentos tem as seguintes finalidades:<\/strong><\/p>\n<ul>\n<li>I &#8211; incentivar a agricultura familiar, com prioridade para seus segmentos em situa\u00e7\u00e3o de pobreza e de pobreza extrema, e promover a inclus\u00e3o econ\u00f4mica e social, com fomento \u00e0 produ\u00e7\u00e3o sustent\u00e1vel, ao processamento de alimentos em geral, \u00e0 industrializa\u00e7\u00e3o e \u00e0 gera\u00e7\u00e3o de renda;<\/li>\n<li>II &#8211; contribuir para o acesso \u00e0 alimenta\u00e7\u00e3o, em quantidade, qualidade e regularidade necess\u00e1rias, pelas pessoas em situa\u00e7\u00e3o de inseguran\u00e7a alimentar e nutricional, sob a perspectiva do direito humano \u00e0 alimenta\u00e7\u00e3o adequada e saud\u00e1vel, em cumprimento ao disposto no art. 6\u00ba da Constitui\u00e7\u00e3o Federal;<\/li>\n<li>III &#8211; incentivar o consumo e a valoriza\u00e7\u00e3o dos alimentos produzidos pela agricultura familiar, pela pesca artesanal, pela aquicultura, pela carcinicultura e pela piscicultura nacionais;<\/li>\n<li>IV &#8211; promover o abastecimento alimentar, que compreende as compras governamentais de alimentos, inclu\u00edda a alimenta\u00e7\u00e3o do Programa Cozinha Solid\u00e1ria;<\/li>\n<li>V &#8211; apoiar a forma\u00e7\u00e3o de estoque pelas cooperativas e demais organiza\u00e7\u00f5es da agricultura familiar, da pesca artesanal, da aquicultura, da carcinicultura e da piscicultura nacionais;<\/li>\n<li>VI &#8211; fortalecer circuitos locais e regionais e redes de comercializa\u00e7\u00e3o da produ\u00e7\u00e3o da agricultura familiar;;<\/li>\n<li>VII &#8211; promover e valorizar a biodiversidade e a produ\u00e7\u00e3o org\u00e2nica e agroecol\u00f3gica de alimentos;<\/li>\n<li>VIII &#8211; incentivar h\u00e1bitos alimentares saud\u00e1veis em \u00e2mbitos local e regional;<\/li>\n<li>IX &#8211; incentivar o cooperativismo e o associativismo;<\/li>\n<li>X &#8211; incentivar a produ\u00e7\u00e3o por povos ind\u00edgenas, comunidades quilombolas e tradicionais, assentados da reforma agr\u00e1ria, pescadores artesanais, negros, mulheres, juventude rural e agricultores familiares urbanos e periurbanos nos termos do regulamento;<\/li>\n<li>XI &#8211; incentivar a produ\u00e7\u00e3o agroecol\u00f3gica e org\u00e2nica, bem como a ado\u00e7\u00e3o de quaisquer pr\u00e1ticas associadas \u00e0 conserva\u00e7\u00e3o da \u00e1gua, do solo e da biodiversidade nos im\u00f3veis da agricultura familiar;<\/li>\n<li>XII &#8211; reduzir as desigualdades sociais e regionais brasileiras; e<\/li>\n<li>XIII &#8211; fomentar a produ\u00e7\u00e3o familiar de agricultores que possuam pessoas com defici\u00eancia entre seus dependentes.<\/li>\n<\/ul>\n<h1>P\u00fablico alvo do projeto ?<\/h1>\n<p>Benefici\u00e1rio fornecedor: produtor rural que reside em munic\u00edpios da regi\u00e3o Nordeste e no Norte do Estado de Minas Gerais, e que det\u00e9m a Declara\u00e7\u00e3o de Aptid\u00e3o ao PRONAF (DAP) ou Cadastro Nacional da Agricultura Familiar (CAF) e comprovante de vacina\u00e7\u00e3o dos animais.<\/p>\n<p>Benefici\u00e1rio consumidor: indiv\u00edduos e fam\u00edlias em situa\u00e7\u00e3o de vulnerabilidade social atendidos pela rede socioassistencial, e benefici\u00e1rios com registro no Cad\u00danico, com prioridade \u00e0queles com o perfil do Bolsa Fam\u00edlia.<\/p>\n<h1>Contato:<\/h1>\n<p><strong>Ger\u00eancia de Inclus\u00e3o Social &#8211; GIS<\/strong><br \/>\nE-mail:<a href=\"mailto:pab.leite@idene.mg.gov.br\">pab.leite@idene.mg.gov.br<\/a><\/p>\n<p><a href=\"mailto:joyce.colares@idene.mg.gov.br\">atendimento.leite@mg.gov.br<\/a><\/p>\n<p>Telefone:<strong>(31) 3915-5167<\/strong><\/p>\n","protected":false},"excerpt":{"rendered":"<p>Programa de Aquisi&ccedil;&atilde;o de Alimentos &ndash; Modalidade Leite &nbsp; O que &eacute;? &nbsp; O Programa de Aquisi&ccedil;&atilde;o de Alimentos &ndash; Leite, &eacute; institu&iacute;do pela Lei N&ordm; 14.628\/2023, e regulamentado por normativas estabelecidas pelo Grupo Gestor do Programa de Aquisi&ccedil;&atilde;o de Alimentos. O programa tem o objetivo de contribuir para a alimenta&ccedil;&atilde;o de fam&iacute;lias em situa&ccedil;&atilde;o [&hellip;]<\/p>\n","protected":false},"author":1,"featured_media":0,"parent":0,"menu_order":0,"comment_status":"closed","ping_status":"closed","template":"","meta":{"kia_subtitle":"","_FSMCFIC_featured_image_caption":"","_FSMCFIC_featured_image_nocaption":"","_FSMCFIC_featured_image_hide":""},"_links":{"self":[{"href":"http:\/\/www.idene.mg.gov.br\/site\/wp-json\/wp\/v2\/pages\/5233"}],"collection":[{"href":"http:\/\/www.idene.mg.gov.br\/site\/wp-json\/wp\/v2\/pages"}],"about":[{"href":"http:\/\/www.idene.mg.gov.br\/site\/wp-json\/wp\/v2\/types\/page"}],"author":[{"embeddable":true,"href":"http:\/\/www.idene.mg.gov.br\/site\/wp-json\/wp\/v2\/users\/1"}],"replies":[{"embeddable":true,"href":"http:\/\/www.idene.mg.gov.br\/site\/wp-json\/wp\/v2\/comments?post=5233"}],"version-history":[{"count":3,"href":"http:\/\/www.idene.mg.gov.br\/site\/wp-json\/wp\/v2\/pages\/5233\/revisions"}],"predecessor-version":[{"id":5237,"href":"http:\/\/www.idene.mg.gov.br\/site\/wp-json\/wp\/v2\/pages\/5233\/revisions\/5237"}],"wp:attachment":[{"href":"http:\/\/www.idene.mg.gov.br\/site\/wp-json\/wp\/v2\/media?parent=5233"}],"curies":[{"name":"wp","href":"https:\/\/api.w.org\/{rel}","templated":true}]}}