{"id":5906,"date":"2025-08-27T14:24:56","date_gmt":"2025-08-27T17:24:56","guid":{"rendered":"http:\/\/www.idene.mg.gov.br\/site\/?page_id=5906"},"modified":"2025-08-27T14:39:58","modified_gmt":"2025-08-27T17:39:58","slug":"seus-direitos-e-nossas-politicas","status":"publish","type":"page","link":"http:\/\/www.idene.mg.gov.br\/site\/seus-direitos-e-nossas-politicas\/","title":{"rendered":"Seus Direitos e Nossas Pol\u00edticas"},"content":{"rendered":"<ul>\n<li><a href=\"http:\/\/www.idene.mg.gov.br\/site\/wp-content\/uploads\/2025\/08\/SEI_121400353_Formulario_1-FORMULARIO-DE-REQUISICAO-DE-DIREITOS-DO-TITULAR.pdf\">Formul\u00e1rio de Requisi\u00e7\u00e3o de Direitos do Titular.pdf<\/a><\/li>\n<li><a href=\"http:\/\/www.idene.mg.gov.br\/site\/wp-content\/uploads\/2025\/08\/Formulario_LGPD__Termo_de_Consentimento_para_Tratamento_de_Dados___modelo_2.pdf\">Termo de Consentimento Padr\u00e3o.pdf<\/a><\/li>\n<\/ul>\n","protected":false},"excerpt":{"rendered":"<p>Formul&aacute;rio de Requisi&ccedil;&atilde;o de Direitos do Titular.pdf Termo de Consentimento Padr&atilde;o.pdf<\/p>\n","protected":false},"author":1,"featured_media":5424,"parent":0,"menu_order":0,"comment_status":"closed","ping_status":"closed","template":"","meta":{"kia_subtitle":"","_FSMCFIC_featured_image_caption":"","_FSMCFIC_featured_image_nocaption":"","_FSMCFIC_featured_image_hide":""},"_links":{"self":[{"href":"http:\/\/www.idene.mg.gov.br\/site\/wp-json\/wp\/v2\/pages\/5906"}],"collection":[{"href":"http:\/\/www.idene.mg.gov.br\/site\/wp-json\/wp\/v2\/pages"}],"about":[{"href":"http:\/\/www.idene.mg.gov.br\/site\/wp-json\/wp\/v2\/types\/page"}],"author":[{"embeddable":true,"href":"http:\/\/www.idene.mg.gov.br\/site\/wp-json\/wp\/v2\/users\/1"}],"replies":[{"embeddable":true,"href":"http:\/\/www.idene.mg.gov.br\/site\/wp-json\/wp\/v2\/comments?post=5906"}],"version-history":[{"count":3,"href":"http:\/\/www.idene.mg.gov.br\/site\/wp-json\/wp\/v2\/pages\/5906\/revisions"}],"predecessor-version":[{"id":5911,"href":"http:\/\/www.idene.mg.gov.br\/site\/wp-json\/wp\/v2\/pages\/5906\/revisions\/5911"}],"wp:featuredmedia":[{"embeddable":true,"href":"http:\/\/www.idene.mg.gov.br\/site\/wp-json\/wp\/v2\/media\/5424"}],"wp:attachment":[{"href":"http:\/\/www.idene.mg.gov.br\/site\/wp-json\/wp\/v2\/media?parent=5906"}],"curies":[{"name":"wp","href":"https:\/\/api.w.org\/{rel}","templated":true}]}}