{"id":5913,"date":"2025-08-27T14:29:47","date_gmt":"2025-08-27T17:29:47","guid":{"rendered":"http:\/\/www.idene.mg.gov.br\/site\/?page_id=5913"},"modified":"2025-08-27T14:39:27","modified_gmt":"2025-08-27T17:39:27","slug":"como-agimos-em-incidentes-de-seguranca","status":"publish","type":"page","link":"http:\/\/www.idene.mg.gov.br\/site\/como-agimos-em-incidentes-de-seguranca\/","title":{"rendered":"Como Agimos em Incidentes de Seguran\u00e7a"},"content":{"rendered":"<ul>\n<li><a href=\"http:\/\/www.idene.mg.gov.br\/site\/wp-content\/uploads\/2025\/08\/SEI_103002677_Formulario_Formulario_Padrao_de_Registro_Inicial-1.pdf\">Formul\u00e1rio de Registro de Incidente.pdf<\/a><\/li>\n<li><a href=\"http:\/\/www.idene.mg.gov.br\/site\/wp-content\/uploads\/2025\/08\/SEI_103006056_Comunicacao_1.pdf\">Modelo de Comunica\u00e7\u00e3o ao Titular.pdf<\/a><\/li>\n<li><a href=\"http:\/\/www.idene.mg.gov.br\/site\/wp-content\/uploads\/2025\/08\/SEI_103006710_Comunicacao_2.pdf\">Modelo de Comunica\u00e7\u00e3o \u00e0 ANPD.pdf<\/a><\/li>\n<\/ul>\n","protected":false},"excerpt":{"rendered":"<p>Formul&aacute;rio de Registro de Incidente.pdf Modelo de Comunica&ccedil;&atilde;o ao Titular.pdf Modelo de Comunica&ccedil;&atilde;o &agrave; ANPD.pdf<\/p>\n","protected":false},"author":1,"featured_media":5424,"parent":0,"menu_order":0,"comment_status":"closed","ping_status":"closed","template":"","meta":{"kia_subtitle":"","_FSMCFIC_featured_image_caption":"","_FSMCFIC_featured_image_nocaption":"","_FSMCFIC_featured_image_hide":""},"_links":{"self":[{"href":"http:\/\/www.idene.mg.gov.br\/site\/wp-json\/wp\/v2\/pages\/5913"}],"collection":[{"href":"http:\/\/www.idene.mg.gov.br\/site\/wp-json\/wp\/v2\/pages"}],"about":[{"href":"http:\/\/www.idene.mg.gov.br\/site\/wp-json\/wp\/v2\/types\/page"}],"author":[{"embeddable":true,"href":"http:\/\/www.idene.mg.gov.br\/site\/wp-json\/wp\/v2\/users\/1"}],"replies":[{"embeddable":true,"href":"http:\/\/www.idene.mg.gov.br\/site\/wp-json\/wp\/v2\/comments?post=5913"}],"version-history":[{"count":3,"href":"http:\/\/www.idene.mg.gov.br\/site\/wp-json\/wp\/v2\/pages\/5913\/revisions"}],"predecessor-version":[{"id":5920,"href":"http:\/\/www.idene.mg.gov.br\/site\/wp-json\/wp\/v2\/pages\/5913\/revisions\/5920"}],"wp:featuredmedia":[{"embeddable":true,"href":"http:\/\/www.idene.mg.gov.br\/site\/wp-json\/wp\/v2\/media\/5424"}],"wp:attachment":[{"href":"http:\/\/www.idene.mg.gov.br\/site\/wp-json\/wp\/v2\/media?parent=5913"}],"curies":[{"name":"wp","href":"https:\/\/api.w.org\/{rel}","templated":true}]}}