{"id":5922,"date":"2025-08-27T14:42:05","date_gmt":"2025-08-27T17:42:05","guid":{"rendered":"http:\/\/www.idene.mg.gov.br\/site\/?page_id=5922"},"modified":"2025-08-27T14:44:01","modified_gmt":"2025-08-27T17:44:01","slug":"termo-de-eliminacao-e-devolucao-de-dados-pessoais","status":"publish","type":"page","link":"http:\/\/www.idene.mg.gov.br\/site\/termo-de-eliminacao-e-devolucao-de-dados-pessoais\/","title":{"rendered":"Termo de Elimina\u00e7\u00e3o e Devolu\u00e7\u00e3o de Dados Pessoais"},"content":{"rendered":"<ul>\n<li><a href=\"http:\/\/www.idene.mg.gov.br\/site\/wp-content\/uploads\/2025\/08\/SEI_121404981_Termo_1.pdf\">Termo de Elimina\u00e7\u00e3o e Devolu\u00e7\u00e3o de Dados Pessoais<\/a><\/li>\n<\/ul>\n","protected":false},"excerpt":{"rendered":"<p>Termo de Elimina&ccedil;&atilde;o e Devolu&ccedil;&atilde;o de Dados Pessoais<\/p>\n","protected":false},"author":1,"featured_media":5424,"parent":0,"menu_order":0,"comment_status":"closed","ping_status":"closed","template":"","meta":{"kia_subtitle":"","_FSMCFIC_featured_image_caption":"","_FSMCFIC_featured_image_nocaption":"","_FSMCFIC_featured_image_hide":""},"_links":{"self":[{"href":"http:\/\/www.idene.mg.gov.br\/site\/wp-json\/wp\/v2\/pages\/5922"}],"collection":[{"href":"http:\/\/www.idene.mg.gov.br\/site\/wp-json\/wp\/v2\/pages"}],"about":[{"href":"http:\/\/www.idene.mg.gov.br\/site\/wp-json\/wp\/v2\/types\/page"}],"author":[{"embeddable":true,"href":"http:\/\/www.idene.mg.gov.br\/site\/wp-json\/wp\/v2\/users\/1"}],"replies":[{"embeddable":true,"href":"http:\/\/www.idene.mg.gov.br\/site\/wp-json\/wp\/v2\/comments?post=5922"}],"version-history":[{"count":4,"href":"http:\/\/www.idene.mg.gov.br\/site\/wp-json\/wp\/v2\/pages\/5922\/revisions"}],"predecessor-version":[{"id":5928,"href":"http:\/\/www.idene.mg.gov.br\/site\/wp-json\/wp\/v2\/pages\/5922\/revisions\/5928"}],"wp:featuredmedia":[{"embeddable":true,"href":"http:\/\/www.idene.mg.gov.br\/site\/wp-json\/wp\/v2\/media\/5424"}],"wp:attachment":[{"href":"http:\/\/www.idene.mg.gov.br\/site\/wp-json\/wp\/v2\/media?parent=5922"}],"curies":[{"name":"wp","href":"https:\/\/api.w.org\/{rel}","templated":true}]}}