{"id":5995,"date":"2025-11-04T14:32:35","date_gmt":"2025-11-04T17:32:35","guid":{"rendered":"http:\/\/www.idene.mg.gov.br\/site\/?page_id=5995"},"modified":"2026-01-30T10:39:54","modified_gmt":"2026-01-30T13:39:54","slug":"conselho-de-administracao","status":"publish","type":"page","link":"http:\/\/www.idene.mg.gov.br\/site\/conselho-de-administracao\/","title":{"rendered":"Conselho de Administra\u00e7\u00e3o"},"content":{"rendered":"<p data-fontsize=\"15\">O Conselho de Administra\u00e7\u00e3o do Idene \u00e9 previsto pelo art. 5\u00ba do Decreto n\u00ba 47.834, de 03\/01\/2020, que cont\u00e9m o Regulamento do Instituto de Desenvolvimento do Norte e Nordeste de Minas Gerais, e tem como miss\u00e3o zelar pelo cumprimento da finalidade institucional do Idene, de promover o desenvolvimento\u00a0 econ\u00f4mico e social das regi\u00f5es Norte e Nordeste do Estado de Minas Gerais, e pelo bom uso dos recursos p\u00fablicos empregados neste mister, conhecendo e praticando os valores e diretrizes da pol\u00edtica p\u00fablica desenvolvida. Cumpre ao Conselho estabelecer as orienta\u00e7\u00f5es gerais de atua\u00e7\u00e3o do \u00f3rg\u00e3o nas pol\u00edticas p\u00fablicas entregues \u00e0 sociedade e decidir sobre quest\u00f5es estrat\u00e9gicas, respeitando as compet\u00eancias e atribui\u00e7\u00f5es definidas em lei.<\/p>\n<p data-fontsize=\"15\">A composi\u00e7\u00e3o do Conselho \u00e9 definida nesse mesmo decreto, com prazo de gest\u00e3o de dois (02) anos, admitindo-se a recondu\u00e7\u00e3o. Atualmente o Conselho possui a seguinte composi\u00e7\u00e3o:<\/p>\n<p data-fontsize=\"15\">I.\u00a0 \u00a0 \u00a0 \u00a0 \u00a0 \u00a0 \u00a0 \u00a0 \u00a0 \u00a0 \u00a0A Secret\u00e1ria de Estado de Planejamento e Gest\u00e3o, que \u00e9 a sua Presidenta:<\/p>\n<p data-fontsize=\"15\">a.\u00a0 \u00a0 \u00a0\u00a0<span data-olk-copy-source=\"MessageBody\">Silvia Caroline Listgarten Dias; Suplente: Rodrigo Ferreira Matias<\/span><\/p>\n<p data-fontsize=\"15\">II.\u00a0\u00a0\u00a0\u00a0\u00a0\u00a0\u00a0\u00a0\u00a0\u00a0\u00a0\u00a0\u00a0\u00a0\u00a0\u00a0\u00a0\u00a0 O Diretor-Geral do IDENE, que \u00e9 o Secret\u00e1rio Executivo:<\/p>\n<p data-fontsize=\"15\">a.\u00a0 \u00a0 \u00a0 Henrique Oliveira Carvalho.<\/p>\n<p data-fontsize=\"15\">III.\u00a0\u00a0\u00a0\u00a0\u00a0\u00a0\u00a0\u00a0\u00a0\u00a0\u00a0\u00a0\u00a0\u00a0\u00a0\u00a0 Um representante da Universidade Estadual de Montes Claros \u2013\u00a0 Unimontes:<\/p>\n<p data-fontsize=\"15\">a.\u00a0 \u00a0 \u00a0\u00a0<span data-olk-copy-source=\"MessageBody\">Titular: M\u00f4nica Nascimento e Feitosa ; Suplente: Luciana Silva Melo<\/span><\/p>\n<p data-fontsize=\"15\"><span data-olk-copy-source=\"MessageBody\">IV.\u00a0Tr\u00eas representantes indicados pelas Associa\u00e7\u00f5es Microrregionais de Munic\u00edpios da \u00e1rea de atua\u00e7\u00e3o da autarquia:<\/span><\/p>\n<p data-fontsize=\"15\">a.\u00a0 \u00a0 \u00a0Pela ARDOCE \u2013 Titular: Raimundo Francisco Penaforte; Suplente: Rafael Augusto Fran\u00e7a Oliveira Machado<\/p>\n<p data-fontsize=\"15\">b.\u00a0 \u00a0 \u00a0Pela AMAMS \u2013\u00a0 Titular: Ronaldo Soares Mota Dias; Suplente: Diogo Ant\u00f4nio Braga Fagundes;<\/p>\n<p data-fontsize=\"15\">c.\u00a0 \u00a0 \u00a0 Pela AMEJE \u2013\u00a0 Titular: Tadeu Barbosa de Oliveira; Suplente: Fabiano Fernandes Silva Ribeiro.<\/p>\n<p data-fontsize=\"15\">V.\u00a0\u00a0\u00a0\u00a0\u00a0\u00a0\u00a0\u00a0\u00a0\u00a0\u00a0\u00a0\u00a0\u00a0\u00a0\u00a0\u00a0 Um representante de entidade de classe empresarial do Estado:<\/p>\n<p data-fontsize=\"15\">a.\u00a0 \u00a0 \u00a0 \u00a0 Pela FIEMG \u2013 Titular: Leonardo Lima Vasconcelos; Suplente: Adauto Marques Batista.<\/p>\n<p data-fontsize=\"15\">VI.\u00a0\u00a0\u00a0\u00a0\u00a0\u00a0\u00a0\u00a0\u00a0\u00a0\u00a0\u00a0\u00a0\u00a0\u00a0 Um representante dos servidores da autarquia:<\/p>\n<p data-fontsize=\"15\">a.\u00a0 \u00a0 \u00a0 Pela ARDOCE\u00a0 \u2013 <span data-olk-copy-source=\"MessageBody\">Titular: Rafael Augusto Fran\u00e7a Oliveira Machado ; Suplente: Katia Pessam\u00edlio Souza Lopes<\/span><\/p>\n<p data-fontsize=\"15\"><strong><span class=\"wf_file_text\">O Regimento Interno do Conselho de Administra\u00e7\u00e3o do Idene pode ser acessado:\u00a0<\/span><\/strong><\/p>\n<h4 data-fontsize=\"26\"><strong><span class=\"wf_file_text\">\u00a0<\/span><\/strong><\/h4>\n<h4 data-fontsize=\"26\"><strong><span class=\"wf_file_text\">Regimento interno<\/span><\/strong><\/h4>\n<p>&nbsp;<\/p>\n<h4><iframe src=\"\/\/docs.google.com\/viewer?url=http%3A%2F%2Fwww.idene.mg.gov.br%2Fsite%2Fwp-content%2Fuploads%2F2024%2F12%2FRegimento_Interno_CA_IDENE.pdf&hl=pt_BR&embedded=true\" class=\"gde-frame\" style=\"width:100%; height:500px; border: none;\" scrolling=\"no\"><\/iframe>\n<p class=\"gde-text\"><a href=\"http:\/\/www.idene.mg.gov.br\/site\/wp-content\/uploads\/2024\/12\/Regimento_Interno_CA_IDENE.pdf\" class=\"gde-link\">Download (PDF, 180KB)<\/a><\/p><\/h4>\n<h4><strong><span class=\"wf_file_text\">Composi\u00e7\u00e3o do Conselho<\/span><\/strong><\/h4>\n<h4><iframe src=\"\/\/docs.google.com\/viewer?url=http%3A%2F%2Fwww.idene.mg.gov.br%2Fsite%2Fwp-content%2Fuploads%2F2024%2F12%2FMembros_do_Conselho_de_Administracao_do_Idene.pdf&hl=pt_BR&embedded=true\" class=\"gde-frame\" style=\"width:100%; height:500px; border: none;\" scrolling=\"no\"><\/iframe>\n<p class=\"gde-text\"><a href=\"http:\/\/www.idene.mg.gov.br\/site\/wp-content\/uploads\/2024\/12\/Membros_do_Conselho_de_Administracao_do_Idene.pdf\" class=\"gde-link\">Download (PDF, 110KB)<\/a><\/p><\/h4>\n","protected":false},"excerpt":{"rendered":"<p>O Conselho de Administra&ccedil;&atilde;o do Idene &eacute; previsto pelo art. 5&ordm; do Decreto n&ordm; 47.834, de 03\/01\/2020, que cont&eacute;m o Regulamento do Instituto de Desenvolvimento do Norte e Nordeste de Minas Gerais, e tem como miss&atilde;o zelar pelo cumprimento da finalidade institucional do Idene, de promover o desenvolvimento&nbsp; econ&ocirc;mico e social das regi&otilde;es Norte e [&hellip;]<\/p>\n","protected":false},"author":3,"featured_media":0,"parent":0,"menu_order":0,"comment_status":"closed","ping_status":"closed","template":"","meta":{"kia_subtitle":"","_FSMCFIC_featured_image_caption":"","_FSMCFIC_featured_image_nocaption":"","_FSMCFIC_featured_image_hide":""},"_links":{"self":[{"href":"http:\/\/www.idene.mg.gov.br\/site\/wp-json\/wp\/v2\/pages\/5995"}],"collection":[{"href":"http:\/\/www.idene.mg.gov.br\/site\/wp-json\/wp\/v2\/pages"}],"about":[{"href":"http:\/\/www.idene.mg.gov.br\/site\/wp-json\/wp\/v2\/types\/page"}],"author":[{"embeddable":true,"href":"http:\/\/www.idene.mg.gov.br\/site\/wp-json\/wp\/v2\/users\/3"}],"replies":[{"embeddable":true,"href":"http:\/\/www.idene.mg.gov.br\/site\/wp-json\/wp\/v2\/comments?post=5995"}],"version-history":[{"count":5,"href":"http:\/\/www.idene.mg.gov.br\/site\/wp-json\/wp\/v2\/pages\/5995\/revisions"}],"predecessor-version":[{"id":6097,"href":"http:\/\/www.idene.mg.gov.br\/site\/wp-json\/wp\/v2\/pages\/5995\/revisions\/6097"}],"wp:attachment":[{"href":"http:\/\/www.idene.mg.gov.br\/site\/wp-json\/wp\/v2\/media?parent=5995"}],"curies":[{"name":"wp","href":"https:\/\/api.w.org\/{rel}","templated":true}]}}