{"id":5999,"date":"2025-11-04T14:35:17","date_gmt":"2025-11-04T17:35:17","guid":{"rendered":"http:\/\/www.idene.mg.gov.br\/site\/?page_id=5999"},"modified":"2025-11-04T14:45:52","modified_gmt":"2025-11-04T17:45:52","slug":"comite-interno-de-acompanhamento-de-entregas-e-teletrabalho-do-idene","status":"publish","type":"page","link":"http:\/\/www.idene.mg.gov.br\/site\/comite-interno-de-acompanhamento-de-entregas-e-teletrabalho-do-idene\/","title":{"rendered":"Comit\u00ea Interno de acompanhamento de entregas e teletrabalho do Idene"},"content":{"rendered":"<h4><strong>Composi\u00e7\u00e3o do Comit\u00ea<\/strong><\/h4>\n<h4><iframe src=\"\/\/docs.google.com\/viewer?url=http%3A%2F%2Fwww.idene.mg.gov.br%2Fsite%2Fwp-content%2Fuploads%2F2024%2F12%2FComite_Interno_de_acompanhamento_de_entregas_e_teletrabalho_do_Idene.pdf&hl=pt_BR&embedded=true\" class=\"gde-frame\" style=\"width:100%; height:500px; border: none;\" scrolling=\"no\"><\/iframe>\n<p class=\"gde-text\"><a href=\"http:\/\/www.idene.mg.gov.br\/site\/wp-content\/uploads\/2024\/12\/Comite_Interno_de_acompanhamento_de_entregas_e_teletrabalho_do_Idene.pdf\" class=\"gde-link\">Download (PDF, 298KB)<\/a><\/p><\/h4>\n","protected":false},"excerpt":{"rendered":"<p>Composi&ccedil;&atilde;o do Comit&ecirc;<\/p>\n","protected":false},"author":3,"featured_media":0,"parent":0,"menu_order":0,"comment_status":"closed","ping_status":"closed","template":"","meta":{"kia_subtitle":"","_FSMCFIC_featured_image_caption":"","_FSMCFIC_featured_image_nocaption":"","_FSMCFIC_featured_image_hide":""},"_links":{"self":[{"href":"http:\/\/www.idene.mg.gov.br\/site\/wp-json\/wp\/v2\/pages\/5999"}],"collection":[{"href":"http:\/\/www.idene.mg.gov.br\/site\/wp-json\/wp\/v2\/pages"}],"about":[{"href":"http:\/\/www.idene.mg.gov.br\/site\/wp-json\/wp\/v2\/types\/page"}],"author":[{"embeddable":true,"href":"http:\/\/www.idene.mg.gov.br\/site\/wp-json\/wp\/v2\/users\/3"}],"replies":[{"embeddable":true,"href":"http:\/\/www.idene.mg.gov.br\/site\/wp-json\/wp\/v2\/comments?post=5999"}],"version-history":[{"count":2,"href":"http:\/\/www.idene.mg.gov.br\/site\/wp-json\/wp\/v2\/pages\/5999\/revisions"}],"predecessor-version":[{"id":6003,"href":"http:\/\/www.idene.mg.gov.br\/site\/wp-json\/wp\/v2\/pages\/5999\/revisions\/6003"}],"wp:attachment":[{"href":"http:\/\/www.idene.mg.gov.br\/site\/wp-json\/wp\/v2\/media?parent=5999"}],"curies":[{"name":"wp","href":"https:\/\/api.w.org\/{rel}","templated":true}]}}