{"id":6005,"date":"2025-11-05T11:26:45","date_gmt":"2025-11-05T14:26:45","guid":{"rendered":"http:\/\/www.idene.mg.gov.br\/site\/?page_id=6005"},"modified":"2025-11-05T11:26:45","modified_gmt":"2025-11-05T14:26:45","slug":"comite-de-governanca-integridade-riscos-e-controles-cgirc","status":"publish","type":"page","link":"http:\/\/www.idene.mg.gov.br\/site\/comite-de-governanca-integridade-riscos-e-controles-cgirc\/","title":{"rendered":"Comit\u00ea de Governan\u00e7a, Integridade, Riscos e Controles (CGIRC)"},"content":{"rendered":"<p><span data-olk-copy-source=\"MessageBody\">O Comit\u00ea de Governan\u00e7a, Integridade, Riscos e Controles (CGIRC) do Instituto de Desenvolvimento do Norte e Nordeste de Minas Gerais (Idene) \u00e9 um \u00f3rg\u00e3o colegiado com a finalidade de supervisionar, orientar e monitorar as estruturas, sistemas, fluxos e processos relacionados \u00e0 governan\u00e7a, integridade, gest\u00e3o de riscos e controles internos no \u00e2mbito da autarquia, bem como monitorar e atualizar o Plano de Integridade do Idene.<\/span><\/p>\n<p class=\"x_MsoNormal\" data-olk-copy-source=\"MessageBody\">Institui\u00e7\u00e3o<\/p>\n<p data-olk-copy-source=\"MessageBody\"><strong><span data-olk-copy-source=\"MessageBody\"><iframe src=\"\/\/docs.google.com\/viewer?url=http%3A%2F%2Fwww.idene.mg.gov.br%2Fsite%2Fwp-content%2Fuploads%2F2025%2F11%2FDocumento-1.pdf&hl=pt_BR&embedded=true\" class=\"gde-frame\" style=\"width:100%; height:500px; border: none;\" scrolling=\"no\"><\/iframe>\n<p class=\"gde-text\"><a href=\"http:\/\/www.idene.mg.gov.br\/site\/wp-content\/uploads\/2025\/11\/Documento-1.pdf\" class=\"gde-link\">Download (PDF, 70KB)<\/a><\/p><\/span><\/strong><\/p>\n<p data-olk-copy-source=\"MessageBody\"><span data-olk-copy-source=\"MessageBody\">Regimento Interno<\/span><\/p>\n<p data-olk-copy-source=\"MessageBody\"><iframe src=\"\/\/docs.google.com\/viewer?url=http%3A%2F%2Fwww.idene.mg.gov.br%2Fsite%2Fwp-content%2Fuploads%2F2025%2F11%2FDocumento-2.pdf&hl=pt_BR&embedded=true\" class=\"gde-frame\" style=\"width:100%; height:500px; border: none;\" scrolling=\"no\"><\/iframe>\n<p class=\"gde-text\"><a href=\"http:\/\/www.idene.mg.gov.br\/site\/wp-content\/uploads\/2025\/11\/Documento-2.pdf\" class=\"gde-link\">Download (PDF, 60KB)<\/a><\/p><\/p>\n","protected":false},"excerpt":{"rendered":"<p>O Comit&ecirc; de Governan&ccedil;a, Integridade, Riscos e Controles (CGIRC) do Instituto de Desenvolvimento do Norte e Nordeste de Minas Gerais (Idene) &eacute; um &oacute;rg&atilde;o colegiado com a finalidade de supervisionar, orientar e monitorar as estruturas, sistemas, fluxos e processos relacionados &agrave; governan&ccedil;a, integridade, gest&atilde;o de riscos e controles internos no &acirc;mbito da autarquia, bem como [&hellip;]<\/p>\n","protected":false},"author":3,"featured_media":0,"parent":0,"menu_order":0,"comment_status":"closed","ping_status":"closed","template":"","meta":{"kia_subtitle":"","_FSMCFIC_featured_image_caption":"","_FSMCFIC_featured_image_nocaption":"","_FSMCFIC_featured_image_hide":""},"_links":{"self":[{"href":"http:\/\/www.idene.mg.gov.br\/site\/wp-json\/wp\/v2\/pages\/6005"}],"collection":[{"href":"http:\/\/www.idene.mg.gov.br\/site\/wp-json\/wp\/v2\/pages"}],"about":[{"href":"http:\/\/www.idene.mg.gov.br\/site\/wp-json\/wp\/v2\/types\/page"}],"author":[{"embeddable":true,"href":"http:\/\/www.idene.mg.gov.br\/site\/wp-json\/wp\/v2\/users\/3"}],"replies":[{"embeddable":true,"href":"http:\/\/www.idene.mg.gov.br\/site\/wp-json\/wp\/v2\/comments?post=6005"}],"version-history":[{"count":2,"href":"http:\/\/www.idene.mg.gov.br\/site\/wp-json\/wp\/v2\/pages\/6005\/revisions"}],"predecessor-version":[{"id":6009,"href":"http:\/\/www.idene.mg.gov.br\/site\/wp-json\/wp\/v2\/pages\/6005\/revisions\/6009"}],"wp:attachment":[{"href":"http:\/\/www.idene.mg.gov.br\/site\/wp-json\/wp\/v2\/media?parent=6005"}],"curies":[{"name":"wp","href":"https:\/\/api.w.org\/{rel}","templated":true}]}}