{"id":61,"date":"2013-10-24T16:28:27","date_gmt":"2013-10-24T16:28:27","guid":{"rendered":"http:\/\/www.idene.mg.gov.br\/site\/integracao-institucional\/"},"modified":"2013-10-24T16:28:27","modified_gmt":"2013-10-24T16:28:27","slug":"integracao-institucional","status":"publish","type":"page","link":"http:\/\/www.idene.mg.gov.br\/site\/integracao-institucional\/","title":{"rendered":"Integra\u00e7\u00e3o Institucional"},"content":{"rendered":"<p>O Sistema SEDINOR\/IDENE abrange hoje 258 munic\u00edpios e tem como finalidade coordenar, em articula\u00e7\u00e3o com as demais secretarias de Estado, as a\u00e7\u00f5es voltadas para o desenvolvimento socioecon\u00f4mico das regi\u00f5es Norte e Nordeste de Minas Gerais, notadamente as que visem \u00e0 redu\u00e7\u00e3o de desigualdades sociais e ao enfrentamento da pobreza. Entre as a\u00e7\u00f5es desenvolvidas pelo Sistema SEDINOR\/ IDENE destacam-se o \u00c1gua para Todos, o Projeto de Combate \u00e0 Pobreza Rural e Migra\u00e7\u00e3o Laboral (PCPR\/MG), o programa Um Leite Pela Vida, o Programa Brasil Alfabetizado e o Plano Estrat\u00e9gico de Desenvolvimento Integrado do Norte e Nordeste de Minas Gerais (PESI-NNE).<\/p>\n","protected":false},"excerpt":{"rendered":"<p>O Sistema SEDINOR\/IDENE abrange hoje 258 munic&iacute;pios e tem como finalidade coordenar, em articula&ccedil;&atilde;o com as demais secretarias de Estado, as a&ccedil;&otilde;es voltadas para o desenvolvimento socioecon&ocirc;mico das regi&otilde;es Norte e Nordeste de Minas Gerais, notadamente as que visem &agrave; redu&ccedil;&atilde;o de desigualdades sociais e ao enfrentamento da pobreza. Entre as a&ccedil;&otilde;es desenvolvidas pelo Sistema [&hellip;]<\/p>\n","protected":false},"author":1,"featured_media":0,"parent":0,"menu_order":0,"comment_status":"closed","ping_status":"closed","template":"","meta":{"kia_subtitle":"","_FSMCFIC_featured_image_caption":"","_FSMCFIC_featured_image_nocaption":"","_FSMCFIC_featured_image_hide":""},"_links":{"self":[{"href":"http:\/\/www.idene.mg.gov.br\/site\/wp-json\/wp\/v2\/pages\/61"}],"collection":[{"href":"http:\/\/www.idene.mg.gov.br\/site\/wp-json\/wp\/v2\/pages"}],"about":[{"href":"http:\/\/www.idene.mg.gov.br\/site\/wp-json\/wp\/v2\/types\/page"}],"author":[{"embeddable":true,"href":"http:\/\/www.idene.mg.gov.br\/site\/wp-json\/wp\/v2\/users\/1"}],"replies":[{"embeddable":true,"href":"http:\/\/www.idene.mg.gov.br\/site\/wp-json\/wp\/v2\/comments?post=61"}],"version-history":[{"count":0,"href":"http:\/\/www.idene.mg.gov.br\/site\/wp-json\/wp\/v2\/pages\/61\/revisions"}],"wp:attachment":[{"href":"http:\/\/www.idene.mg.gov.br\/site\/wp-json\/wp\/v2\/media?parent=61"}],"curies":[{"name":"wp","href":"https:\/\/api.w.org\/{rel}","templated":true}]}}