{"id":62,"date":"2013-06-21T12:03:29","date_gmt":"2013-06-21T12:03:29","guid":{"rendered":"http:\/\/www.idene.mg.gov.br\/site\/missao-visao-e-valores\/"},"modified":"2025-07-21T08:54:32","modified_gmt":"2025-07-21T11:54:32","slug":"missao-visao-e-valores","status":"publish","type":"page","link":"http:\/\/www.idene.mg.gov.br\/site\/missao-visao-e-valores\/","title":{"rendered":"Prop\u00f3sito, Miss\u00e3o, Vis\u00e3o e Valores"},"content":{"rendered":"<h4>Prop\u00f3sito<\/h4>\n<p>Conduzir o desenvolvimento integrado sustent\u00e1vel das regi\u00f5es Norte e Nordeste de Minas Gerais, fomentando<br \/>\npol\u00edticas p\u00fablicas, reduzindo desigualdades socioecon\u00f4micas e gerando transforma\u00e7\u00f5es sociais concretas nos<br \/>\nterrit\u00f3rios mais vulner\u00e1veis do estado.<\/p>\n<h4>Miss\u00e3o<\/h4>\n<p>Articular, planejar e implementar pol\u00edticas p\u00fablicas integradas que fomentem o desenvolvimento social e econ\u00f4mico<br \/>\nnos territ\u00f3rios do Norte e Nordeste de Minas Gerais, que garantam servi\u00e7os essenciais, gera\u00e7\u00e3o de renda e apoio \u00e0<br \/>\npopula\u00e7\u00e3o mais vulner\u00e1vel, com \u00eanfase em seguran\u00e7a h\u00eddrica, seguran\u00e7a alimentar e inclus\u00e3o produtiva.<\/p>\n<h4>Vis\u00e3o<\/h4>\n<p>Ser refer\u00eancia na atua\u00e7\u00e3o em desenvolvimento regional sustent\u00e1vel, com redu\u00e7\u00e3o mensur\u00e1vel das desigualdades<br \/>\nsocioecon\u00f4micas e fortalecimento da presen\u00e7a do Governo de Minas Gerais no Norte e Nordeste do estado,<br \/>\npromovendo transforma\u00e7\u00e3o social efetiva e exercendo governan\u00e7a p\u00fablica inovadora, transparente e participativa<br \/>\njunto \u00e0s comunidades.<\/p>\n<h4>Valores<\/h4>\n<p>\u00c9tica; integridade; transpar\u00eancia; efici\u00eancia; inova\u00e7\u00e3o; empatia e proximidade \u00e0 popula\u00e7\u00e3o; respeito \u00e0 diversidade<br \/>\nregional.<\/p>\n","protected":false},"excerpt":{"rendered":"<p>Prop&oacute;sito Conduzir o desenvolvimento integrado sustent&aacute;vel das regi&otilde;es Norte e Nordeste de Minas Gerais, fomentando pol&iacute;ticas p&uacute;blicas, reduzindo desigualdades socioecon&ocirc;micas e gerando transforma&ccedil;&otilde;es sociais concretas nos territ&oacute;rios mais vulner&aacute;veis do estado. Miss&atilde;o Articular, planejar e implementar pol&iacute;ticas p&uacute;blicas integradas que fomentem o desenvolvimento social e econ&ocirc;mico nos territ&oacute;rios do Norte e Nordeste de Minas Gerais, [&hellip;]<\/p>\n","protected":false},"author":1,"featured_media":0,"parent":0,"menu_order":0,"comment_status":"closed","ping_status":"closed","template":"","meta":{"kia_subtitle":"","_FSMCFIC_featured_image_caption":"","_FSMCFIC_featured_image_nocaption":"","_FSMCFIC_featured_image_hide":""},"_links":{"self":[{"href":"http:\/\/www.idene.mg.gov.br\/site\/wp-json\/wp\/v2\/pages\/62"}],"collection":[{"href":"http:\/\/www.idene.mg.gov.br\/site\/wp-json\/wp\/v2\/pages"}],"about":[{"href":"http:\/\/www.idene.mg.gov.br\/site\/wp-json\/wp\/v2\/types\/page"}],"author":[{"embeddable":true,"href":"http:\/\/www.idene.mg.gov.br\/site\/wp-json\/wp\/v2\/users\/1"}],"replies":[{"embeddable":true,"href":"http:\/\/www.idene.mg.gov.br\/site\/wp-json\/wp\/v2\/comments?post=62"}],"version-history":[{"count":7,"href":"http:\/\/www.idene.mg.gov.br\/site\/wp-json\/wp\/v2\/pages\/62\/revisions"}],"predecessor-version":[{"id":5863,"href":"http:\/\/www.idene.mg.gov.br\/site\/wp-json\/wp\/v2\/pages\/62\/revisions\/5863"}],"wp:attachment":[{"href":"http:\/\/www.idene.mg.gov.br\/site\/wp-json\/wp\/v2\/media?parent=62"}],"curies":[{"name":"wp","href":"https:\/\/api.w.org\/{rel}","templated":true}]}}