{"id":69,"date":"2017-08-01T14:10:22","date_gmt":"2017-08-01T14:10:22","guid":{"rendered":"http:\/\/www.idene.mg.gov.br\/site\/despesas-e-receitas\/"},"modified":"2026-01-30T16:27:47","modified_gmt":"2026-01-30T19:27:47","slug":"despesas-e-receitas","status":"publish","type":"page","link":"http:\/\/www.idene.mg.gov.br\/site\/despesas-e-receitas\/","title":{"rendered":"Despesas e Receitas"},"content":{"rendered":"<p>Nesta se\u00e7\u00e3o s\u00e3o disponibilizadas informa\u00e7\u00f5es sobre previs\u00e3o e arrecada\u00e7\u00e3o da receita p\u00fablica e execu\u00e7\u00e3o or\u00e7ament\u00e1ria e financeira.<br \/>\n<strong>Despesa p\u00fablica<\/strong> \u00e9 a aplica\u00e7\u00e3o (em dinheiro) de recursos do Estado para custear os servi\u00e7os de ordem p\u00fablica ou para investir no pr\u00f3prio desenvolvimento econ\u00f4mico do estado. \u00c9 o compromisso de gasto dos recursos p\u00fablicos, autorizados pelo Poder competente, com a finalidade de atender a uma necessidade da coletividade prevista no or\u00e7amento.<\/p>\n<p>Acesse as<a href=\"https:\/\/www.transparencia.mg.gov.br\/despesa-estado\/despesa\" target=\"_blank\" rel=\"noopener\"> despesas p\u00fablicas estaduais<\/a>, incluindo as do Idene.<\/p>\n<p><strong>Receita p\u00fablica:<\/strong> montante em dinheiro recolhido pelo Estado em virtude de arrecada\u00e7\u00e3o via impostos, taxas, contribui\u00e7\u00f5es e outras fontes de recursos. Esse volume \u00e9 incorporado ao patrim\u00f4nio do Estado para custear as despesas p\u00fablicas e os investimentos p\u00fablicos.<\/p>\n<p>Acesse as <a href=\"https:\/\/www.transparencia.mg.gov.br\/receitas\" target=\"_blank\" rel=\"noopener\">receitas p\u00fablicas estaduais<\/a>, incluindo as do Idene.<\/p>\n","protected":false},"excerpt":{"rendered":"<p>Nesta se&ccedil;&atilde;o s&atilde;o disponibilizadas informa&ccedil;&otilde;es sobre previs&atilde;o e arrecada&ccedil;&atilde;o da receita p&uacute;blica e execu&ccedil;&atilde;o or&ccedil;ament&aacute;ria e financeira. Despesa p&uacute;blica &eacute; a aplica&ccedil;&atilde;o (em dinheiro) de recursos do Estado para custear os servi&ccedil;os de ordem p&uacute;blica ou para investir no pr&oacute;prio desenvolvimento econ&ocirc;mico do estado. &Eacute; o compromisso de gasto dos recursos p&uacute;blicos, autorizados pelo Poder [&hellip;]<\/p>\n","protected":false},"author":1,"featured_media":0,"parent":0,"menu_order":0,"comment_status":"closed","ping_status":"closed","template":"","meta":{"kia_subtitle":"","_FSMCFIC_featured_image_caption":"","_FSMCFIC_featured_image_nocaption":"","_FSMCFIC_featured_image_hide":""},"_links":{"self":[{"href":"http:\/\/www.idene.mg.gov.br\/site\/wp-json\/wp\/v2\/pages\/69"}],"collection":[{"href":"http:\/\/www.idene.mg.gov.br\/site\/wp-json\/wp\/v2\/pages"}],"about":[{"href":"http:\/\/www.idene.mg.gov.br\/site\/wp-json\/wp\/v2\/types\/page"}],"author":[{"embeddable":true,"href":"http:\/\/www.idene.mg.gov.br\/site\/wp-json\/wp\/v2\/users\/1"}],"replies":[{"embeddable":true,"href":"http:\/\/www.idene.mg.gov.br\/site\/wp-json\/wp\/v2\/comments?post=69"}],"version-history":[{"count":3,"href":"http:\/\/www.idene.mg.gov.br\/site\/wp-json\/wp\/v2\/pages\/69\/revisions"}],"predecessor-version":[{"id":6110,"href":"http:\/\/www.idene.mg.gov.br\/site\/wp-json\/wp\/v2\/pages\/69\/revisions\/6110"}],"wp:attachment":[{"href":"http:\/\/www.idene.mg.gov.br\/site\/wp-json\/wp\/v2\/media?parent=69"}],"curies":[{"name":"wp","href":"https:\/\/api.w.org\/{rel}","templated":true}]}}