{"id":74,"date":"2017-08-02T16:57:09","date_gmt":"2017-08-02T16:57:09","guid":{"rendered":"http:\/\/www.idene.mg.gov.br\/site\/missao-e-valores-idene\/"},"modified":"2023-07-07T14:53:10","modified_gmt":"2023-07-07T17:53:10","slug":"missao-e-valores-idene","status":"publish","type":"page","link":"http:\/\/www.idene.mg.gov.br\/site\/missao-e-valores-idene\/","title":{"rendered":"Miss\u00e3o e Valores &#8211; Idene"},"content":{"rendered":"<p>Instituto de Desenvolvimento do Norte e Nordeste de Minas Gerais<br \/>\n\u2003<br \/>\n2 INSTITUCIONAL<\/p>\n<p>2.1 Miss\u00e3o<br \/>\nPromover e coordenar a\u00e7\u00f5es que visem o desenvolvimento sustent\u00e1vel e a redu\u00e7\u00e3o das desigualdades dos Vales do Jequitinhonha e Mucuri e do Norte de Minas em rela\u00e7\u00e3o ao restante do Estado.<\/p>\n<p>2.2 Vis\u00e3o<br \/>\nTornar as regi\u00f5es dos vales do Jequitinhonha e Mucuri e do Norte de Minas em \u00e1reas de grande desenvolvimento sustent\u00e1vel.<\/p>\n<p>2.3 Valores<br \/>\na) \u00c9tica;<br \/>\nb) Otimiza\u00e7\u00e3o dos recursos p\u00fablicos;<br \/>\nc) Transpar\u00eancia e comprometimento; e<br \/>\nd) Respeito aos valores e cren\u00e7as da popula\u00e7\u00e3o local e \u00e0s caracter\u00edsticas regionais.<\/p>\n<p>2.4 Mapa estrat\u00e9gico<\/p>\n","protected":false},"excerpt":{"rendered":"<p>Instituto de Desenvolvimento do Norte e Nordeste de Minas Gerais &emsp; 2 INSTITUCIONAL 2.1 Miss&atilde;o Promover e coordenar a&ccedil;&otilde;es que visem o desenvolvimento sustent&aacute;vel e a redu&ccedil;&atilde;o das desigualdades dos Vales do Jequitinhonha e Mucuri e do Norte de Minas em rela&ccedil;&atilde;o ao restante do Estado. 2.2 Vis&atilde;o Tornar as regi&otilde;es dos vales do Jequitinhonha [&hellip;]<\/p>\n","protected":false},"author":1,"featured_media":0,"parent":0,"menu_order":0,"comment_status":"closed","ping_status":"closed","template":"","meta":{"kia_subtitle":"","_FSMCFIC_featured_image_caption":"","_FSMCFIC_featured_image_nocaption":"","_FSMCFIC_featured_image_hide":""},"_links":{"self":[{"href":"http:\/\/www.idene.mg.gov.br\/site\/wp-json\/wp\/v2\/pages\/74"}],"collection":[{"href":"http:\/\/www.idene.mg.gov.br\/site\/wp-json\/wp\/v2\/pages"}],"about":[{"href":"http:\/\/www.idene.mg.gov.br\/site\/wp-json\/wp\/v2\/types\/page"}],"author":[{"embeddable":true,"href":"http:\/\/www.idene.mg.gov.br\/site\/wp-json\/wp\/v2\/users\/1"}],"replies":[{"embeddable":true,"href":"http:\/\/www.idene.mg.gov.br\/site\/wp-json\/wp\/v2\/comments?post=74"}],"version-history":[{"count":1,"href":"http:\/\/www.idene.mg.gov.br\/site\/wp-json\/wp\/v2\/pages\/74\/revisions"}],"predecessor-version":[{"id":4914,"href":"http:\/\/www.idene.mg.gov.br\/site\/wp-json\/wp\/v2\/pages\/74\/revisions\/4914"}],"wp:attachment":[{"href":"http:\/\/www.idene.mg.gov.br\/site\/wp-json\/wp\/v2\/media?parent=74"}],"curies":[{"name":"wp","href":"https:\/\/api.w.org\/{rel}","templated":true}]}}