{"id":77,"date":"2013-06-21T12:09:02","date_gmt":"2013-06-21T12:09:02","guid":{"rendered":"http:\/\/www.idene.mg.gov.br\/site\/palacio-da-liberdade\/"},"modified":"2023-07-07T15:20:16","modified_gmt":"2023-07-07T18:20:16","slug":"palacio-da-liberdade","status":"publish","type":"page","link":"http:\/\/www.idene.mg.gov.br\/site\/palacio-da-liberdade\/","title":{"rendered":"Pal\u00e1cio da Liberdade"},"content":{"rendered":"<p>&nbsp;<\/p>\n<p><strong style=\"line-height: 1.3em;\"><strong><img decoding=\"async\" loading=\"lazy\" class=\"alignnone wp-image-4714 size-full\" src=\"http:\/\/www.idene.mg.gov.br\/site\/wp-content\/uploads\/2023\/07\/Palacio-Liberdade1-Gil-Leonardi.jpg\" alt=\"\" width=\"1536\" height=\"1025\" srcset=\"http:\/\/www.idene.mg.gov.br\/site\/wp-content\/uploads\/2023\/07\/Palacio-Liberdade1-Gil-Leonardi.jpg 1536w, http:\/\/www.idene.mg.gov.br\/site\/wp-content\/uploads\/2023\/07\/Palacio-Liberdade1-Gil-Leonardi-300x200.jpg 300w, http:\/\/www.idene.mg.gov.br\/site\/wp-content\/uploads\/2023\/07\/Palacio-Liberdade1-Gil-Leonardi-1030x687.jpg 1030w, http:\/\/www.idene.mg.gov.br\/site\/wp-content\/uploads\/2023\/07\/Palacio-Liberdade1-Gil-Leonardi-80x53.jpg 80w, http:\/\/www.idene.mg.gov.br\/site\/wp-content\/uploads\/2023\/07\/Palacio-Liberdade1-Gil-Leonardi-768x513.jpg 768w, http:\/\/www.idene.mg.gov.br\/site\/wp-content\/uploads\/2023\/07\/Palacio-Liberdade1-Gil-Leonardi-1500x1001.jpg 1500w, http:\/\/www.idene.mg.gov.br\/site\/wp-content\/uploads\/2023\/07\/Palacio-Liberdade1-Gil-Leonardi-705x470.jpg 705w, http:\/\/www.idene.mg.gov.br\/site\/wp-content\/uploads\/2023\/07\/Palacio-Liberdade1-Gil-Leonardi-750x500.jpg 750w, http:\/\/www.idene.mg.gov.br\/site\/wp-content\/uploads\/2023\/07\/Palacio-Liberdade1-Gil-Leonardi-1140x761.jpg 1140w\" sizes=\"(max-width: 1536px) 100vw, 1536px\" \/><\/strong><\/strong><\/p>\n<p><strong style=\"line-height: 1.3em;\"><strong>HIST\u00d3RICO<\/strong><\/strong><\/p>\n<p>O Pal\u00e1cio da Liberdade, sede do Governo mineiro, teve o lan\u00e7amento de sua pedra fundamental a 7 de setembro de 1895 e o in\u00edcio de suas obras a 25 de novembro do mesmo ano. Seu projeto \u00e9 de autoria do engenheiro-ge\u00f3grafo pernambucano Jos\u00e9 de Magalh\u00e3es membro da Comiss\u00e3o Construtora da Nova Capital. Magalh\u00e3es diplomou-se em 1874 pela Escola Central Polit\u00e9cnica do Rio de Janeiro e frequentou a \u00c9cole de Beaux-Arts de Paris..<\/p>\n<p>As obras foram administradas pela Comiss\u00e3o Construtora da Nova Capital que contratou do Sr. Ant\u00f4nio Teixeira Rodrigues &#8211; o Conde de Santa Marinha a execu\u00e7\u00e3o da fachada principal e das balaustradas das entradas laterais. A parte posterior do edif\u00edcio foi confiada inicialmente ao Sr. Carlos Antonini e posteriormente ao empreiteiro Leonardo Gutierrez.<\/p>\n<p>O padr\u00e3o arquitet\u00f4nico e ornamental das primeiras constru\u00e7\u00f5es da Capital de Minas obedeceu \u00e0 tend\u00eancia estil\u00edstica ecl\u00e9tica, com predomin\u00e2ncia de elementos neocl\u00e1ssicos do 2\u00ba Imp\u00e9rio Franc\u00eas. Empreendimento de grande vulto e de gosto apurado, o Pal\u00e1cio da Liberdade reflete a influ\u00eancia francesa em nossa arquitetura e de modo geral, o gosto europeu difundido e valorizado na \u00e9poca.<\/p>\n<p>Atendendo ao requinte do projeto, grande parte dos materiais utilizados na constru\u00e7\u00e3o do Pal\u00e1cio foi importada da Europa: arma\u00e7\u00f5es de ferro das escadarias e estruturas met\u00e1licas da cobertura vindas da B\u00e9lgica, telhas de Marselha, pinho-de-riga da Let\u00f4nia entre outros. O restante veio do Rio de Janeiro e; de Minas Gerais, somente os tijolos, as pedras e a cal.<\/p>\n<p>Para a pintura e a decora\u00e7\u00e3o do edif\u00edcio, veio do Rio de Janeiro o artista Frederico Ant\u00f4nio Steckel, trazendo com ele uma equipe de decoradores nacionais e estrangeiros que realizaram admir\u00e1veis trabalhos nos tetos, paredes e cimalhas, al\u00e9m de ornamentos com grande aplica\u00e7\u00e3o de papier-mach\u00e9.<\/p>\n<p><img decoding=\"async\" loading=\"lazy\" class=\"alignnone wp-image-4716 size-full\" src=\"http:\/\/www.idene.mg.gov.br\/site\/wp-content\/uploads\/2023\/07\/Palacio-liberdade2-Izabel-Chumbinho.jpeg\" alt=\"\" width=\"1280\" height=\"853\" srcset=\"http:\/\/www.idene.mg.gov.br\/site\/wp-content\/uploads\/2023\/07\/Palacio-liberdade2-Izabel-Chumbinho.jpeg 1280w, http:\/\/www.idene.mg.gov.br\/site\/wp-content\/uploads\/2023\/07\/Palacio-liberdade2-Izabel-Chumbinho-300x200.jpeg 300w, http:\/\/www.idene.mg.gov.br\/site\/wp-content\/uploads\/2023\/07\/Palacio-liberdade2-Izabel-Chumbinho-1030x686.jpeg 1030w, http:\/\/www.idene.mg.gov.br\/site\/wp-content\/uploads\/2023\/07\/Palacio-liberdade2-Izabel-Chumbinho-80x53.jpeg 80w, http:\/\/www.idene.mg.gov.br\/site\/wp-content\/uploads\/2023\/07\/Palacio-liberdade2-Izabel-Chumbinho-768x512.jpeg 768w, http:\/\/www.idene.mg.gov.br\/site\/wp-content\/uploads\/2023\/07\/Palacio-liberdade2-Izabel-Chumbinho-705x470.jpeg 705w, http:\/\/www.idene.mg.gov.br\/site\/wp-content\/uploads\/2023\/07\/Palacio-liberdade2-Izabel-Chumbinho-750x500.jpeg 750w, http:\/\/www.idene.mg.gov.br\/site\/wp-content\/uploads\/2023\/07\/Palacio-liberdade2-Izabel-Chumbinho-1140x760.jpeg 1140w\" sizes=\"(max-width: 1280px) 100vw, 1280px\" \/><\/p>\n<p>Na escolha dos pisos prevaleceu o gosto e a harmonia com o restante da decora\u00e7\u00e3o; no hall empregou-se o m\u00e1rmore de Carrara e nos diversos sal\u00f5es optou-se pelo parquet, ricamente trabalhado formando desenhos geom\u00e9tricos.<\/p>\n<p>Obra prima de grande destaque no interior do pr\u00e9dio \u00e9 a escadaria met\u00e1lica em estilo art-noveau. Minuciosamente trabalhada em ferro batido com ornamenta\u00e7\u00e3o em motivos florais, foi totalmente produzida nas oficinas belgas Aci\u00e8res Bruges, utilizando o sistema desmont\u00e1vel Joly, considerado um grande avan\u00e7o tecnol\u00f3gico na \u00e9poca e, inclusive, merecedor de pr\u00eamio na grande exposi\u00e7\u00e3o de Londres. As pe\u00e7as dessa escadaria chegaram ao Brasil em maio de 1897, quando foi montada e passou a figurar em lugar de honra no Pal\u00e1cio Presidencial.<\/p>\n<p>Para a decora\u00e7\u00e3o final importaram-se tamb\u00e9m o mobili\u00e1rio, as tape\u00e7arias, os cristais, as lou\u00e7as, os talheres, sendo a grande maioria de origem francesa e o restante de outros mercados europeus.<\/p>\n<p>O Pal\u00e1cio Presidencial foi inaugurado em 1897, embora com obras ainda em andamento. Estas diziam respeito, sobretudo, aos jardins, \u00e0 ornamenta\u00e7\u00e3o das paredes das salas laterais do segundo pavimento, ao revestimento e ornamenta\u00e7\u00e3o do Sal\u00e3o Nobre, \u00e0 confec\u00e7\u00e3o e coloca\u00e7\u00e3o das duas portas para o Sal\u00e3o de Honra, \u00e0 decora\u00e7\u00e3o dos tetos dos torre\u00f5es, e \u00e0 pintura e coloca\u00e7\u00e3o dos vidros. Estes servi\u00e7os foram conclu\u00eddos em 1903. Chrispim Jacques Bias Fortes foi o primeiro governador a ocupar o Pal\u00e1cio da Liberdade.<\/p>\n<p>Desta data at\u00e9 1913 foram realizados trabalhos de conserva\u00e7\u00e3o, complementa\u00e7\u00e3o e finaliza\u00e7\u00e3o dos passeios e coloca\u00e7\u00e3o de postes de ilumina\u00e7\u00e3o nos jardins.<\/p>\n<p>Em 1920, durante o governo de Arthur Bernardes, o Pal\u00e1cio da Liberdade passou por uma reforma para melhor receber os soberanos belgas em visita a Belo Horizonte. Os trabalhos realizados consistiram principalmente em mudan\u00e7as na decora\u00e7\u00e3o, quando predominou o gosto pelo estilo Luis XVI.<\/p>\n<p>Em dezembro de 1925, no governo de Mello Viana, foi inaugurada com grande repercuss\u00e3o uma nova ornamenta\u00e7\u00e3o no Sal\u00e3o de Honra, executada pelo artista Ant\u00f4nio Parreiras.<\/p>\n<p>No per\u00edodo compreendido entre 1925 e 1967, al\u00e9m das obras de pintura e conserva\u00e7\u00e3o rotineiras, n\u00e3o h\u00e1 registros de interven\u00e7\u00f5es significativas, apenas refer\u00eancia de que tenha sido executada uma nova ornamenta\u00e7\u00e3o em 1956.<\/p>\n<p>Em 1968 foram colocadas grades na frente e nas laterais do edif\u00edcio, holofotes no jardim e, no interior, houve mudan\u00e7as na distribui\u00e7\u00e3o dos c\u00f4modos e constru\u00e7\u00e3o de novos apartamentos no segundo pavimento.<\/p>\n<p>O tombamento do Pal\u00e1cio foi efetuado pelo IEPHA\/MG, atrav\u00e9s do Decreto n\u00ba 16.956, de 27\/01\/75, garantindo a preserva\u00e7\u00e3o integral do monumento, considerando seu grande valor hist\u00f3rico, art\u00edstico e arquitet\u00f4nico.<\/p>\n<p><img decoding=\"async\" loading=\"lazy\" class=\"alignnone wp-image-4718 size-full\" src=\"http:\/\/www.idene.mg.gov.br\/site\/wp-content\/uploads\/2023\/07\/Palacio-Liberdade3-Jomar-Braganca-1.jpg\" alt=\"\" width=\"1000\" height=\"667\" srcset=\"http:\/\/www.idene.mg.gov.br\/site\/wp-content\/uploads\/2023\/07\/Palacio-Liberdade3-Jomar-Braganca-1.jpg 1000w, http:\/\/www.idene.mg.gov.br\/site\/wp-content\/uploads\/2023\/07\/Palacio-Liberdade3-Jomar-Braganca-1-300x200.jpg 300w, http:\/\/www.idene.mg.gov.br\/site\/wp-content\/uploads\/2023\/07\/Palacio-Liberdade3-Jomar-Braganca-1-80x53.jpg 80w, http:\/\/www.idene.mg.gov.br\/site\/wp-content\/uploads\/2023\/07\/Palacio-Liberdade3-Jomar-Braganca-1-768x512.jpg 768w, http:\/\/www.idene.mg.gov.br\/site\/wp-content\/uploads\/2023\/07\/Palacio-Liberdade3-Jomar-Braganca-1-705x470.jpg 705w, http:\/\/www.idene.mg.gov.br\/site\/wp-content\/uploads\/2023\/07\/Palacio-Liberdade3-Jomar-Braganca-1-750x500.jpg 750w\" sizes=\"(max-width: 1000px) 100vw, 1000px\" \/><\/p>\n<p>Em novembro de 1980, foram realizados trabalhos de estabiliza\u00e7\u00e3o estrutural do edif\u00edcio com a utiliza\u00e7\u00e3o de \u201cestacas-raiz\u201d e inje\u00e7\u00f5es de nata de cimento nas funda\u00e7\u00f5es. Ap\u00f3s o trabalho estrutural, foi iniciada, sob responsabilidade do IEPHA, a restaura\u00e7\u00e3o dos elementos art\u00edsticos e arquitet\u00f4nicos do edif\u00edcio, que objetivaram a sua total recupera\u00e7\u00e3o e preserva\u00e7\u00e3o.<\/p>\n<p>Em 1989\/1990, foi realizado o Invent\u00e1rio do Acervo de Bens M\u00f3veis do Pal\u00e1cio da Liberdade. Os bens foram catalogados em trinta e duas categorias onde se incluem pe\u00e7as de mobili\u00e1rio, objetos de ilumina\u00e7\u00e3o, esculturas, prataria, rel\u00f3gios, tape\u00e7arias e uma rica pinacoteca.<\/p>\n<p>Em 1992 foi executada a pintura das fachadas do Pal\u00e1cio, ap\u00f3s a realiza\u00e7\u00e3o de prospec\u00e7\u00f5es pelo IEPHA\/MG.<\/p>\n<p>Em 1993, o IEPHA\/MG &#8211; em conjunto com a Secretaria da Casa Civil e com o Gabinete Militar do Governo do Estado \u2013 realizou obras estruturais nos torre\u00f5es (estrutura met\u00e1lica e madeiramento da cobertura).<\/p>\n<p>Em 10 de novembro de 1994, o Conselho Deliberativo do Patrim\u00f4nio Cultural do Munic\u00edpio de Belo Horizonte efetuou o tombamento integral do Pal\u00e1cio da Liberdade no Conjunto Urbano da Pra\u00e7a da Liberdade e Adjac\u00eancias. Neste ano foram restaurados os forros dos torre\u00f5es, quando foram removidas tr\u00eas camadas de pintura que encobriam a pintura decorativa original, e o coreto localizado nos jardins do Pal\u00e1cio.<\/p>\n<p>Em 1995, o Departamento de Obras P\u00fablicas do Estado de Minas Gerais \u2013 DEOP \u2013 realizou a recupera\u00e7\u00e3o da cobertura.<\/p>\n<p>J\u00e1 em 1997 e 1998 foram executadas servi\u00e7os em diversos c\u00f4modos. No mesmo per\u00edodo foram restaurados os jardins, a estufa e o pavilh\u00e3o de eventos, al\u00e9m de reformados os galp\u00f5es de apoio, com a instala\u00e7\u00e3o de vesti\u00e1rios e dep\u00f3sitos.<\/p>\n<p>A \u00faltima obra de restaura\u00e7\u00e3o iniciada em 2004 e conclu\u00edda em 2006, foi uma interven\u00e7\u00e3o global, que assumiu car\u00e1ter de restaura\u00e7\u00e3o abrangente. A restaura\u00e7\u00e3o da cobertura, estrutura complexa de madeira e metal, com clarab\u00f3ia de vidro, foi de grande import\u00e2ncia, por sanar graves problemas de infiltra\u00e7\u00f5es que prejudicavam o pr\u00e9dio e seu acervo art\u00edstico.<\/p>\n<p>A maior revela\u00e7\u00e3o desta obra foi, sem d\u00favida, o resgate da ambi\u00eancia do p\u00e1tio central, espa\u00e7o cont\u00edguo ao hall da escadaria, ocupado h\u00e1 d\u00e9cadas por instala\u00e7\u00f5es sanit\u00e1rias e dep\u00f3sitos. A libera\u00e7\u00e3o do espa\u00e7o permitiu a recupera\u00e7\u00e3o da luminosidade natural na \u00e1rea central da edifica\u00e7\u00e3o, valorizou as circula\u00e7\u00f5es e fluxos e descobriu elementos art\u00edsticos at\u00e9 ent\u00e3o esquecidos.<\/p>\n<p>Foram executadas novas instala\u00e7\u00f5es el\u00e9tricas, hidr\u00e1ulicas, de telefonia e inform\u00e1tica e de preven\u00e7\u00e3o e combate a inc\u00eandio, al\u00e9m de infra-estrutura para sistema de seguran\u00e7a e manuten\u00e7\u00e3o corretiva no sistema de climatiza\u00e7\u00e3o. Foram restaurados os pisos em pinho-de-riga, peroba e m\u00e1rmore de Carrara, os forros, esquadrias e ferragens e realizada a limpeza da cantaria da fachada principal e a recomposi\u00e7\u00e3o do reboco e pintura das fachadas laterais e posterior. A cozinha foi reformada e novas instala\u00e7\u00f5es sanit\u00e1rias foram executadas.<\/p>\n<p>A restaura\u00e7\u00e3o dos elementos art\u00edsticos aplicados \u00e0 arquitetura foi realizada em oito etapas. Os trabalhos desenvolveram-se em seq\u00fc\u00eancia iniciada pelos c\u00f4modos frontais do pavimento superior, em fun\u00e7\u00e3o da import\u00e2ncia e complexidade dos elementos a serem restaurados. As obras civis foram conclu\u00eddas com a introdu\u00e7\u00e3o de novo sistema de ilumina\u00e7\u00e3o da edifica\u00e7\u00e3o. Durante o ano de 2006 e 2007 foram restaurados os bens m\u00f3veis: lustres, mobili\u00e1rio e tape\u00e7aria.<\/p>\n<p>IEPHA\/MG &#8211; Maria Cristina Harmendani Trivellato<\/p>\n<p><strong>Troca da guarda e o hasteamento das bandeiras<\/strong><\/p>\n<p><img decoding=\"async\" loading=\"lazy\" class=\"alignnone wp-image-4719 size-full\" src=\"http:\/\/www.idene.mg.gov.br\/site\/wp-content\/uploads\/2023\/07\/Palacio-Liberdade4-Appa-Divulgacoes.jpg\" alt=\"\" width=\"1048\" height=\"681\" srcset=\"http:\/\/www.idene.mg.gov.br\/site\/wp-content\/uploads\/2023\/07\/Palacio-Liberdade4-Appa-Divulgacoes.jpg 1048w, http:\/\/www.idene.mg.gov.br\/site\/wp-content\/uploads\/2023\/07\/Palacio-Liberdade4-Appa-Divulgacoes-300x195.jpg 300w, http:\/\/www.idene.mg.gov.br\/site\/wp-content\/uploads\/2023\/07\/Palacio-Liberdade4-Appa-Divulgacoes-1030x669.jpg 1030w, http:\/\/www.idene.mg.gov.br\/site\/wp-content\/uploads\/2023\/07\/Palacio-Liberdade4-Appa-Divulgacoes-80x52.jpg 80w, http:\/\/www.idene.mg.gov.br\/site\/wp-content\/uploads\/2023\/07\/Palacio-Liberdade4-Appa-Divulgacoes-768x499.jpg 768w, http:\/\/www.idene.mg.gov.br\/site\/wp-content\/uploads\/2023\/07\/Palacio-Liberdade4-Appa-Divulgacoes-705x458.jpg 705w, http:\/\/www.idene.mg.gov.br\/site\/wp-content\/uploads\/2023\/07\/Palacio-Liberdade4-Appa-Divulgacoes-750x487.jpg 750w\" sizes=\"(max-width: 1048px) 100vw, 1048px\" \/><\/p>\n<p>No \u00faltimo domingo de cada m\u00eas, ao iniciar a sua visita ao Pal\u00e1cio da Liberdade, voc\u00ea ter\u00e1 a oportunidade de presenciar uma cerim\u00f4nia hist\u00f3rica de Minas Gerais: a troca solene da guarda do Regimento Regular da Cavalaria de Minas Gerais. \u00a0Criado em 1775, o Regimento tinha a miss\u00e3o de fazer a guarda dos governadores e o policiamento da capitania. \u00a0Naquele tempo, a cerim\u00f4nia da troca da guarda era realizada na presen\u00e7a dos cidad\u00e3os e em frente ao Pal\u00e1cio dos Vice-Reis obedecendo a um ritual solene, conforme os regulamentos militares da \u00e9poca.<\/p>\n<p><span style=\"line-height: 1.3em;\">Fiel a essa tradi\u00e7\u00e3o, o Batalh\u00e3o de Guardas da Pol\u00edcia Militar, herdeiro e sucessor do Regimento Regular de Cavalaria, na seguran\u00e7a e guarda do Pal\u00e1cio do Governo, realiza, hoje a mesma cerim\u00f4nia de troca da guarda, revivendo um acontecimento hist\u00f3rico.<\/span><\/p>\n<p>Nessa cerim\u00f4nia s\u00e3o hasteadas as bandeiras do Brasil e de Minas Gerais ao toque do Hino Nacional, com movimentos da Ordem Unida.<\/p>\n<p>Sinta a presen\u00e7a do civismo, da beleza e da harmonia nesta cerim\u00f4nia significativa para os mineiros, uma demonstra\u00e7\u00e3o de respeito e apre\u00e7o aos antepassados \u00a0e culto \u00e0s tradi\u00e7\u00f5es da Corpora\u00e7\u00e3o de Tiradentes.<\/p>\n<p>Depois descubra os encantos, a hist\u00f3ria e a grandiosidade do Pal\u00e1cio da Liberdade. \u00a0Mais do que uma bela obra arquitet\u00f4nica, um lugar onde o esp\u00edrito de liberdade dos mineiros se faz presente.<span style=\"line-height: 1.5em;\">\u00a0<\/span><\/p>\n<p><strong>Pal\u00e1cio da Liberdade vira museu interativo<\/strong><\/p>\n<p><img decoding=\"async\" loading=\"lazy\" class=\"alignnone wp-image-4720 size-full\" src=\"http:\/\/www.idene.mg.gov.br\/site\/wp-content\/uploads\/2023\/07\/Palacio-liberdade5-Appa-Divulgacoes.jpg\" alt=\"\" width=\"1280\" height=\"477\" srcset=\"http:\/\/www.idene.mg.gov.br\/site\/wp-content\/uploads\/2023\/07\/Palacio-liberdade5-Appa-Divulgacoes.jpg 1280w, http:\/\/www.idene.mg.gov.br\/site\/wp-content\/uploads\/2023\/07\/Palacio-liberdade5-Appa-Divulgacoes-300x112.jpg 300w, http:\/\/www.idene.mg.gov.br\/site\/wp-content\/uploads\/2023\/07\/Palacio-liberdade5-Appa-Divulgacoes-1030x384.jpg 1030w, http:\/\/www.idene.mg.gov.br\/site\/wp-content\/uploads\/2023\/07\/Palacio-liberdade5-Appa-Divulgacoes-80x30.jpg 80w, http:\/\/www.idene.mg.gov.br\/site\/wp-content\/uploads\/2023\/07\/Palacio-liberdade5-Appa-Divulgacoes-768x286.jpg 768w, http:\/\/www.idene.mg.gov.br\/site\/wp-content\/uploads\/2023\/07\/Palacio-liberdade5-Appa-Divulgacoes-705x263.jpg 705w, http:\/\/www.idene.mg.gov.br\/site\/wp-content\/uploads\/2023\/07\/Palacio-liberdade5-Appa-Divulgacoes-750x279.jpg 750w, http:\/\/www.idene.mg.gov.br\/site\/wp-content\/uploads\/2023\/07\/Palacio-liberdade5-Appa-Divulgacoes-1140x425.jpg 1140w\" sizes=\"(max-width: 1280px) 100vw, 1280px\" \/><\/p>\n<p>Neste ano, a sede hist\u00f3rica do Governo de Minas Gerais e um dos principais cart\u00f5es postais de Belo Horizonte transformou-se definitivamente em atra\u00e7\u00e3o tur\u00edstica. A nova museografia, concebida pelo designer e curador Marcello Dantas, prop\u00f5e uma viagem interativa pela hist\u00f3ria pol\u00edtica de Minas e do pa\u00eds, por meio de modernas tecnologias de v\u00eddeo, anima\u00e7\u00e3o e outras m\u00eddias digitais.<\/p>\n<p>A exposi\u00e7\u00e3o permanente disp\u00f5e, pelos c\u00f4modos e pelo mobili\u00e1rio do museu, objetos como porta-retratos e espelhos atrav\u00e9s dos quais s\u00e3o apresentados v\u00eddeos e anima\u00e7\u00f5es com personagens marcantes da pol\u00edtica mineira. O p\u00fablico \u00e9 convidado a interagir com as instala\u00e7\u00f5es, que remetem a epis\u00f3dios hist\u00f3ricos. Ao atender a um telefone, por exemplo, o visitante ouvir\u00e1 um di\u00e1logo entre o ex-governador de Minas Gerais Juscelino Kubitschek e o arquiteto Oscar Niemeyer.<\/p>\n<p><span style=\"line-height: 1.5em;\">Aos percorrer os 30 c\u00f4modos que integram o roteiro de visitas, o visitante vai conhecer detalhes sobre a vida e a\u00e7\u00f5es de 16 ex-governadores do estado \u2013 de Afonso Pena a Itamar Franco. A pesquisa da exposi\u00e7\u00e3o \u201cPal\u00e1cio da Liberdade \u2013 Mem\u00f3rias e Hist\u00f3rias\u201d foi feita pela historiadora Maria Eliza Linhares Borges, da Universidade Federal de Minas Gerais (UFMG), e o levantamento iconogr\u00e1fico, por Vanessa Viegas e Solange Santos. <\/span><span style=\"line-height: 1.5em;\">\u00a0<\/span><\/p>\n<div id=\"idbpfpeogbhifooiagnbbdbffplkfcke\"><\/div>\n","protected":false},"excerpt":{"rendered":"<p>&nbsp; HIST&Oacute;RICO O Pal&aacute;cio da Liberdade, sede do Governo mineiro, teve o lan&ccedil;amento de sua pedra fundamental a 7 de setembro de 1895 e o in&iacute;cio de suas obras a 25 de novembro do mesmo ano. Seu projeto &eacute; de autoria do engenheiro-ge&oacute;grafo pernambucano Jos&eacute; de Magalh&atilde;es membro da Comiss&atilde;o Construtora da Nova Capital. Magalh&atilde;es [&hellip;]<\/p>\n","protected":false},"author":1,"featured_media":0,"parent":0,"menu_order":0,"comment_status":"closed","ping_status":"closed","template":"","meta":{"kia_subtitle":"","_FSMCFIC_featured_image_caption":"","_FSMCFIC_featured_image_nocaption":"","_FSMCFIC_featured_image_hide":""},"_links":{"self":[{"href":"http:\/\/www.idene.mg.gov.br\/site\/wp-json\/wp\/v2\/pages\/77"}],"collection":[{"href":"http:\/\/www.idene.mg.gov.br\/site\/wp-json\/wp\/v2\/pages"}],"about":[{"href":"http:\/\/www.idene.mg.gov.br\/site\/wp-json\/wp\/v2\/types\/page"}],"author":[{"embeddable":true,"href":"http:\/\/www.idene.mg.gov.br\/site\/wp-json\/wp\/v2\/users\/1"}],"replies":[{"embeddable":true,"href":"http:\/\/www.idene.mg.gov.br\/site\/wp-json\/wp\/v2\/comments?post=77"}],"version-history":[{"count":4,"href":"http:\/\/www.idene.mg.gov.br\/site\/wp-json\/wp\/v2\/pages\/77\/revisions"}],"predecessor-version":[{"id":4935,"href":"http:\/\/www.idene.mg.gov.br\/site\/wp-json\/wp\/v2\/pages\/77\/revisions\/4935"}],"wp:attachment":[{"href":"http:\/\/www.idene.mg.gov.br\/site\/wp-json\/wp\/v2\/media?parent=77"}],"curies":[{"name":"wp","href":"https:\/\/api.w.org\/{rel}","templated":true}]}}