{"id":78,"date":"2013-06-21T12:09:25","date_gmt":"2013-06-21T12:09:25","guid":{"rendered":"http:\/\/www.idene.mg.gov.br\/site\/palacio-dos-despachos\/"},"modified":"2023-07-07T15:20:23","modified_gmt":"2023-07-07T18:20:23","slug":"palacio-dos-despachos","status":"publish","type":"page","link":"http:\/\/www.idene.mg.gov.br\/site\/palacio-dos-despachos\/","title":{"rendered":"Pal\u00e1cio dos Despachos"},"content":{"rendered":"<p><img decoding=\"async\" loading=\"lazy\" class=\"alignnone wp-image-4708 size-full\" src=\"http:\/\/www.idene.mg.gov.br\/site\/wp-content\/uploads\/2023\/07\/Palacio1-despacho.jpg\" alt=\"\" width=\"1000\" height=\"671\" srcset=\"http:\/\/www.idene.mg.gov.br\/site\/wp-content\/uploads\/2023\/07\/Palacio1-despacho.jpg 1000w, http:\/\/www.idene.mg.gov.br\/site\/wp-content\/uploads\/2023\/07\/Palacio1-despacho-300x201.jpg 300w, http:\/\/www.idene.mg.gov.br\/site\/wp-content\/uploads\/2023\/07\/Palacio1-despacho-80x54.jpg 80w, http:\/\/www.idene.mg.gov.br\/site\/wp-content\/uploads\/2023\/07\/Palacio1-despacho-768x515.jpg 768w, http:\/\/www.idene.mg.gov.br\/site\/wp-content\/uploads\/2023\/07\/Palacio1-despacho-705x473.jpg 705w, http:\/\/www.idene.mg.gov.br\/site\/wp-content\/uploads\/2023\/07\/Palacio1-despacho-750x503.jpg 750w\" sizes=\"(max-width: 1000px) 100vw, 1000px\" \/><\/p>\n<p>Projetado pelo arquiteto Luciano Am\u00e9dee P\u00e9ret e constru\u00eddo pelo engenheiro Alberto Bouchardet Filho, o Pal\u00e1cio dos Despachos foi inaugurado em 24 de outubro de 1967, durante a gest\u00e3o do governador Israel Pinheiro.<\/p>\n<p>O Pal\u00e1cio dos Despachos foi constru\u00eddo para abrigar o servi\u00e7o administrativo do Estado, uma vez que o espa\u00e7o do Pal\u00e1cio da Liberdade se tornou insuficiente para a acomoda\u00e7\u00e3o de um n\u00famero elevado de pessoal.<\/p>\n<p>&nbsp;<\/p>\n<p><img decoding=\"async\" loading=\"lazy\" class=\"alignnone wp-image-4709 size-full\" src=\"http:\/\/www.idene.mg.gov.br\/site\/wp-content\/uploads\/2023\/07\/Palacio2-despacho.jpg\" alt=\"\" width=\"1024\" height=\"343\" srcset=\"http:\/\/www.idene.mg.gov.br\/site\/wp-content\/uploads\/2023\/07\/Palacio2-despacho.jpg 1024w, http:\/\/www.idene.mg.gov.br\/site\/wp-content\/uploads\/2023\/07\/Palacio2-despacho-300x100.jpg 300w, http:\/\/www.idene.mg.gov.br\/site\/wp-content\/uploads\/2023\/07\/Palacio2-despacho-80x27.jpg 80w, http:\/\/www.idene.mg.gov.br\/site\/wp-content\/uploads\/2023\/07\/Palacio2-despacho-768x257.jpg 768w, http:\/\/www.idene.mg.gov.br\/site\/wp-content\/uploads\/2023\/07\/Palacio2-despacho-705x236.jpg 705w, http:\/\/www.idene.mg.gov.br\/site\/wp-content\/uploads\/2023\/07\/Palacio2-despacho-750x251.jpg 750w\" sizes=\"(max-width: 1024px) 100vw, 1024px\" \/><\/p>\n<p>Ainda no Pal\u00e1cio dos Despachos, encontramos uma obra do pintor Candido Portinari (1903-1962). O Painel Civiliza\u00e7\u00e3o Mineira (1959), \u00e9 uma alegoria \u00e0 mudan\u00e7a da capital mineira de Ouro Preto para Belo Horizonte.<\/p>\n<p>Desde 1966, o painel est\u00e1 em exposi\u00e7\u00e3o no sal\u00e3o de entrada do Pal\u00e1cio dos Despachos, sede da Secretaria de Estado de Governo.<\/p>\n<p>No ano de 2003, o painel foi restaurado pelo Instituto Estadual do Patrim\u00f4nio Hist\u00f3rico e Art\u00edstico de Minas Gerais &#8211; IEPHA-MG, em comemora\u00e7\u00e3o ao centen\u00e1rio de nascimento do pintor.<\/p>\n<p>&nbsp;<\/p>\n<div id=\"idbpfpeogbhifooiagnbbdbffplkfcke\"><\/div>\n","protected":false},"excerpt":{"rendered":"<p>Projetado pelo arquiteto Luciano Am&eacute;dee P&eacute;ret e constru&iacute;do pelo engenheiro Alberto Bouchardet Filho, o Pal&aacute;cio dos Despachos foi inaugurado em 24 de outubro de 1967, durante a gest&atilde;o do governador Israel Pinheiro. O Pal&aacute;cio dos Despachos foi constru&iacute;do para abrigar o servi&ccedil;o administrativo do Estado, uma vez que o espa&ccedil;o do Pal&aacute;cio da Liberdade se [&hellip;]<\/p>\n","protected":false},"author":1,"featured_media":0,"parent":0,"menu_order":0,"comment_status":"closed","ping_status":"closed","template":"","meta":{"kia_subtitle":"","_FSMCFIC_featured_image_caption":"","_FSMCFIC_featured_image_nocaption":"","_FSMCFIC_featured_image_hide":""},"_links":{"self":[{"href":"http:\/\/www.idene.mg.gov.br\/site\/wp-json\/wp\/v2\/pages\/78"}],"collection":[{"href":"http:\/\/www.idene.mg.gov.br\/site\/wp-json\/wp\/v2\/pages"}],"about":[{"href":"http:\/\/www.idene.mg.gov.br\/site\/wp-json\/wp\/v2\/types\/page"}],"author":[{"embeddable":true,"href":"http:\/\/www.idene.mg.gov.br\/site\/wp-json\/wp\/v2\/users\/1"}],"replies":[{"embeddable":true,"href":"http:\/\/www.idene.mg.gov.br\/site\/wp-json\/wp\/v2\/comments?post=78"}],"version-history":[{"count":4,"href":"http:\/\/www.idene.mg.gov.br\/site\/wp-json\/wp\/v2\/pages\/78\/revisions"}],"predecessor-version":[{"id":4934,"href":"http:\/\/www.idene.mg.gov.br\/site\/wp-json\/wp\/v2\/pages\/78\/revisions\/4934"}],"wp:attachment":[{"href":"http:\/\/www.idene.mg.gov.br\/site\/wp-json\/wp\/v2\/media?parent=78"}],"curies":[{"name":"wp","href":"https:\/\/api.w.org\/{rel}","templated":true}]}}