{"id":86,"date":"2023-02-06T14:12:00","date_gmt":"2023-02-06T14:12:00","guid":{"rendered":"http:\/\/www.idene.mg.gov.br\/site\/idene-lanca-novo-edital-para-eventual-compra-de-caixas-dagua-para-2023\/"},"modified":"2023-07-07T13:23:11","modified_gmt":"2023-07-07T16:23:11","slug":"idene-lanca-novo-edital-para-eventual-compra-de-caixas-dagua-para-2023","status":"publish","type":"page","link":"http:\/\/www.idene.mg.gov.br\/site\/idene-lanca-novo-edital-para-eventual-compra-de-caixas-dagua-para-2023\/","title":{"rendered":"Idene lan\u00e7a novo edital para eventual compra de caixas d\u00b4\u00e1gua para 2023"},"content":{"rendered":"<p>O Instituto de Desenvolvimento do Norte e Nordeste de Minas (Idene) torna p\u00fablica a realiza\u00e7\u00e3o de licita\u00e7\u00e3o, na modalidade preg\u00e3o eletr\u00f4nico, do tipo menor pre\u00e7o, no modo disputa aberta, em sess\u00e3o no site www.compras.mg.gov.br A licita\u00e7\u00e3o visa registro de pre\u00e7os para eventual aquisi\u00e7\u00e3o de caixas d\u2019\u00e1gua de polietileno. A sess\u00e3o de preg\u00e3o ter\u00e1 in\u00edcio no dia 17 de fevereiro de 2023, \u00e0s 9 horas. Todas as refer\u00eancias de tempo no Edital, no aviso e durante a sess\u00e3o p\u00fablica, observar\u00e3o obrigatoriamente o hor\u00e1rio de Bras\u00edlia (DF) e, dessa forma, ser\u00e3o registradas no sistema e na documenta\u00e7\u00e3o<br \/>\nrelativa ao certame.<\/p>\n<p>As caixas s\u00e3o fundamentais ao trabalho do Idene de melhorar as condi\u00e7\u00f5es de armazenamento de \u00e1gua pela popula\u00e7\u00e3o das regi\u00f5es Norte, Nordeste e Vale do Rio Doce. O trabalho da autarquia \u00e9 de melhorar as condi\u00e7\u00f5es de vida, melhorando o acesso \u00e0 \u00e1gua, bem como o seu armazenamento, principalmente, para o consumo humano.<\/p>\n<p><strong>Clique aqui e confira o edital completo:<\/strong><br \/>\n<a href=\"http:\/\/www.idene.mg.gov.br\/site\/idene-lanca-novo-edital-para-eventual-compra-de-caixas-dagua-para-2023\/\" target=\"_blank\" rel=\"noopener\">Edital para aquisi\u00e7\u00e3o de caixas d&#8217;agua<\/a><\/p>\n<p><a href=\"http:\/\/www.idene.mg.gov.br\/site\/wp-content\/uploads\/2023\/07\/EDITAL_ANEXOS.pdf\" target=\"_blank\" rel=\"noopener\">Edital (12\/2021) completo, incluindo o Termo de Refer\u00eancia.<\/a><\/p>\n<iframe src=\"\/\/docs.google.com\/viewer?url=http%3A%2F%2Fwww.idene.mg.gov.br%2Fsite%2Fwp-content%2Fuploads%2F2023%2F07%2FEDITAL_ANEXOS.pdf&hl=pt_BR&embedded=true\" class=\"gde-frame\" style=\"width:100%; height:500px; border: none;\" scrolling=\"no\"><\/iframe>\n<p class=\"gde-text\"><a href=\"http:\/\/www.idene.mg.gov.br\/site\/wp-content\/uploads\/2023\/07\/EDITAL_ANEXOS.pdf\" class=\"gde-link\">Download (PDF, 594KB)<\/a><\/p>\n<p><strong>Mais informa\u00e7\u00f5es pelo e-mail:<\/strong> <a href=\"compras@idene.mg.gov.br\">compras@idene.mg.gov.br\u00a0\u00a0<\/a><\/p>\n<p>Telefone: (31)3915-5140<\/p>\n","protected":false},"excerpt":{"rendered":"<p>O Instituto de Desenvolvimento do Norte e Nordeste de Minas (Idene) torna p&uacute;blica a realiza&ccedil;&atilde;o de licita&ccedil;&atilde;o, na modalidade preg&atilde;o eletr&ocirc;nico, do tipo menor pre&ccedil;o, no modo disputa aberta, em sess&atilde;o no site www.compras.mg.gov.br A licita&ccedil;&atilde;o visa registro de pre&ccedil;os para eventual aquisi&ccedil;&atilde;o de caixas d&rsquo;&aacute;gua de polietileno. A sess&atilde;o de preg&atilde;o ter&aacute; in&iacute;cio no [&hellip;]<\/p>\n","protected":false},"author":1,"featured_media":0,"parent":0,"menu_order":0,"comment_status":"closed","ping_status":"closed","template":"","meta":{"kia_subtitle":"","_FSMCFIC_featured_image_caption":"","_FSMCFIC_featured_image_nocaption":"","_FSMCFIC_featured_image_hide":""},"_links":{"self":[{"href":"http:\/\/www.idene.mg.gov.br\/site\/wp-json\/wp\/v2\/pages\/86"}],"collection":[{"href":"http:\/\/www.idene.mg.gov.br\/site\/wp-json\/wp\/v2\/pages"}],"about":[{"href":"http:\/\/www.idene.mg.gov.br\/site\/wp-json\/wp\/v2\/types\/page"}],"author":[{"embeddable":true,"href":"http:\/\/www.idene.mg.gov.br\/site\/wp-json\/wp\/v2\/users\/1"}],"replies":[{"embeddable":true,"href":"http:\/\/www.idene.mg.gov.br\/site\/wp-json\/wp\/v2\/comments?post=86"}],"version-history":[{"count":4,"href":"http:\/\/www.idene.mg.gov.br\/site\/wp-json\/wp\/v2\/pages\/86\/revisions"}],"predecessor-version":[{"id":4851,"href":"http:\/\/www.idene.mg.gov.br\/site\/wp-json\/wp\/v2\/pages\/86\/revisions\/4851"}],"wp:attachment":[{"href":"http:\/\/www.idene.mg.gov.br\/site\/wp-json\/wp\/v2\/media?parent=86"}],"curies":[{"name":"wp","href":"https:\/\/api.w.org\/{rel}","templated":true}]}}