{"id":94,"date":"2013-06-24T16:16:06","date_gmt":"2013-06-24T16:16:06","guid":{"rendered":"http:\/\/www.idene.mg.gov.br\/site\/instrucoes-para-emissao-de-dae\/"},"modified":"2023-07-07T13:43:18","modified_gmt":"2023-07-07T16:43:18","slug":"instrucoes-para-emissao-de-dae","status":"publish","type":"page","link":"http:\/\/www.idene.mg.gov.br\/site\/instrucoes-para-emissao-de-dae\/","title":{"rendered":"Instru\u00e7\u00f5es para Emiss\u00e3o de DAE"},"content":{"rendered":"<p>Valor do servi\u00e7o: Gratuito.<br \/>\nEm caso de devolu\u00e7\u00e3o de saldo de conv\u00eanio, deve-se realizar a emiss\u00e3o do Documento de Arrecada\u00e7\u00e3o Estadual (DAE) no link abaixo.<br \/>\nVeja como proceder:<br \/>\n1 &#8211; Clicar em CNPJ<br \/>\n2 &#8211; Preencher a identifica\u00e7\u00e3o com o n\u00ba do CNPJ<br \/>\n3 &#8211; Escolher \u00d3rg\u00e3o: SECRETARIA DE ESTADO DE GOVERNO<br \/>\n4 &#8211; Escolher Servi\u00e7o: RECURSO TESOURO \u2013 RESTITUI\u00c7\u00d5ES DIVERSAS<br \/>\n5 &#8211; Clicar em Continuar<br \/>\n6 &#8211; Conferir os dados da tela ou preencher os dados faltosos, tais como:<br \/>\n&#8211; Nome;<br \/>\n&#8211; Per\u00edodo o qual dever\u00e1 sempre ser dentro do m\u00eas, por exemplo, 01.05.2008 a 31.05.2008;<br \/>\n&#8211; Valor a ser restitu\u00eddo<br \/>\n&#8211; Hist\u00f3rico o qual dever\u00e1 conter obrigatoriamente o n\u00ba do conv\u00eanio\/ano e o motivo simplificado, por exemplo, saldo de conv. ou contrapartida, atualiza\u00e7\u00e3o monet\u00e1ria, restitui\u00e7\u00e3o pela n\u00e3o-aplica\u00e7\u00e3o do recurso no objeto, dentre outros<br \/>\n7 &#8211; Clicar em Continuar<br \/>\n8 &#8211; Neste momento o sistema gerar\u00e1 um n\u00ba de DAE, por exemplo, 0400020304050<br \/>\n9 &#8211; Clicar em Emitir Guia<br \/>\n10 &#8211; Imprimir<br \/>\nVale ressaltar que dever\u00e3o ser enviados os Documentos de Arrecada\u00e7\u00e3o em original.<\/p>\n<p>&#8211; <a href=\"http:\/\/daeonline.fazenda.mg.gov.br\/DAEOnline\/indexOrgaoServico.jsp\" target=\"_blank\" rel=\"noopener\">Emiss\u00e3o do Documento de Arrecada\u00e7\u00e3o Estadual<\/a><\/p>\n","protected":false},"excerpt":{"rendered":"<p>Valor do servi&ccedil;o: Gratuito. Em caso de devolu&ccedil;&atilde;o de saldo de conv&ecirc;nio, deve-se realizar a emiss&atilde;o do Documento de Arrecada&ccedil;&atilde;o Estadual (DAE) no link abaixo. Veja como proceder: 1 &ndash; Clicar em CNPJ 2 &ndash; Preencher a identifica&ccedil;&atilde;o com o n&ordm; do CNPJ 3 &ndash; Escolher &Oacute;rg&atilde;o: SECRETARIA DE ESTADO DE GOVERNO 4 &ndash; Escolher [&hellip;]<\/p>\n","protected":false},"author":1,"featured_media":0,"parent":0,"menu_order":0,"comment_status":"closed","ping_status":"closed","template":"","meta":{"kia_subtitle":"","_FSMCFIC_featured_image_caption":"","_FSMCFIC_featured_image_nocaption":"","_FSMCFIC_featured_image_hide":""},"_links":{"self":[{"href":"http:\/\/www.idene.mg.gov.br\/site\/wp-json\/wp\/v2\/pages\/94"}],"collection":[{"href":"http:\/\/www.idene.mg.gov.br\/site\/wp-json\/wp\/v2\/pages"}],"about":[{"href":"http:\/\/www.idene.mg.gov.br\/site\/wp-json\/wp\/v2\/types\/page"}],"author":[{"embeddable":true,"href":"http:\/\/www.idene.mg.gov.br\/site\/wp-json\/wp\/v2\/users\/1"}],"replies":[{"embeddable":true,"href":"http:\/\/www.idene.mg.gov.br\/site\/wp-json\/wp\/v2\/comments?post=94"}],"version-history":[{"count":2,"href":"http:\/\/www.idene.mg.gov.br\/site\/wp-json\/wp\/v2\/pages\/94\/revisions"}],"predecessor-version":[{"id":4864,"href":"http:\/\/www.idene.mg.gov.br\/site\/wp-json\/wp\/v2\/pages\/94\/revisions\/4864"}],"wp:attachment":[{"href":"http:\/\/www.idene.mg.gov.br\/site\/wp-json\/wp\/v2\/media?parent=94"}],"curies":[{"name":"wp","href":"https:\/\/api.w.org\/{rel}","templated":true}]}}